{"id":77561,"date":"2025-01-07T14:07:59","date_gmt":"2025-01-07T13:07:59","guid":{"rendered":"https:\/\/vistiendobebes.com\/politica-de-privacidade\/"},"modified":"2025-01-07T14:07:59","modified_gmt":"2025-01-07T13:07:59","slug":"politica-de-privacidade","status":"publish","type":"page","link":"https:\/\/vistiendobebes.com\/pt-pt\/politica-de-privacidade\/","title":{"rendered":"Pol\u00edtica de privacidade"},"content":{"rendered":"<p>Documento revisto em 24\/05\/2018 Em cumprimento do Regulamento (UE) 2016\/679 do Parlamento Europeu e do Conselho, de 27 de abril de 2016, relativo \u00e0 prote\u00e7\u00e3o das pessoas singulares no que diz respeito ao tratamento de dados pessoais e \u00e0 livre circula\u00e7\u00e3o desses dados e que revoga a Diretiva 95\/46\/CE (doravante, RGPD), Vistiendo beb\u00e9 s.l. com o NIF: B46370334 , informa o Utilizador que \u00e9 titular de um ficheiro de dados de car\u00e1cter pessoal inscrito no R.G.P.D. (Registo Geral de Prote\u00e7\u00e3o de Dados), no qual se incorporam os teus dados e que s\u00e3o tratados com a finalidade de prestar os servi\u00e7os solicitados e enviar-te informa\u00e7\u00e3o sobre a nossa empresa que possa ser do teu interesse. O utilizador, ao assinalar a caixa, aceita expressa e livremente, de forma inequ\u00edvoca, que os seus dados pessoais sejam tratados pelo Prestador para as seguintes finalidades<\/p>\n<p>Envio do boletim informativo do s\u00edtio Web. Processamento de encomendas, pedidos ou qualquer tipo de solicita\u00e7\u00e3o efectuada pelo utilizador atrav\u00e9s de qualquer um dos meios de contacto disponibilizados no s\u00edtio Web. Envio de comunica\u00e7\u00f5es publicit\u00e1rias comerciais por correio eletr\u00f3nico relacionadas com produtos ou servi\u00e7os oferecidos pelo Prestador, bem como por colaboradores ou parceiros com os quais o Prestador tenha chegado a um acordo para a promo\u00e7\u00e3o comercial junto dos seus clientes. Neste caso, os terceiros nunca ter\u00e3o acesso aos dados pessoais.<br \/>\nEm qualquer caso, as comunica\u00e7\u00f5es comerciais ser\u00e3o efectuadas pelo Fornecedor e ser\u00e3o produtos e servi\u00e7os relacionados com o sector do Fornecedor. Realiza\u00e7\u00e3o de estudos estat\u00edsticos. Os dados solicitados atrav\u00e9s do s\u00edtio Web s\u00e3o obrigat\u00f3rios, uma vez que s\u00e3o necess\u00e1rios para a presta\u00e7\u00e3o de um servi\u00e7o \u00f3timo ao utilizador. No caso de n\u00e3o serem fornecidos todos os dados, o Fornecedor n\u00e3o garante que as informa\u00e7\u00f5es e os servi\u00e7os fornecidos sejam totalmente adaptados \u00e0s tuas necessidades. O utilizador \u00e9 o \u00fanico respons\u00e1vel pela veracidade e corre\u00e7\u00e3o dos dados enviados ao prestador, exonerando este \u00faltimo de qualquer responsabilidade a este respeito. O utilizador garante e \u00e9 respons\u00e1vel, em qualquer caso, pela exatid\u00e3o, validade e autenticidade dos dados pessoais fornecidos, comprometendo-se a mant\u00ea-los devidamente actualizados. O utilizador compromete-se a fornecer informa\u00e7\u00f5es completas e corretas no formul\u00e1rio de contacto ou de subscri\u00e7\u00e3o. Os utilizadores podem enviar as suas comunica\u00e7\u00f5es e exercer os seus direitos de acesso, retifica\u00e7\u00e3o, cancelamento e oposi\u00e7\u00e3o por correio para C\/ Cervantes, 115 &#8211; Ayora 46620, Val\u00eancia, ou por correio eletr\u00f3nico para: info@vistiendobebes.com, juntamente com um comprovativo legal v\u00e1lido, como uma fotoc\u00f3pia do seu Bilhete de Identidade Nacional ou equivalente, indicando &#8220;Prote\u00e7\u00e3o de Dados&#8221; na linha de assunto. Da mesma forma, o utilizador pode cancelar a subscri\u00e7\u00e3o de qualquer um dos servi\u00e7os de subscri\u00e7\u00e3o prestados, clicando na sec\u00e7\u00e3o de cancelamento de subscri\u00e7\u00e3o de todas as mensagens de correio eletr\u00f3nico enviadas pelo fornecedor. Se receberes essas mensagens, ter\u00e1s dado a tua autoriza\u00e7\u00e3o pr\u00e9via, uma vez que o prestador n\u00e3o pratica SPAM. O prestador adoptou todas as medidas t\u00e9cnicas e organizativas necess\u00e1rias para garantir a seguran\u00e7a e a integridade dos dados pessoais que trata, bem como para evitar a sua perda, altera\u00e7\u00e3o e\/ou acesso por parte de terceiros n\u00e3o autorizados.<\/p>\n<p>O Prestador reserva-se o direito de alterar a presente pol\u00edtica para a adaptar \u00e0 nova legisla\u00e7\u00e3o ou jurisprud\u00eancia, bem como \u00e0s pr\u00e1ticas do sector. Nesses casos, o Prestador anunciar\u00e1 nesta p\u00e1gina as altera\u00e7\u00f5es introduzidas com uma anteced\u00eancia razo\u00e1vel em rela\u00e7\u00e3o \u00e0 sua implementa\u00e7\u00e3o. <\/p>\n","protected":false},"excerpt":{"rendered":"<p>Documento revisto em 24\/05\/2018 Em cumprimento do Regulamento (UE) 2016\/679 do Parlamento Europeu e do Conselho, de 27 de abril<\/p>\n","protected":false},"author":2,"featured_media":0,"parent":0,"menu_order":0,"comment_status":"closed","ping_status":"closed","template":"","meta":{"footnotes":""},"class_list":["post-77561","page","type-page","status-publish","hentry"],"yoast_head":"<!-- This site is optimized with the Yoast SEO plugin v27.5 - https:\/\/yoast.com\/product\/yoast-seo-wordpress\/ -->\n<title>Pol\u00edtica de privacidade - Juliana Vistiendo Beb\u00e9s<\/title>\n<meta name=\"robots\" content=\"index, follow, max-snippet:-1, max-image-preview:large, max-video-preview:-1\" \/>\n<link rel=\"canonical\" href=\"https:\/\/vistiendobebes.com\/pt-pt\/politica-de-privacidade\/\" \/>\n<meta property=\"og:locale\" content=\"pt_PT\" \/>\n<meta property=\"og:type\" content=\"article\" \/>\n<meta property=\"og:title\" content=\"Pol\u00edtica de privacidade - Juliana Vistiendo Beb\u00e9s\" \/>\n<meta property=\"og:description\" content=\"Documento revisto em 24\/05\/2018 Em cumprimento do Regulamento (UE) 2016\/679 do Parlamento Europeu e do Conselho, de 27 de abril\" \/>\n<meta property=\"og:url\" content=\"https:\/\/vistiendobebes.com\/pt-pt\/politica-de-privacidade\/\" \/>\n<meta property=\"og:site_name\" content=\"Juliana Vistiendo Beb\u00e9s\" \/>\n<meta property=\"article:publisher\" content=\"https:\/\/www.facebook.com\/julianavistiendobebes\" \/>\n<meta name=\"twitter:card\" content=\"summary_large_image\" \/>\n<meta name=\"twitter:label1\" content=\"Tempo estimado de leitura\" \/>\n\t<meta name=\"twitter:data1\" content=\"3 minutos\" \/>\n<script type=\"application\/ld+json\" class=\"yoast-schema-graph\">{\"@context\":\"https:\\\/\\\/schema.org\",\"@graph\":[{\"@type\":\"WebPage\",\"@id\":\"https:\\\/\\\/vistiendobebes.com\\\/pt-pt\\\/politica-de-privacidade\\\/\",\"url\":\"https:\\\/\\\/vistiendobebes.com\\\/pt-pt\\\/politica-de-privacidade\\\/\",\"name\":\"Pol\u00edtica de privacidade - Juliana Vistiendo Beb\u00e9s\",\"isPartOf\":{\"@id\":\"https:\\\/\\\/vistiendobebes.com\\\/pt-pt\\\/#website\"},\"datePublished\":\"2025-01-07T13:07:59+00:00\",\"breadcrumb\":{\"@id\":\"https:\\\/\\\/vistiendobebes.com\\\/pt-pt\\\/politica-de-privacidade\\\/#breadcrumb\"},\"inLanguage\":\"pt-PT\",\"potentialAction\":[{\"@type\":\"ReadAction\",\"target\":[\"https:\\\/\\\/vistiendobebes.com\\\/pt-pt\\\/politica-de-privacidade\\\/\"]}]},{\"@type\":\"BreadcrumbList\",\"@id\":\"https:\\\/\\\/vistiendobebes.com\\\/pt-pt\\\/politica-de-privacidade\\\/#breadcrumb\",\"itemListElement\":[{\"@type\":\"ListItem\",\"position\":1,\"name\":\"Portada\",\"item\":\"https:\\\/\\\/vistiendobebes.com\\\/pt-pt\\\/\"},{\"@type\":\"ListItem\",\"position\":2,\"name\":\"Pol\u00edtica de privacidade\"}]},{\"@type\":\"WebSite\",\"@id\":\"https:\\\/\\\/vistiendobebes.com\\\/pt-pt\\\/#website\",\"url\":\"https:\\\/\\\/vistiendobebes.com\\\/pt-pt\\\/\",\"name\":\"Juliana Vistiendo Beb\u00e9s\",\"description\":\"Marca de moda infantil\",\"publisher\":{\"@id\":\"https:\\\/\\\/vistiendobebes.com\\\/pt-pt\\\/#organization\"},\"potentialAction\":[{\"@type\":\"SearchAction\",\"target\":{\"@type\":\"EntryPoint\",\"urlTemplate\":\"https:\\\/\\\/vistiendobebes.com\\\/pt-pt\\\/?s={search_term_string}\"},\"query-input\":{\"@type\":\"PropertyValueSpecification\",\"valueRequired\":true,\"valueName\":\"search_term_string\"}}],\"inLanguage\":\"pt-PT\"},{\"@type\":\"Organization\",\"@id\":\"https:\\\/\\\/vistiendobebes.com\\\/pt-pt\\\/#organization\",\"name\":\"Juliana, Vistiendo Beb\u00e9s\",\"url\":\"https:\\\/\\\/vistiendobebes.com\\\/pt-pt\\\/\",\"logo\":{\"@type\":\"ImageObject\",\"inLanguage\":\"pt-PT\",\"@id\":\"https:\\\/\\\/vistiendobebes.com\\\/pt-pt\\\/#\\\/schema\\\/logo\\\/image\\\/\",\"url\":\"https:\\\/\\\/vistiendobebes.com\\\/wp-content\\\/uploads\\\/2021\\\/07\\\/marca-juliana.png\",\"contentUrl\":\"https:\\\/\\\/vistiendobebes.com\\\/wp-content\\\/uploads\\\/2021\\\/07\\\/marca-juliana.png\",\"width\":909,\"height\":907,\"caption\":\"Juliana, Vistiendo Beb\u00e9s\"},\"image\":{\"@id\":\"https:\\\/\\\/vistiendobebes.com\\\/pt-pt\\\/#\\\/schema\\\/logo\\\/image\\\/\"},\"sameAs\":[\"https:\\\/\\\/www.facebook.com\\\/julianavistiendobebes\",\"https:\\\/\\\/www.instagram.com\\\/julianavistiendobebes\\\/\",\"https:\\\/\\\/www.youtube.com\\\/channel\\\/UCHaSPwnyKbcQ1Ppzf2roteA\"]}]}<\/script>\n<!-- \/ Yoast SEO plugin. -->","yoast_head_json":{"title":"Pol\u00edtica de privacidade - Juliana Vistiendo Beb\u00e9s","robots":{"index":"index","follow":"follow","max-snippet":"max-snippet:-1","max-image-preview":"max-image-preview:large","max-video-preview":"max-video-preview:-1"},"canonical":"https:\/\/vistiendobebes.com\/pt-pt\/politica-de-privacidade\/","og_locale":"pt_PT","og_type":"article","og_title":"Pol\u00edtica de privacidade - Juliana Vistiendo Beb\u00e9s","og_description":"Documento revisto em 24\/05\/2018 Em cumprimento do Regulamento (UE) 2016\/679 do Parlamento Europeu e do Conselho, de 27 de abril","og_url":"https:\/\/vistiendobebes.com\/pt-pt\/politica-de-privacidade\/","og_site_name":"Juliana Vistiendo Beb\u00e9s","article_publisher":"https:\/\/www.facebook.com\/julianavistiendobebes","twitter_card":"summary_large_image","twitter_misc":{"Tempo estimado de leitura":"3 minutos"},"schema":{"@context":"https:\/\/schema.org","@graph":[{"@type":"WebPage","@id":"https:\/\/vistiendobebes.com\/pt-pt\/politica-de-privacidade\/","url":"https:\/\/vistiendobebes.com\/pt-pt\/politica-de-privacidade\/","name":"Pol\u00edtica de privacidade - Juliana Vistiendo Beb\u00e9s","isPartOf":{"@id":"https:\/\/vistiendobebes.com\/pt-pt\/#website"},"datePublished":"2025-01-07T13:07:59+00:00","breadcrumb":{"@id":"https:\/\/vistiendobebes.com\/pt-pt\/politica-de-privacidade\/#breadcrumb"},"inLanguage":"pt-PT","potentialAction":[{"@type":"ReadAction","target":["https:\/\/vistiendobebes.com\/pt-pt\/politica-de-privacidade\/"]}]},{"@type":"BreadcrumbList","@id":"https:\/\/vistiendobebes.com\/pt-pt\/politica-de-privacidade\/#breadcrumb","itemListElement":[{"@type":"ListItem","position":1,"name":"Portada","item":"https:\/\/vistiendobebes.com\/pt-pt\/"},{"@type":"ListItem","position":2,"name":"Pol\u00edtica de privacidade"}]},{"@type":"WebSite","@id":"https:\/\/vistiendobebes.com\/pt-pt\/#website","url":"https:\/\/vistiendobebes.com\/pt-pt\/","name":"Juliana Vistiendo Beb\u00e9s","description":"Marca de moda infantil","publisher":{"@id":"https:\/\/vistiendobebes.com\/pt-pt\/#organization"},"potentialAction":[{"@type":"SearchAction","target":{"@type":"EntryPoint","urlTemplate":"https:\/\/vistiendobebes.com\/pt-pt\/?s={search_term_string}"},"query-input":{"@type":"PropertyValueSpecification","valueRequired":true,"valueName":"search_term_string"}}],"inLanguage":"pt-PT"},{"@type":"Organization","@id":"https:\/\/vistiendobebes.com\/pt-pt\/#organization","name":"Juliana, Vistiendo Beb\u00e9s","url":"https:\/\/vistiendobebes.com\/pt-pt\/","logo":{"@type":"ImageObject","inLanguage":"pt-PT","@id":"https:\/\/vistiendobebes.com\/pt-pt\/#\/schema\/logo\/image\/","url":"https:\/\/vistiendobebes.com\/wp-content\/uploads\/2021\/07\/marca-juliana.png","contentUrl":"https:\/\/vistiendobebes.com\/wp-content\/uploads\/2021\/07\/marca-juliana.png","width":909,"height":907,"caption":"Juliana, Vistiendo Beb\u00e9s"},"image":{"@id":"https:\/\/vistiendobebes.com\/pt-pt\/#\/schema\/logo\/image\/"},"sameAs":["https:\/\/www.facebook.com\/julianavistiendobebes","https:\/\/www.instagram.com\/julianavistiendobebes\/","https:\/\/www.youtube.com\/channel\/UCHaSPwnyKbcQ1Ppzf2roteA"]}]}},"_links":{"self":[{"href":"https:\/\/vistiendobebes.com\/pt-pt\/wp-json\/wp\/v2\/pages\/77561","targetHints":{"allow":["GET"]}}],"collection":[{"href":"https:\/\/vistiendobebes.com\/pt-pt\/wp-json\/wp\/v2\/pages"}],"about":[{"href":"https:\/\/vistiendobebes.com\/pt-pt\/wp-json\/wp\/v2\/types\/page"}],"author":[{"embeddable":true,"href":"https:\/\/vistiendobebes.com\/pt-pt\/wp-json\/wp\/v2\/users\/2"}],"replies":[{"embeddable":true,"href":"https:\/\/vistiendobebes.com\/pt-pt\/wp-json\/wp\/v2\/comments?post=77561"}],"version-history":[{"count":0,"href":"https:\/\/vistiendobebes.com\/pt-pt\/wp-json\/wp\/v2\/pages\/77561\/revisions"}],"wp:attachment":[{"href":"https:\/\/vistiendobebes.com\/pt-pt\/wp-json\/wp\/v2\/media?parent=77561"}],"curies":[{"name":"wp","href":"https:\/\/api.w.org\/{rel}","templated":true}]}}