{"id":67527,"date":"2024-10-16T17:03:46","date_gmt":"2024-10-16T15:03:46","guid":{"rendered":"https:\/\/vistiendobebes.com\/roupa-36-meses-a-6-anos\/"},"modified":"2024-10-16T17:03:49","modified_gmt":"2024-10-16T15:03:49","slug":"roupa-36-meses-a-6-anos","status":"publish","type":"page","link":"https:\/\/vistiendobebes.com\/pt-pt\/roupa-36-meses-a-6-anos\/","title":{"rendered":"Roupa 36 meses a 6 anos"},"content":{"rendered":"<div class=\"wpb-content-wrapper\"><p>[vc_row full_width=&#8221;stretch_row_content&#8221; content_placement=&#8221;middle&#8221; woodmart_bg_position=&#8221;center-top&#8221; row_reverse_mobile=&#8221;1&#8243; row_reverse_tablet=&#8221;1&#8243; css=&#8221;.vc_custom_1727888621601{margin-bottom: -1px !important;border-top-width: 14px !important;border-right-width: 14px !important;border-left-width: 14px !important;padding-top: 120px !important;background-color: #ffffff !important;background-position: center !important;background-repeat: no-repeat !important;background-size: cover !important;border-left-color: #ffffff !important;border-left-style: solid !important;border-right-color: #ffffff !important;border-right-style: solid !important;border-top-color: #ffffff !important;border-top-style: solid !important;}&#8221; mobile_bg_img_hidden=&#8221;no&#8221; woodmart_parallax=&#8221;0&#8243; woodmart_gradient_switch=&#8221;no&#8221; woodmart_disable_overflow=&#8221;0&#8243; woodmart_css_id=&#8221;66fd7cd65be98&#8243; responsive_spacing=&#8221;eyJwYXJhbV90eXBlIjoid29vZG1hcnRfcmVzcG9uc2l2ZV9zcGFjaW5nIiwic2VsZWN0b3JfaWQiOiI2NmZkN2NkNjViZTk4Iiwic2hvcnRjb2RlIjoidmNfcm93IiwiZGF0YSI6eyJ0YWJsZXQiOnt9LCJtb2JpbGUiOnt9fX0=&#8221; tablet_bg_img_hidden=&#8221;no&#8221; woodmart_box_shadow=&#8221;no&#8221; wd_z_index=&#8221;no&#8221;][vc_column css=&#8221;.vc_custom_1628864879155{margin-bottom: 40px !important;padding-top: 0px !important;padding-right: 15% !important;padding-left: 15% !important;}&#8221; offset=&#8221;vc_col-lg-6 vc_col-md-6 vc_col-xs-12&#8243; woodmart_css_id=&#8221;61168168ece5f&#8221; responsive_spacing=&#8221;eyJwYXJhbV90eXBlIjoid29vZG1hcnRfcmVzcG9uc2l2ZV9zcGFjaW5nIiwic2VsZWN0b3JfaWQiOiI2MTE2ODE2OGVjZTVmIiwic2hvcnRjb2RlIjoidmNfY29sdW1uIiwiZGF0YSI6eyJ0YWJsZXQiOnt9LCJtb2JpbGUiOnsicGFkZGluZy1yaWdodCI6IjMwIiwicGFkZGluZy1sZWZ0IjoiMzAifX19&#8243; parallax_scroll=&#8221;no&#8221; mobile_bg_img_hidden=&#8221;no&#8221; tablet_bg_img_hidden=&#8221;no&#8221; woodmart_parallax=&#8221;0&#8243; woodmart_sticky_column=&#8221;false&#8221; mobile_reset_margin=&#8221;no&#8221; tablet_reset_margin=&#8221;no&#8221; wd_z_index=&#8221;no&#8221;]\n\t\t<div id=\"wd-670fc6f57360b\" class=\"title-wrapper wd-wpb wd-set-mb reset-last-child  wd-rs-670fc6f57360b wd-title-color-default wd-title-style-default text-left vc_custom_1729087227602 wd-width-custom wd-underline-colored\">\n\t\t\t\t\t\t\t\n\t\t\t\t<div class=\"title-subtitle  subtitle-color-default font-default subtitle-style-default wd-font-weight- wd-fontsize-xs\">Juliana<\/div>\n\t\t\t\n\t\t\t<div class=\"liner-continer\">\n\t\t\t\t<h1 class=\"woodmart-title-container title  wd-font-weight-400 wd-fontsize-l\" >Roupa de 3 anos (36 meses) a 6 anos<\/h1>\n\t\t\t\t\t\t\t<\/div>\n\t\t\t\n\t\t\t\n\t\t\t\n\t\t<\/div>\n\t\t\n\t\t\t\t<div id=\"wd-6704e992e5b46\" class=\"wd-text-block wd-wpb reset-last-child wd-rs-6704e992e5b46 hidden-xs text-left wd-fontsize-custom vc_custom_1728375300580\">\n\t\t\t<p>Roupa de crian\u00e7a para vestir os mais pequenos. Roupa dos 36 meses aos 6 anos. Vestidos, saias, babetes, cal\u00e7as e pe\u00e7as macias e confort\u00e1veis confeccionadas pelas nossas costureiras tendo em conta at\u00e9 o mais pequeno pormenor.<\/p>\n\t\t<\/div>\n\t\t<div id=\"wd-66fd7c577ee76\" class=\" wd-rs-66fd7c577ee76  wd-button-wrapper text-center inline-element\"><a href=\"https:\/\/vistiendobebes.com\/pt-pt\/lookbook\/\" title=\"Lookbook\" target=\"_blank\" rel=\"nofollow\" style=\"--btn-color:#333;--btn-color-hover:#333;\" class=\"btn btn-style-bordered btn-shape-semi-round btn-size-default\">Ver colec\u00e7\u00f5es<\/a><\/div>[\/vc_column][vc_column offset=&#8221;vc_col-lg-6 vc_col-md-6 vc_col-xs-12&#8243; mobile_bg_img_hidden=&#8221;no&#8221; woodmart_parallax=&#8221;0&#8243; woodmart_sticky_column=&#8221;false&#8221; parallax_scroll=&#8221;no&#8221; mobile_reset_margin=&#8221;no&#8221; tablet_reset_margin=&#8221;no&#8221;]\t\t<div id=\"wd-6704ea0954620\" data-parallax='{\"y\":\"-70\",\"smoothness\":\"30\"}' class=\"wd-image wd-wpb wd-rs-6704ea0954620 text-center vc_custom_1728375627944\">\n\t\t\t\n\t\t\t<img loading=\"lazy\" decoding=\"async\" width=\"1000\" height=\"1000\" src=\"https:\/\/vistiendobebes.com\/wp-content\/uploads\/2024\/10\/Juliana_SS22_20591_v1.jpg\" class=\"attachment-full size-full\" alt=\"Ropa 36 meses hasta los 6 a\u00f1os\" srcset=\"https:\/\/vistiendobebes.com\/wp-content\/uploads\/2024\/10\/Juliana_SS22_20591_v1.jpg 1000w, https:\/\/vistiendobebes.com\/wp-content\/uploads\/2024\/10\/Juliana_SS22_20591_v1-300x300.jpg 300w, https:\/\/vistiendobebes.com\/wp-content\/uploads\/2024\/10\/Juliana_SS22_20591_v1-150x150.jpg 150w, https:\/\/vistiendobebes.com\/wp-content\/uploads\/2024\/10\/Juliana_SS22_20591_v1-768x768.jpg 768w\" sizes=\"auto, (max-width: 1000px) 100vw, 1000px\" \/>\n\t\t\t\t\t<\/div>\n\t\t[\/vc_column][\/vc_row][vc_row][vc_column][vc_column_text woodmart_inline=&#8221;no&#8221; text_larger=&#8221;no&#8221;]<\/p>\n<h2><span lang=\"es-419\">Roupa para rapazes e raparigas dos 3 aos 6 anos de idade<\/span><\/h2>\n<p>Na Juliana, sabemos como \u00e9 importante oferecer roupa confort\u00e1vel, duradoura e com estilo para os mais pequenos da tua casa. \u00c0 medida que o teu menino ou menina cresce, a sua roupa deve acompanh\u00e1-lo em todas as aventuras, para que possa mover-se livremente sem perder o estilo. Descobre as nossas colec\u00e7\u00f5es de roupa para meninos e meninas dos 3 aos 6 anos, ideais para qualquer ocasi\u00e3o.[\/vc_column_text][\/vc_column][\/vc_row][vc_row][vc_column][vc_column_text css=&#8221;&#8221; woodmart_inline=&#8221;no&#8221; text_larger=&#8221;no&#8221;]<\/p>\n<div class=\"flex-shrink-0 flex flex-col relative items-end\">\n<div>\n<div class=\"pt-0\">\n<div class=\"gizmo-bot-avatar flex h-8 w-8 items-center justify-center overflow-hidden rounded-full\">\n<div class=\"relative p-1 rounded-sm flex items-center justify-center bg-token-main-surface-primary text-token-text-primary h-8 w-8\"><strong>Roupa para acompanhar o teu pequeno a cada passo<\/strong><\/div>\n<\/div>\n<\/div>\n<\/div>\n<\/div>\n<div class=\"group\/conversation-turn relative flex w-full min-w-0 flex-col agent-turn\">\n<div class=\"flex-col gap-1 md:gap-3\">\n<div class=\"flex max-w-full flex-col flex-grow\">\n<div class=\"min-h-8 text-message flex w-full flex-col items-end gap-2 whitespace-normal break-words [.text-message+&amp;]:mt-5\" dir=\"auto\" data-message-author-role=\"assistant\" data-message-id=\"9e638aa2-3295-4517-819c-bcd2b785b6a5\">\n<div class=\"flex w-full flex-col gap-1 empty:hidden first:pt-[3px]\">\n<div class=\"markdown prose w-full break-words dark:prose-invert light\">\n<p>Entre os 3 e os 6 anos, as crian\u00e7as vivem uma etapa de grande desenvolvimento e curiosidade, onde exploram o mundo com entusiasmo. Em Vistiendobebes.com, oferecemos-te uma sele\u00e7\u00e3o de roupa para meninos e meninas dos 36 meses aos 6 anos, pensada para lhes dar a liberdade de se moverem confortavelmente e desfrutarem de cada aventura. Os nossos tecidos, como o algod\u00e3o org\u00e2nico e os materiais macios, garantem o m\u00e1ximo conforto e prote\u00e7\u00e3o para a sua pele delicada.<br \/>\nE <strong>stilo e conforto em cada pe\u00e7a<\/strong> Sabemos que, \u00e0 medida que crescem, os teus pequenos precisam de roupas dur\u00e1veis, mas tamb\u00e9m confort\u00e1veis. \u00c9 por isso que as nossas colec\u00e7\u00f5es foram concebidas para se adaptarem ao seu ritmo de vida, com modelos pr\u00e1ticos e modernos que os manter\u00e3o prontos para as brincadeiras e ocasi\u00f5es especiais. Desde roupas casuais a pe\u00e7as mais elegantes, temos tudo o que o teu menino ou menina precisa para estar sempre confort\u00e1vel e bem vestido. Com mais de 30 anos de experi\u00eancia, em Vistiendobebes.com orgulhamo-nos de criar roupas que n\u00e3o s\u00f3 satisfazem as necessidades das crian\u00e7as, mas tamb\u00e9m seguem as \u00faltimas tend\u00eancias. As nossas colec\u00e7\u00f5es s\u00e3o a escolha ideal para os pais que procuram qualidade, estilo e durabilidade em cada pe\u00e7a.<br \/>\nR <strong>oupa macia e dur\u00e1vel para todas as ocasi\u00f5es<\/strong> Descobre os nossos conjuntos para crian\u00e7as activas, feitos de tecidos macios e dur\u00e1veis que s\u00e3o perfeitos para o dia a dia, bem como pe\u00e7as mais formais para ocasi\u00f5es especiais. Seja qual for a ocasi\u00e3o, o nosso vestu\u00e1rio para rapazes e raparigas dos 3 aos 6 anos de idade adapta-se \u00e0s suas necessidades e garante o m\u00e1ximo conforto.  <\/p>\n<h2>Roupa de crian\u00e7a para crian\u00e7as dos 3 aos 4 anos: moda que cresce com elas<\/h2>\n<p>\u00c0 medida que as crian\u00e7as crescem, as suas roupas devem adaptar-se \u00e0s suas necessidades em constante mudan\u00e7a. Na Juliana oferecemos roupa para crian\u00e7as dos 3 aos 4 anos, pensada para as acompanhar em cada passo do seu desenvolvimento. &#8211; Roupa c\u00f3moda e funcional: Desenhos com tecidos suaves, costuras refor\u00e7adas e estilos modernos que permitem brincar livremente. &#8211; F\u00e1cil de vestir e despir: Ideal para os mais pequenos que est\u00e3o a aprender a vestir-se sozinhos, as nossas pe\u00e7as s\u00e3o concebidas com detalhes pr\u00e1ticos que facilitam o dia a dia. <\/p>\n<h2>Roupa para crian\u00e7as dos 5 aos 6 anos: Prepara-te para a aventura<\/h2>\n<p>Quando as crian\u00e7as atingem os 5 ou 6 anos, a roupa tem de ser ainda mais resistente para suportar a sua energia sem limites. Na Juliana, temos roupas pensadas para os 5-6 anos que combinam durabilidade e estilo, para que possas brincar sem preocupa\u00e7\u00f5es. &#8211; Roupa dur\u00e1vel e confort\u00e1vel: cal\u00e7as de cintura ajust\u00e1vel, t-shirts respir\u00e1veis e casacos leves para qualquer clima. &#8211; Desenhos divertidos e apelativos: Roupa com estilo, com cores vibrantes e estampados que eles v\u00e3o adorar. <\/p>\n<\/div>\n<\/div>\n<\/div>\n<\/div>\n<\/div>\n<\/div>\n<p>[\/vc_column_text][vc_video link=&#8221;https:\/\/www.youtube.com\/watch?v=a6iJoMRT110&#8243; align=&#8221;center&#8221; woodmart_css_id=&#8221;6704eb563d03e&#8221; image_poster_switch=&#8221;no&#8221;][\/vc_column][\/vc_row][vc_row][vc_column width=&#8221;1\/4&#8243;][vc_column_text css=&#8221;&#8221; woodmart_inline=&#8221;no&#8221; text_larger=&#8221;no&#8221;]<\/p>\n<h2><span lang=\"es-419\">Roupa de menina 3 anos: Conforto e estilo para todos os dias<\/span><\/h2>\n<p>Na Juliana, sabemos que as crian\u00e7as de 4 anos s\u00e3o cheias de energia e precisam de roupa que resista a todas as suas aventuras. A nossa cole\u00e7\u00e3o de roupa para crian\u00e7as de 4 anos oferece a combina\u00e7\u00e3o perfeita de estilo e funcionalidade, para que o teu pequeno esteja sempre confort\u00e1vel e bem vestido. &#8211; Roupa f\u00e1cil de cuidar: Materiais dur\u00e1veis e lav\u00e1veis que resistem ao desgaste di\u00e1rio, mantendo-se suaves e com estilo. &#8211; Desenhos divertidos: T-shirts com estampados originais, cal\u00e7as confort\u00e1veis e conjuntos concebidos para tornar o vestir divertido.[\/vc_column_text][\/vc_column][vc_column width=&#8221;1\/4&#8243;][vc_column_text css=&#8221;&#8221; woodmart_inline=&#8221;no&#8221; text_larger=&#8221;no&#8221;]<\/p>\n<h2><span lang=\"es-419\">Roupa de menina 4 anos: liberdade e divers\u00e3o em cada pe\u00e7a<\/span><\/h2>\n<p>Na Juliana, sabemos que as crian\u00e7as de 4 anos s\u00e3o cheias de energia e precisam de roupa que resista a todas as suas aventuras. A nossa cole\u00e7\u00e3o de roupa para crian\u00e7as de 4 anos oferece a combina\u00e7\u00e3o perfeita de estilo e funcionalidade, para que o teu pequeno esteja sempre confort\u00e1vel e bem vestido. &#8211; Roupa f\u00e1cil de cuidar: Materiais dur\u00e1veis e lav\u00e1veis que resistem ao desgaste di\u00e1rio, mantendo-se suaves e com estilo. &#8211; Desenhos divertidos: T-shirts com estampados originais, cal\u00e7as confort\u00e1veis e conjuntos concebidos para tornar o vestir divertido.[\/vc_column_text][\/vc_column][vc_column width=&#8221;1\/4&#8243;][vc_column_text css=&#8221;&#8221; woodmart_inline=&#8221;no&#8221; text_larger=&#8221;no&#8221;]<\/p>\n<h2><span lang=\"es-419\">Roupa para crian\u00e7as de 4 anos: Diverte-te com estilo<\/span><\/h2>\n<p>Na Juliana, sabemos que as crian\u00e7as de 4 anos s\u00e3o cheias de energia e precisam de roupa que resista a todas as suas aventuras. A nossa cole\u00e7\u00e3o de roupa para crian\u00e7as de 4 anos oferece a combina\u00e7\u00e3o perfeita de estilo e funcionalidade, para que o teu pequeno esteja sempre confort\u00e1vel e bem vestido. &#8211; Roupa f\u00e1cil de cuidar: Materiais dur\u00e1veis e lav\u00e1veis que resistem ao desgaste di\u00e1rio, mantendo-se suaves e com estilo. &#8211; Desenhos divertidos: T-shirts com estampados originais, cal\u00e7as confort\u00e1veis e conjuntos concebidos para tornar o vestir divertido.[\/vc_column_text][\/vc_column][vc_column width=&#8221;1\/4&#8243;][vc_column_text css=&#8221;&#8221; woodmart_inline=&#8221;no&#8221; text_larger=&#8221;no&#8221;]<\/p>\n<h2><span lang=\"es-419\">Roupa para crian\u00e7as de 5 anos: Pronto para a a\u00e7\u00e3o<\/span><\/h2>\n<p>Aos 5 anos, o teu pequeno est\u00e1 cheio de energia e precisa de roupa que lhe permita desfrutar de cada momento. Na Juliana, temos roupa para crian\u00e7as de 5 anos que se adapta ao seu estilo de vida ativo, sem renunciar ao estilo e ao conforto. &#8211; Conjuntos funcionais: cal\u00e7as resistentes e tops respir\u00e1veis, perfeitos para correr, saltar e brincar sem restri\u00e7\u00f5es. &#8211; Designs para todas as esta\u00e7\u00f5es: desde casacos leves a t-shirts de manga curta, temos tudo o que precisas para manter o teu filho preparado para qualquer clima.[\/vc_column_text][\/vc_column][\/vc_row][vc_row][vc_column][vc_column_text css=&#8221;&#8221; woodmart_inline=&#8221;no&#8221; text_larger=&#8221;no&#8221;]<\/p>\n<h2>Compra roupa para meninos e meninas dos 3 aos 6 anos na Juliana<\/h2>\n<p>Na Juliana, encontrar\u00e1s a melhor sele\u00e7\u00e3o de roupa para meninos e meninas dos 3 aos 6 anos. Desenhamos cada pe\u00e7a a pensar no conforto, na durabilidade e no estilo que necessitam nesta fase t\u00e3o ativa das suas vidas. Oferecemos roupa para todas as ocasi\u00f5es, desde os dias de brincadeira at\u00e9 aos momentos mais especiais. N\u00e3o esperes mais, explora as nossas colec\u00e7\u00f5es e veste o teu beb\u00e9 com o melhor.[\/vc_column_text][\/vc_column][\/vc_row]<\/p>\n<\/div>","protected":false},"excerpt":{"rendered":"<p>[vc_row full_width=&#8221;stretch_row_content&#8221; content_placement=&#8221;middle&#8221; woodmart_bg_position=&#8221;center-top&#8221; row_reverse_mobile=&#8221;1&#8243; row_reverse_tablet=&#8221;1&#8243; css=&#8221;.vc_custom_1727888621601{margin-bottom: -1px !important;border-top-width: 14px !important;border-right-width: 14px !important;border-left-width: 14px !important;padding-top: 120px !important;background-color: #ffffff !important;background-position: center<\/p>\n","protected":false},"author":2,"featured_media":0,"parent":0,"menu_order":0,"comment_status":"closed","ping_status":"closed","template":"","meta":{"footnotes":""},"class_list":["post-67527","page","type-page","status-publish","hentry"],"yoast_head":"<!-- This site is optimized with the Yoast SEO plugin v27.3 - https:\/\/yoast.com\/product\/yoast-seo-wordpress\/ -->\n<title>Roupa 3 anos (36 meses) a 6 anos | Juliana<\/title>\n<meta name=\"description\" content=\"Roupa 3 anos (36 meses) - 6 anos: Roupa de menina 3 anos, Roupa de menina 4 anos, Roupa de menino 5 anos, 4 anos e muito mais. Juliana, roupa de qualidade para o teu pequeno \u2764\ufe0f\" \/>\n<meta name=\"robots\" content=\"index, follow, max-snippet:-1, max-image-preview:large, max-video-preview:-1\" \/>\n<link rel=\"canonical\" href=\"https:\/\/vistiendobebes.com\/pt-pt\/roupa-36-meses-a-6-anos\/\" \/>\n<meta property=\"og:locale\" content=\"pt_PT\" \/>\n<meta property=\"og:type\" content=\"article\" \/>\n<meta property=\"og:title\" content=\"Roupa 3 anos (36 meses) a 6 anos | Juliana\" \/>\n<meta property=\"og:description\" content=\"Roupa 3 anos (36 meses) - 6 anos: Roupa de menina 3 anos, Roupa de menina 4 anos, Roupa de menino 5 anos, 4 anos e muito mais. Juliana, roupa de qualidade para o teu pequeno \u2764\ufe0f\" \/>\n<meta property=\"og:url\" content=\"https:\/\/vistiendobebes.com\/pt-pt\/roupa-36-meses-a-6-anos\/\" \/>\n<meta property=\"og:site_name\" content=\"Juliana Vistiendo Beb\u00e9s\" \/>\n<meta property=\"article:publisher\" content=\"https:\/\/www.facebook.com\/julianavistiendobebes\" \/>\n<meta property=\"article:modified_time\" content=\"2024-10-16T15:03:49+00:00\" \/>\n<meta name=\"twitter:card\" content=\"summary_large_image\" \/>\n<meta name=\"twitter:label1\" content=\"Tempo estimado de leitura\" \/>\n\t<meta name=\"twitter:data1\" content=\"11 minutos\" \/>\n<script type=\"application\/ld+json\" class=\"yoast-schema-graph\">{\"@context\":\"https:\\\/\\\/schema.org\",\"@graph\":[{\"@type\":\"WebPage\",\"@id\":\"https:\\\/\\\/vistiendobebes.com\\\/pt-pt\\\/roupa-36-meses-a-6-anos\\\/\",\"url\":\"https:\\\/\\\/vistiendobebes.com\\\/pt-pt\\\/roupa-36-meses-a-6-anos\\\/\",\"name\":\"Roupa 3 anos (36 meses) a 6 anos | Juliana\",\"isPartOf\":{\"@id\":\"https:\\\/\\\/vistiendobebes.com\\\/pt-pt\\\/#website\"},\"datePublished\":\"2024-10-16T15:03:46+00:00\",\"dateModified\":\"2024-10-16T15:03:49+00:00\",\"description\":\"Roupa 3 anos (36 meses) - 6 anos: Roupa de menina 3 anos, Roupa de menina 4 anos, Roupa de menino 5 anos, 4 anos e muito mais. Juliana, roupa de qualidade para o teu pequeno \u2764\ufe0f\",\"breadcrumb\":{\"@id\":\"https:\\\/\\\/vistiendobebes.com\\\/pt-pt\\\/roupa-36-meses-a-6-anos\\\/#breadcrumb\"},\"inLanguage\":\"pt-PT\",\"potentialAction\":[{\"@type\":\"ReadAction\",\"target\":[\"https:\\\/\\\/vistiendobebes.com\\\/pt-pt\\\/roupa-36-meses-a-6-anos\\\/\"]}]},{\"@type\":\"BreadcrumbList\",\"@id\":\"https:\\\/\\\/vistiendobebes.com\\\/pt-pt\\\/roupa-36-meses-a-6-anos\\\/#breadcrumb\",\"itemListElement\":[{\"@type\":\"ListItem\",\"position\":1,\"name\":\"Portada\",\"item\":\"https:\\\/\\\/vistiendobebes.com\\\/pt-pt\\\/\"},{\"@type\":\"ListItem\",\"position\":2,\"name\":\"Roupa 36 meses a 6 anos\"}]},{\"@type\":\"WebSite\",\"@id\":\"https:\\\/\\\/vistiendobebes.com\\\/pt-pt\\\/#website\",\"url\":\"https:\\\/\\\/vistiendobebes.com\\\/pt-pt\\\/\",\"name\":\"Juliana Vistiendo Beb\u00e9s\",\"description\":\"Marca de moda infantil\",\"publisher\":{\"@id\":\"https:\\\/\\\/vistiendobebes.com\\\/pt-pt\\\/#organization\"},\"potentialAction\":[{\"@type\":\"SearchAction\",\"target\":{\"@type\":\"EntryPoint\",\"urlTemplate\":\"https:\\\/\\\/vistiendobebes.com\\\/pt-pt\\\/?s={search_term_string}\"},\"query-input\":{\"@type\":\"PropertyValueSpecification\",\"valueRequired\":true,\"valueName\":\"search_term_string\"}}],\"inLanguage\":\"pt-PT\"},{\"@type\":\"Organization\",\"@id\":\"https:\\\/\\\/vistiendobebes.com\\\/pt-pt\\\/#organization\",\"name\":\"Juliana, Vistiendo Beb\u00e9s\",\"url\":\"https:\\\/\\\/vistiendobebes.com\\\/pt-pt\\\/\",\"logo\":{\"@type\":\"ImageObject\",\"inLanguage\":\"pt-PT\",\"@id\":\"https:\\\/\\\/vistiendobebes.com\\\/pt-pt\\\/#\\\/schema\\\/logo\\\/image\\\/\",\"url\":\"https:\\\/\\\/vistiendobebes.com\\\/wp-content\\\/uploads\\\/2021\\\/07\\\/marca-juliana.png\",\"contentUrl\":\"https:\\\/\\\/vistiendobebes.com\\\/wp-content\\\/uploads\\\/2021\\\/07\\\/marca-juliana.png\",\"width\":909,\"height\":907,\"caption\":\"Juliana, Vistiendo Beb\u00e9s\"},\"image\":{\"@id\":\"https:\\\/\\\/vistiendobebes.com\\\/pt-pt\\\/#\\\/schema\\\/logo\\\/image\\\/\"},\"sameAs\":[\"https:\\\/\\\/www.facebook.com\\\/julianavistiendobebes\",\"https:\\\/\\\/www.instagram.com\\\/julianavistiendobebes\\\/\",\"https:\\\/\\\/www.youtube.com\\\/channel\\\/UCHaSPwnyKbcQ1Ppzf2roteA\"]}]}<\/script>\n<!-- \/ Yoast SEO plugin. -->","yoast_head_json":{"title":"Roupa 3 anos (36 meses) a 6 anos | Juliana","description":"Roupa 3 anos (36 meses) - 6 anos: Roupa de menina 3 anos, Roupa de menina 4 anos, Roupa de menino 5 anos, 4 anos e muito mais. Juliana, roupa de qualidade para o teu pequeno \u2764\ufe0f","robots":{"index":"index","follow":"follow","max-snippet":"max-snippet:-1","max-image-preview":"max-image-preview:large","max-video-preview":"max-video-preview:-1"},"canonical":"https:\/\/vistiendobebes.com\/pt-pt\/roupa-36-meses-a-6-anos\/","og_locale":"pt_PT","og_type":"article","og_title":"Roupa 3 anos (36 meses) a 6 anos | Juliana","og_description":"Roupa 3 anos (36 meses) - 6 anos: Roupa de menina 3 anos, Roupa de menina 4 anos, Roupa de menino 5 anos, 4 anos e muito mais. Juliana, roupa de qualidade para o teu pequeno \u2764\ufe0f","og_url":"https:\/\/vistiendobebes.com\/pt-pt\/roupa-36-meses-a-6-anos\/","og_site_name":"Juliana Vistiendo Beb\u00e9s","article_publisher":"https:\/\/www.facebook.com\/julianavistiendobebes","article_modified_time":"2024-10-16T15:03:49+00:00","twitter_card":"summary_large_image","twitter_misc":{"Tempo estimado de leitura":"11 minutos"},"schema":{"@context":"https:\/\/schema.org","@graph":[{"@type":"WebPage","@id":"https:\/\/vistiendobebes.com\/pt-pt\/roupa-36-meses-a-6-anos\/","url":"https:\/\/vistiendobebes.com\/pt-pt\/roupa-36-meses-a-6-anos\/","name":"Roupa 3 anos (36 meses) a 6 anos | Juliana","isPartOf":{"@id":"https:\/\/vistiendobebes.com\/pt-pt\/#website"},"datePublished":"2024-10-16T15:03:46+00:00","dateModified":"2024-10-16T15:03:49+00:00","description":"Roupa 3 anos (36 meses) - 6 anos: Roupa de menina 3 anos, Roupa de menina 4 anos, Roupa de menino 5 anos, 4 anos e muito mais. Juliana, roupa de qualidade para o teu pequeno \u2764\ufe0f","breadcrumb":{"@id":"https:\/\/vistiendobebes.com\/pt-pt\/roupa-36-meses-a-6-anos\/#breadcrumb"},"inLanguage":"pt-PT","potentialAction":[{"@type":"ReadAction","target":["https:\/\/vistiendobebes.com\/pt-pt\/roupa-36-meses-a-6-anos\/"]}]},{"@type":"BreadcrumbList","@id":"https:\/\/vistiendobebes.com\/pt-pt\/roupa-36-meses-a-6-anos\/#breadcrumb","itemListElement":[{"@type":"ListItem","position":1,"name":"Portada","item":"https:\/\/vistiendobebes.com\/pt-pt\/"},{"@type":"ListItem","position":2,"name":"Roupa 36 meses a 6 anos"}]},{"@type":"WebSite","@id":"https:\/\/vistiendobebes.com\/pt-pt\/#website","url":"https:\/\/vistiendobebes.com\/pt-pt\/","name":"Juliana Vistiendo Beb\u00e9s","description":"Marca de moda infantil","publisher":{"@id":"https:\/\/vistiendobebes.com\/pt-pt\/#organization"},"potentialAction":[{"@type":"SearchAction","target":{"@type":"EntryPoint","urlTemplate":"https:\/\/vistiendobebes.com\/pt-pt\/?s={search_term_string}"},"query-input":{"@type":"PropertyValueSpecification","valueRequired":true,"valueName":"search_term_string"}}],"inLanguage":"pt-PT"},{"@type":"Organization","@id":"https:\/\/vistiendobebes.com\/pt-pt\/#organization","name":"Juliana, Vistiendo Beb\u00e9s","url":"https:\/\/vistiendobebes.com\/pt-pt\/","logo":{"@type":"ImageObject","inLanguage":"pt-PT","@id":"https:\/\/vistiendobebes.com\/pt-pt\/#\/schema\/logo\/image\/","url":"https:\/\/vistiendobebes.com\/wp-content\/uploads\/2021\/07\/marca-juliana.png","contentUrl":"https:\/\/vistiendobebes.com\/wp-content\/uploads\/2021\/07\/marca-juliana.png","width":909,"height":907,"caption":"Juliana, Vistiendo Beb\u00e9s"},"image":{"@id":"https:\/\/vistiendobebes.com\/pt-pt\/#\/schema\/logo\/image\/"},"sameAs":["https:\/\/www.facebook.com\/julianavistiendobebes","https:\/\/www.instagram.com\/julianavistiendobebes\/","https:\/\/www.youtube.com\/channel\/UCHaSPwnyKbcQ1Ppzf2roteA"]}]}},"_links":{"self":[{"href":"https:\/\/vistiendobebes.com\/pt-pt\/wp-json\/wp\/v2\/pages\/67527","targetHints":{"allow":["GET"]}}],"collection":[{"href":"https:\/\/vistiendobebes.com\/pt-pt\/wp-json\/wp\/v2\/pages"}],"about":[{"href":"https:\/\/vistiendobebes.com\/pt-pt\/wp-json\/wp\/v2\/types\/page"}],"author":[{"embeddable":true,"href":"https:\/\/vistiendobebes.com\/pt-pt\/wp-json\/wp\/v2\/users\/2"}],"replies":[{"embeddable":true,"href":"https:\/\/vistiendobebes.com\/pt-pt\/wp-json\/wp\/v2\/comments?post=67527"}],"version-history":[{"count":0,"href":"https:\/\/vistiendobebes.com\/pt-pt\/wp-json\/wp\/v2\/pages\/67527\/revisions"}],"wp:attachment":[{"href":"https:\/\/vistiendobebes.com\/pt-pt\/wp-json\/wp\/v2\/media?parent=67527"}],"curies":[{"name":"wp","href":"https:\/\/api.w.org\/{rel}","templated":true}]}}