{"id":67521,"date":"2024-10-16T17:02:47","date_gmt":"2024-10-16T15:02:47","guid":{"rendered":"https:\/\/vistiendobebes.com\/roupa-de-bebe-dos-6-aos-36-meses\/"},"modified":"2024-10-16T17:02:48","modified_gmt":"2024-10-16T15:02:48","slug":"roupa-de-bebe-dos-6-aos-36-meses","status":"publish","type":"page","link":"https:\/\/vistiendobebes.com\/pt-pt\/roupa-de-bebe-dos-6-aos-36-meses\/","title":{"rendered":"Roupa de beb\u00e9 dos 6 aos 36 meses"},"content":{"rendered":"<div class=\"wpb-content-wrapper\"><p>[vc_row full_width=&#8221;stretch_row_content&#8221; content_placement=&#8221;middle&#8221; woodmart_bg_position=&#8221;center-top&#8221; row_reverse_mobile=&#8221;1&#8243; row_reverse_tablet=&#8221;1&#8243; css=&#8221;.vc_custom_1727888621601{margin-bottom: -1px !important;border-top-width: 14px !important;border-right-width: 14px !important;border-left-width: 14px !important;padding-top: 120px !important;background-color: #ffffff !important;background-position: center !important;background-repeat: no-repeat !important;background-size: cover !important;border-left-color: #ffffff !important;border-left-style: solid !important;border-right-color: #ffffff !important;border-right-style: solid !important;border-top-color: #ffffff !important;border-top-style: solid !important;}&#8221; mobile_bg_img_hidden=&#8221;no&#8221; woodmart_parallax=&#8221;0&#8243; woodmart_gradient_switch=&#8221;no&#8221; woodmart_disable_overflow=&#8221;0&#8243; woodmart_css_id=&#8221;66fd7cd65be98&#8243; responsive_spacing=&#8221;eyJwYXJhbV90eXBlIjoid29vZG1hcnRfcmVzcG9uc2l2ZV9zcGFjaW5nIiwic2VsZWN0b3JfaWQiOiI2NmZkN2NkNjViZTk4Iiwic2hvcnRjb2RlIjoidmNfcm93IiwiZGF0YSI6eyJ0YWJsZXQiOnt9LCJtb2JpbGUiOnt9fX0=&#8221; tablet_bg_img_hidden=&#8221;no&#8221; woodmart_box_shadow=&#8221;no&#8221; wd_z_index=&#8221;no&#8221;][vc_column css=&#8221;.vc_custom_1628864879155{margin-bottom: 40px !important;padding-top: 0px !important;padding-right: 15% !important;padding-left: 15% !important;}&#8221; offset=&#8221;vc_col-lg-6 vc_col-md-6 vc_col-xs-12&#8243; woodmart_css_id=&#8221;61168168ece5f&#8221; responsive_spacing=&#8221;eyJwYXJhbV90eXBlIjoid29vZG1hcnRfcmVzcG9uc2l2ZV9zcGFjaW5nIiwic2VsZWN0b3JfaWQiOiI2MTE2ODE2OGVjZTVmIiwic2hvcnRjb2RlIjoidmNfY29sdW1uIiwiZGF0YSI6eyJ0YWJsZXQiOnt9LCJtb2JpbGUiOnsicGFkZGluZy1yaWdodCI6IjMwIiwicGFkZGluZy1sZWZ0IjoiMzAifX19&#8243; parallax_scroll=&#8221;no&#8221; mobile_bg_img_hidden=&#8221;no&#8221; tablet_bg_img_hidden=&#8221;no&#8221; woodmart_parallax=&#8221;0&#8243; woodmart_sticky_column=&#8221;false&#8221; mobile_reset_margin=&#8221;no&#8221; tablet_reset_margin=&#8221;no&#8221; wd_z_index=&#8221;no&#8221;]\n\t\t<div id=\"wd-6704e7abf3701\" class=\"title-wrapper wd-wpb wd-set-mb reset-last-child  wd-rs-6704e7abf3701 wd-title-color-default wd-title-style-default text-left vc_custom_1728374708209 wd-width-custom wd-underline-colored\">\n\t\t\t\t\t\t\t\n\t\t\t\t<div class=\"title-subtitle  subtitle-color-default font-default subtitle-style-default wd-font-weight- wd-fontsize-xs\">Juliana<\/div>\n\t\t\t\n\t\t\t<div class=\"liner-continer\">\n\t\t\t\t<h1 class=\"woodmart-title-container title  wd-font-weight-400 wd-fontsize-l\" >Roupa para beb\u00e9s dos 6 aos 36 meses<\/h1>\n\t\t\t\t\t\t\t<\/div>\n\t\t\t\n\t\t\t\n\t\t\t\n\t\t<\/div>\n\t\t\n\t\t\t\t<div id=\"wd-6704e2c09b1ac\" class=\"wd-text-block wd-wpb reset-last-child wd-rs-6704e2c09b1ac hidden-xs text-left wd-fontsize-custom vc_custom_1728373511533\">\n\t\t\t<p>Vestidos, cal\u00e7as, conjuntos, bodies, mantas e pe\u00e7as de malha e algod\u00e3o org\u00e2nico, fabricados em Espanha com a qualidade Juliana para o teu beb\u00e9 dos 6 aos 36 meses.<\/p>\n\t\t<\/div>\n\t\t<div id=\"wd-66fd7c577ee76\" class=\" wd-rs-66fd7c577ee76  wd-button-wrapper text-center inline-element\"><a href=\"https:\/\/vistiendobebes.com\/pt-pt\/lookbook\/\" title=\"Lookbook\" target=\"_blank\" rel=\"nofollow\" style=\"--btn-color:#333;--btn-color-hover:#333;\" class=\"btn btn-style-bordered btn-shape-semi-round btn-size-default\">Ver colec\u00e7\u00f5es<\/a><\/div>[\/vc_column][vc_column offset=&#8221;vc_col-lg-6 vc_col-md-6 vc_col-xs-12&#8243; mobile_bg_img_hidden=&#8221;no&#8221; woodmart_parallax=&#8221;0&#8243; woodmart_sticky_column=&#8221;false&#8221; parallax_scroll=&#8221;no&#8221; mobile_reset_margin=&#8221;no&#8221; tablet_reset_margin=&#8221;no&#8221;]\t\t<div id=\"wd-6704e463255d3\" data-parallax='{\"y\":\"-70\",\"smoothness\":\"30\"}' class=\"wd-image wd-wpb wd-rs-6704e463255d3 text-center vc_custom_1728374092147\">\n\t\t\t\n\t\t\t<img loading=\"lazy\" decoding=\"async\" width=\"1000\" height=\"1000\" src=\"https:\/\/vistiendobebes.com\/wp-content\/uploads\/2024\/02\/conjuntos-coleccion-nerja.jpg\" class=\"attachment-full size-full\" alt=\"conjuntos colecci\u00f3n nerja\" srcset=\"https:\/\/vistiendobebes.com\/wp-content\/uploads\/2024\/02\/conjuntos-coleccion-nerja.jpg 1000w, https:\/\/vistiendobebes.com\/wp-content\/uploads\/2024\/02\/conjuntos-coleccion-nerja-300x300.jpg 300w, https:\/\/vistiendobebes.com\/wp-content\/uploads\/2024\/02\/conjuntos-coleccion-nerja-150x150.jpg 150w, https:\/\/vistiendobebes.com\/wp-content\/uploads\/2024\/02\/conjuntos-coleccion-nerja-768x768.jpg 768w\" sizes=\"auto, (max-width: 1000px) 100vw, 1000px\" \/>\n\t\t\t\t\t<\/div>\n\t\t[\/vc_column][\/vc_row][vc_row][vc_column][vc_column_text woodmart_inline=&#8221;no&#8221; text_larger=&#8221;no&#8221;]<\/p>\n<h2><span lang=\"es-419\">Encontra a roupa perfeita para o teu beb\u00e9 dos 6 aos 36 meses<\/span><\/h2>\n<p>Na Juliana, entendemos que cada etapa do crescimento do teu beb\u00e9 \u00e9 \u00fanica e que a roupa deve acompanh\u00e1-lo em todas as etapas. Quer procures conforto, estilo ou praticidade, temos tudo o que precisas para beb\u00e9s dos 6 aos 36 meses. Se j\u00e1 conheces as nossas colec\u00e7\u00f5es para os primeiros meses do teu beb\u00e9 (dos 0 aos 12 meses), descobre as nossas colec\u00e7\u00f5es de roupa a partir de um ano.[\/vc_column_text][\/vc_column][\/vc_row][vc_row][vc_column][vc_column_text woodmart_inline=&#8221;no&#8221; text_larger=&#8221;no&#8221;]O <strong>teu beb\u00e9 cresce, e o seu conforto continua a ser a nossa prioridade<\/strong> A fase entre os 6 e os 36 meses \u00e9 um per\u00edodo cheio de descobertas e aventuras para os mais pequenos. Em Vistiendobebes.com, entendemos que a roupa deve acompanhar o teu beb\u00e9 em todos os momentos, oferecendo-lhe o m\u00e1ximo conforto e liberdade de movimentos. Por isso, a nossa cole\u00e7\u00e3o para beb\u00e9s dos 6 aos 36 meses \u00e9 feita com tecidos de alta qualidade, como o algod\u00e3o org\u00e2nico e as malhas macias, concebidos para proteger a sua pele delicada e adaptar-se ao seu crescimento e \u00e0s suas necessidades.<br \/>\nRoupa <strong>que evolui com o teu beb\u00e9<\/strong> Desde os primeiros gatinhos at\u00e9 aos primeiros passos, a roupa do teu beb\u00e9 deve ser suave, resistente e adapt\u00e1vel a cada etapa do seu desenvolvimento. Se procuras roupa de beb\u00e9 para beb\u00e9s dos 6 meses aos 3 anos, em Vistiendobebes.com encontrar\u00e1s roupas que combinam estilo, conforto e praticidade para que o teu pequeno esteja sempre bem vestido e pronto para a aventura. Com mais de 30 anos de experi\u00eancia, o nosso compromisso com a confe\u00e7\u00e3o de roupa para os mais pequenos permitiu-nos aperfei\u00e7oar cada cole\u00e7\u00e3o. Sabemos que a roupa que escolhes para o teu beb\u00e9 n\u00e3o \u00e9 apenas uma quest\u00e3o de estilo, mas tamb\u00e9m de bem-estar.<br \/>\nQ <strong>ualidade e suavidade para o teu beb\u00e9<\/strong> Cada pe\u00e7a da nossa cole\u00e7\u00e3o foi concebida para ser macia e respir\u00e1vel, para que o teu pequeno desfrute de todos os momentos do dia, seja a brincar ou a descansar. Descobre os nossos conjuntos em algod\u00e3o org\u00e2nico, perfeitos para garantir o conforto e o bem-estar do teu beb\u00e9.[\/vc_column_text][vc_video link=&#8221;https:\/\/www.youtube.com\/watch?v=eOag4YEwmW4&amp;t=1s&#8221; align=&#8221;center&#8221; woodmart_css_id=&#8221;6704e57c24e23&#8243; image_poster_switch=&#8221;no&#8221;][\/vc_column][\/vc_row][vc_row][vc_column width=&#8221;1\/4&#8243;][vc_column_text woodmart_inline=&#8221;no&#8221; text_larger=&#8221;no&#8221;]<\/p>\n<h2><span lang=\"es-419\">Roupa de beb\u00e9 15 meses: Conforto em cada movimento<\/span><\/h2>\n<p>O teu beb\u00e9 de 15 meses j\u00e1 est\u00e1 cheio de energia e precisa de roupas que lhe permitam mover-se livremente. Nesta fase, escolhe roupas confort\u00e1veis e flex\u00edveis que se adaptem ao seu dia a dia. Na Juliana, oferecemos-te roupa de beb\u00e9 de 15 meses suave e leve, ideal para as suas primeiras aventuras. &#8211; O que precisas: Roupas f\u00e1ceis de lavar e resistentes para que as brincadeiras n\u00e3o tenham limites.  <\/p>\n<p>&#8211; Desenhos encantadores: Oferecemos op\u00e7\u00f5es elegantes e confort\u00e1veis, com fechos pr\u00e1ticos para facilitar a muda da fralda.[\/vc_column_text][\/vc_column][vc_column width=&#8221;1\/4&#8243;][vc_column_text woodmart_inline=&#8221;no&#8221; text_larger=&#8221;no&#8221;]<\/p>\n<h2><span lang=\"es-419\">Roupa de beb\u00e9 18 meses: Funcionalidade com estilo<\/span><\/h2>\n<p>Aos 18 meses, o teu beb\u00e9 come\u00e7a a mostrar a sua personalidade, e a sua roupa deve refletir isso mesmo. Na Juliana, temos roupa de beb\u00e9 para os 18 meses que combina a funcionalidade com os desenhos mais bonitos, ideais para esta etapa em que a independ\u00eancia come\u00e7a a desabrochar. &#8211; Roupa pr\u00e1tica: Roupa com bot\u00f5es de press\u00e3o e fechos que facilitam a mudan\u00e7a de roupa. &#8211; O melhor para a sua pele: Tecidos suaves como o algod\u00e3o e a malha que cuidam da sua pele sens\u00edvel.[\/vc_column_text][\/vc_column][vc_column width=&#8221;1\/4&#8243;][vc_column_text woodmart_inline=&#8221;no&#8221; text_larger=&#8221;no&#8221;]<\/p>\n<h2><span lang=\"es-419\">Roupa de beb\u00e9 24 meses: pronta para a a\u00e7\u00e3o<\/span><\/h2>\n<p>Aos 24 meses, o teu beb\u00e9 est\u00e1 mais ativo do que nunca. Na Juliana, encontrar\u00e1s roupa de beb\u00e9 de 24 meses concebida especificamente para resistir a todas as aventuras, mantendo o conforto e a liberdade de movimentos de que necessita. &#8211; Do que precisas? Roupas leves e respir\u00e1veis, perfeitas para correr, saltar e explorar. &#8211; Preparado para qualquer clima: Casacos leves e cal\u00e7as ajust\u00e1veis que se adaptam a qualquer esta\u00e7\u00e3o.[\/vc_column_text][\/vc_column][vc_column width=&#8221;1\/4&#8243;][vc_column_text woodmart_inline=&#8221;no&#8221; text_larger=&#8221;no&#8221;]<\/p>\n<h2><span lang=\"es-419\">Roupa de beb\u00e9 36 meses: Estilo e autonomia<\/span><\/h2>\n<p>O teu beb\u00e9 de 36 meses j\u00e1 tem o seu pr\u00f3prio estilo e come\u00e7a a querer vestir-se sozinho. Na Juliana, oferecemos ao beb\u00e9 de 36 meses uma roupa que n\u00e3o s\u00f3 lhe permite estar fant\u00e1stico, mas tamb\u00e9m favorece a sua autonomia com roupas f\u00e1ceis de vestir e de despir. &#8211; Roupa vers\u00e1til: Roupa com al\u00e7as ajust\u00e1veis, c\u00f3s el\u00e1stico e tecidos suaves para o conforto do dia a dia. &#8211; Moda \u00e0 medida: Desenhos atractivos que combinam estilo, conforto e a mais alta qualidade.[\/vc_column_text][\/vc_column][\/vc_row][vc_row][vc_column][vc_column_text woodmart_inline=&#8221;no&#8221; text_larger=&#8221;no&#8221;]<\/p>\n<h2>Compra roupa dos 6 aos 36 meses na Juliana e acompanha todos os passos do seu crescimento.<\/h2>\n<p>Dos 6 meses aos 36 meses, na Juliana oferecemos-te a melhor sele\u00e7\u00e3o de roupa para acompanhar o teu pequeno em todas as fases do seu desenvolvimento. Cada pe\u00e7a foi concebida a pensar no conforto e no bem-estar do teu beb\u00e9, com tecidos suaves e funcionais que lhe permitem mover-se livremente e explorar o mundo. N\u00e3o esperes mais, explora as nossas colec\u00e7\u00f5es e veste o teu beb\u00e9 com o melhor.[\/vc_column_text][\/vc_column][\/vc_row]<\/p>\n<\/div>","protected":false},"excerpt":{"rendered":"<p>[vc_row full_width=&#8221;stretch_row_content&#8221; content_placement=&#8221;middle&#8221; woodmart_bg_position=&#8221;center-top&#8221; row_reverse_mobile=&#8221;1&#8243; row_reverse_tablet=&#8221;1&#8243; css=&#8221;.vc_custom_1727888621601{margin-bottom: -1px !important;border-top-width: 14px !important;border-right-width: 14px !important;border-left-width: 14px !important;padding-top: 120px !important;background-color: #ffffff !important;background-position: center<\/p>\n","protected":false},"author":2,"featured_media":0,"parent":0,"menu_order":0,"comment_status":"closed","ping_status":"closed","template":"","meta":{"footnotes":""},"class_list":["post-67521","page","type-page","status-publish","hentry"],"yoast_head":"<!-- This site is optimized with the Yoast SEO plugin v27.4 - https:\/\/yoast.com\/product\/yoast-seo-wordpress\/ -->\n<title>Roupa para beb\u00e9s dos 6 aos 36 meses | Juliana<\/title>\n<meta name=\"description\" content=\"Roupa para beb\u00e9s dos 6 aos 36 meses: Roupa de beb\u00e9 15 meses, Roupa de beb\u00e9 18 meses, Roupa de beb\u00e9 24 meses, Roupa de beb\u00e9 36 meses. Juliana, roupa de qualidade para o teu peque\u2764\ufe0f\" \/>\n<meta name=\"robots\" content=\"index, follow, max-snippet:-1, max-image-preview:large, max-video-preview:-1\" \/>\n<link rel=\"canonical\" href=\"https:\/\/vistiendobebes.com\/pt-pt\/roupa-de-bebe-dos-6-aos-36-meses\/\" \/>\n<meta property=\"og:locale\" content=\"pt_PT\" \/>\n<meta property=\"og:type\" content=\"article\" \/>\n<meta property=\"og:title\" content=\"Roupa para beb\u00e9s dos 6 aos 36 meses | Juliana\" \/>\n<meta property=\"og:description\" content=\"Roupa para beb\u00e9s dos 6 aos 36 meses: Roupa de beb\u00e9 15 meses, Roupa de beb\u00e9 18 meses, Roupa de beb\u00e9 24 meses, Roupa de beb\u00e9 36 meses. Juliana, roupa de qualidade para o teu peque\u2764\ufe0f\" \/>\n<meta property=\"og:url\" content=\"https:\/\/vistiendobebes.com\/pt-pt\/roupa-de-bebe-dos-6-aos-36-meses\/\" \/>\n<meta property=\"og:site_name\" content=\"Juliana Vistiendo Beb\u00e9s\" \/>\n<meta property=\"article:publisher\" content=\"https:\/\/www.facebook.com\/julianavistiendobebes\" \/>\n<meta property=\"article:modified_time\" content=\"2024-10-16T15:02:48+00:00\" \/>\n<meta name=\"twitter:card\" content=\"summary_large_image\" \/>\n<meta name=\"twitter:label1\" content=\"Tempo estimado de leitura\" \/>\n\t<meta name=\"twitter:data1\" content=\"9 minutos\" \/>\n<script type=\"application\/ld+json\" class=\"yoast-schema-graph\">{\"@context\":\"https:\\\/\\\/schema.org\",\"@graph\":[{\"@type\":\"WebPage\",\"@id\":\"https:\\\/\\\/vistiendobebes.com\\\/pt-pt\\\/roupa-de-bebe-dos-6-aos-36-meses\\\/\",\"url\":\"https:\\\/\\\/vistiendobebes.com\\\/pt-pt\\\/roupa-de-bebe-dos-6-aos-36-meses\\\/\",\"name\":\"Roupa para beb\u00e9s dos 6 aos 36 meses | Juliana\",\"isPartOf\":{\"@id\":\"https:\\\/\\\/vistiendobebes.com\\\/pt-pt\\\/#website\"},\"datePublished\":\"2024-10-16T15:02:47+00:00\",\"dateModified\":\"2024-10-16T15:02:48+00:00\",\"description\":\"Roupa para beb\u00e9s dos 6 aos 36 meses: Roupa de beb\u00e9 15 meses, Roupa de beb\u00e9 18 meses, Roupa de beb\u00e9 24 meses, Roupa de beb\u00e9 36 meses. Juliana, roupa de qualidade para o teu peque\u2764\ufe0f\",\"breadcrumb\":{\"@id\":\"https:\\\/\\\/vistiendobebes.com\\\/pt-pt\\\/roupa-de-bebe-dos-6-aos-36-meses\\\/#breadcrumb\"},\"inLanguage\":\"pt-PT\",\"potentialAction\":[{\"@type\":\"ReadAction\",\"target\":[\"https:\\\/\\\/vistiendobebes.com\\\/pt-pt\\\/roupa-de-bebe-dos-6-aos-36-meses\\\/\"]}]},{\"@type\":\"BreadcrumbList\",\"@id\":\"https:\\\/\\\/vistiendobebes.com\\\/pt-pt\\\/roupa-de-bebe-dos-6-aos-36-meses\\\/#breadcrumb\",\"itemListElement\":[{\"@type\":\"ListItem\",\"position\":1,\"name\":\"Portada\",\"item\":\"https:\\\/\\\/vistiendobebes.com\\\/pt-pt\\\/\"},{\"@type\":\"ListItem\",\"position\":2,\"name\":\"Roupa de beb\u00e9 dos 6 aos 36 meses\"}]},{\"@type\":\"WebSite\",\"@id\":\"https:\\\/\\\/vistiendobebes.com\\\/pt-pt\\\/#website\",\"url\":\"https:\\\/\\\/vistiendobebes.com\\\/pt-pt\\\/\",\"name\":\"Juliana Vistiendo Beb\u00e9s\",\"description\":\"Marca de moda infantil\",\"publisher\":{\"@id\":\"https:\\\/\\\/vistiendobebes.com\\\/pt-pt\\\/#organization\"},\"potentialAction\":[{\"@type\":\"SearchAction\",\"target\":{\"@type\":\"EntryPoint\",\"urlTemplate\":\"https:\\\/\\\/vistiendobebes.com\\\/pt-pt\\\/?s={search_term_string}\"},\"query-input\":{\"@type\":\"PropertyValueSpecification\",\"valueRequired\":true,\"valueName\":\"search_term_string\"}}],\"inLanguage\":\"pt-PT\"},{\"@type\":\"Organization\",\"@id\":\"https:\\\/\\\/vistiendobebes.com\\\/pt-pt\\\/#organization\",\"name\":\"Juliana, Vistiendo Beb\u00e9s\",\"url\":\"https:\\\/\\\/vistiendobebes.com\\\/pt-pt\\\/\",\"logo\":{\"@type\":\"ImageObject\",\"inLanguage\":\"pt-PT\",\"@id\":\"https:\\\/\\\/vistiendobebes.com\\\/pt-pt\\\/#\\\/schema\\\/logo\\\/image\\\/\",\"url\":\"https:\\\/\\\/vistiendobebes.com\\\/wp-content\\\/uploads\\\/2021\\\/07\\\/marca-juliana.png\",\"contentUrl\":\"https:\\\/\\\/vistiendobebes.com\\\/wp-content\\\/uploads\\\/2021\\\/07\\\/marca-juliana.png\",\"width\":909,\"height\":907,\"caption\":\"Juliana, Vistiendo Beb\u00e9s\"},\"image\":{\"@id\":\"https:\\\/\\\/vistiendobebes.com\\\/pt-pt\\\/#\\\/schema\\\/logo\\\/image\\\/\"},\"sameAs\":[\"https:\\\/\\\/www.facebook.com\\\/julianavistiendobebes\",\"https:\\\/\\\/www.instagram.com\\\/julianavistiendobebes\\\/\",\"https:\\\/\\\/www.youtube.com\\\/channel\\\/UCHaSPwnyKbcQ1Ppzf2roteA\"]}]}<\/script>\n<!-- \/ Yoast SEO plugin. -->","yoast_head_json":{"title":"Roupa para beb\u00e9s dos 6 aos 36 meses | Juliana","description":"Roupa para beb\u00e9s dos 6 aos 36 meses: Roupa de beb\u00e9 15 meses, Roupa de beb\u00e9 18 meses, Roupa de beb\u00e9 24 meses, Roupa de beb\u00e9 36 meses. Juliana, roupa de qualidade para o teu peque\u2764\ufe0f","robots":{"index":"index","follow":"follow","max-snippet":"max-snippet:-1","max-image-preview":"max-image-preview:large","max-video-preview":"max-video-preview:-1"},"canonical":"https:\/\/vistiendobebes.com\/pt-pt\/roupa-de-bebe-dos-6-aos-36-meses\/","og_locale":"pt_PT","og_type":"article","og_title":"Roupa para beb\u00e9s dos 6 aos 36 meses | Juliana","og_description":"Roupa para beb\u00e9s dos 6 aos 36 meses: Roupa de beb\u00e9 15 meses, Roupa de beb\u00e9 18 meses, Roupa de beb\u00e9 24 meses, Roupa de beb\u00e9 36 meses. Juliana, roupa de qualidade para o teu peque\u2764\ufe0f","og_url":"https:\/\/vistiendobebes.com\/pt-pt\/roupa-de-bebe-dos-6-aos-36-meses\/","og_site_name":"Juliana Vistiendo Beb\u00e9s","article_publisher":"https:\/\/www.facebook.com\/julianavistiendobebes","article_modified_time":"2024-10-16T15:02:48+00:00","twitter_card":"summary_large_image","twitter_misc":{"Tempo estimado de leitura":"9 minutos"},"schema":{"@context":"https:\/\/schema.org","@graph":[{"@type":"WebPage","@id":"https:\/\/vistiendobebes.com\/pt-pt\/roupa-de-bebe-dos-6-aos-36-meses\/","url":"https:\/\/vistiendobebes.com\/pt-pt\/roupa-de-bebe-dos-6-aos-36-meses\/","name":"Roupa para beb\u00e9s dos 6 aos 36 meses | Juliana","isPartOf":{"@id":"https:\/\/vistiendobebes.com\/pt-pt\/#website"},"datePublished":"2024-10-16T15:02:47+00:00","dateModified":"2024-10-16T15:02:48+00:00","description":"Roupa para beb\u00e9s dos 6 aos 36 meses: Roupa de beb\u00e9 15 meses, Roupa de beb\u00e9 18 meses, Roupa de beb\u00e9 24 meses, Roupa de beb\u00e9 36 meses. Juliana, roupa de qualidade para o teu peque\u2764\ufe0f","breadcrumb":{"@id":"https:\/\/vistiendobebes.com\/pt-pt\/roupa-de-bebe-dos-6-aos-36-meses\/#breadcrumb"},"inLanguage":"pt-PT","potentialAction":[{"@type":"ReadAction","target":["https:\/\/vistiendobebes.com\/pt-pt\/roupa-de-bebe-dos-6-aos-36-meses\/"]}]},{"@type":"BreadcrumbList","@id":"https:\/\/vistiendobebes.com\/pt-pt\/roupa-de-bebe-dos-6-aos-36-meses\/#breadcrumb","itemListElement":[{"@type":"ListItem","position":1,"name":"Portada","item":"https:\/\/vistiendobebes.com\/pt-pt\/"},{"@type":"ListItem","position":2,"name":"Roupa de beb\u00e9 dos 6 aos 36 meses"}]},{"@type":"WebSite","@id":"https:\/\/vistiendobebes.com\/pt-pt\/#website","url":"https:\/\/vistiendobebes.com\/pt-pt\/","name":"Juliana Vistiendo Beb\u00e9s","description":"Marca de moda infantil","publisher":{"@id":"https:\/\/vistiendobebes.com\/pt-pt\/#organization"},"potentialAction":[{"@type":"SearchAction","target":{"@type":"EntryPoint","urlTemplate":"https:\/\/vistiendobebes.com\/pt-pt\/?s={search_term_string}"},"query-input":{"@type":"PropertyValueSpecification","valueRequired":true,"valueName":"search_term_string"}}],"inLanguage":"pt-PT"},{"@type":"Organization","@id":"https:\/\/vistiendobebes.com\/pt-pt\/#organization","name":"Juliana, Vistiendo Beb\u00e9s","url":"https:\/\/vistiendobebes.com\/pt-pt\/","logo":{"@type":"ImageObject","inLanguage":"pt-PT","@id":"https:\/\/vistiendobebes.com\/pt-pt\/#\/schema\/logo\/image\/","url":"https:\/\/vistiendobebes.com\/wp-content\/uploads\/2021\/07\/marca-juliana.png","contentUrl":"https:\/\/vistiendobebes.com\/wp-content\/uploads\/2021\/07\/marca-juliana.png","width":909,"height":907,"caption":"Juliana, Vistiendo Beb\u00e9s"},"image":{"@id":"https:\/\/vistiendobebes.com\/pt-pt\/#\/schema\/logo\/image\/"},"sameAs":["https:\/\/www.facebook.com\/julianavistiendobebes","https:\/\/www.instagram.com\/julianavistiendobebes\/","https:\/\/www.youtube.com\/channel\/UCHaSPwnyKbcQ1Ppzf2roteA"]}]}},"_links":{"self":[{"href":"https:\/\/vistiendobebes.com\/pt-pt\/wp-json\/wp\/v2\/pages\/67521","targetHints":{"allow":["GET"]}}],"collection":[{"href":"https:\/\/vistiendobebes.com\/pt-pt\/wp-json\/wp\/v2\/pages"}],"about":[{"href":"https:\/\/vistiendobebes.com\/pt-pt\/wp-json\/wp\/v2\/types\/page"}],"author":[{"embeddable":true,"href":"https:\/\/vistiendobebes.com\/pt-pt\/wp-json\/wp\/v2\/users\/2"}],"replies":[{"embeddable":true,"href":"https:\/\/vistiendobebes.com\/pt-pt\/wp-json\/wp\/v2\/comments?post=67521"}],"version-history":[{"count":0,"href":"https:\/\/vistiendobebes.com\/pt-pt\/wp-json\/wp\/v2\/pages\/67521\/revisions"}],"wp:attachment":[{"href":"https:\/\/vistiendobebes.com\/pt-pt\/wp-json\/wp\/v2\/media?parent=67521"}],"curies":[{"name":"wp","href":"https:\/\/api.w.org\/{rel}","templated":true}]}}