{"id":67515,"date":"2024-10-16T17:01:37","date_gmt":"2024-10-16T15:01:37","guid":{"rendered":"https:\/\/vistiendobebes.com\/roupa-de-bebe-0-12-meses-qualidade-conforto-e-docura-em-cada-peca\/"},"modified":"2024-10-16T17:01:40","modified_gmt":"2024-10-16T15:01:40","slug":"roupa-de-bebe-0-12-meses-qualidade-conforto-e-docura-em-cada-peca","status":"publish","type":"page","link":"https:\/\/vistiendobebes.com\/pt-pt\/roupa-de-bebe-0-12-meses-qualidade-conforto-e-docura-em-cada-peca\/","title":{"rendered":"Roupa de beb\u00e9 0-12 meses: Qualidade, conforto e do\u00e7ura em cada pe\u00e7a"},"content":{"rendered":"<div class=\"wpb-content-wrapper\"><p>[vc_row full_width=&#8221;stretch_row_content&#8221; content_placement=&#8221;middle&#8221; woodmart_bg_position=&#8221;center-top&#8221; row_reverse_mobile=&#8221;1&#8243; row_reverse_tablet=&#8221;1&#8243; css=&#8221;.vc_custom_1727888621601{margin-bottom: -1px !important;border-top-width: 14px !important;border-right-width: 14px !important;border-left-width: 14px !important;padding-top: 120px !important;background-color: #ffffff !important;background-position: center !important;background-repeat: no-repeat !important;background-size: cover !important;border-left-color: #ffffff !important;border-left-style: solid !important;border-right-color: #ffffff !important;border-right-style: solid !important;border-top-color: #ffffff !important;border-top-style: solid !important;}&#8221; mobile_bg_img_hidden=&#8221;no&#8221; woodmart_parallax=&#8221;0&#8243; woodmart_gradient_switch=&#8221;no&#8221; woodmart_disable_overflow=&#8221;0&#8243; woodmart_css_id=&#8221;66fd7cd65be98&#8243; responsive_spacing=&#8221;eyJwYXJhbV90eXBlIjoid29vZG1hcnRfcmVzcG9uc2l2ZV9zcGFjaW5nIiwic2VsZWN0b3JfaWQiOiI2NmZkN2NkNjViZTk4Iiwic2hvcnRjb2RlIjoidmNfcm93IiwiZGF0YSI6eyJ0YWJsZXQiOnt9LCJtb2JpbGUiOnt9fX0=&#8221; tablet_bg_img_hidden=&#8221;no&#8221; woodmart_box_shadow=&#8221;no&#8221; wd_z_index=&#8221;no&#8221;][vc_column css=&#8221;.vc_custom_1628864879155{margin-bottom: 40px !important;padding-top: 0px !important;padding-right: 15% !important;padding-left: 15% !important;}&#8221; offset=&#8221;vc_col-lg-6 vc_col-md-6 vc_col-xs-12&#8243; woodmart_css_id=&#8221;61168168ece5f&#8221; responsive_spacing=&#8221;eyJwYXJhbV90eXBlIjoid29vZG1hcnRfcmVzcG9uc2l2ZV9zcGFjaW5nIiwic2VsZWN0b3JfaWQiOiI2MTE2ODE2OGVjZTVmIiwic2hvcnRjb2RlIjoidmNfY29sdW1uIiwiZGF0YSI6eyJ0YWJsZXQiOnt9LCJtb2JpbGUiOnsicGFkZGluZy1yaWdodCI6IjMwIiwicGFkZGluZy1sZWZ0IjoiMzAifX19&#8243; parallax_scroll=&#8221;no&#8221; mobile_bg_img_hidden=&#8221;no&#8221; tablet_bg_img_hidden=&#8221;no&#8221; woodmart_parallax=&#8221;0&#8243; woodmart_sticky_column=&#8221;false&#8221; mobile_reset_margin=&#8221;no&#8221; tablet_reset_margin=&#8221;no&#8221; wd_z_index=&#8221;no&#8221;]\n\t\t<div id=\"wd-6704e75f38772\" class=\"title-wrapper wd-wpb wd-set-mb reset-last-child  wd-rs-6704e75f38772 wd-title-color-default wd-title-style-default text-left vc_custom_1728374641115 wd-width-custom wd-underline-colored\">\n\t\t\t\t\t\t\t\n\t\t\t\t<div class=\"title-subtitle  subtitle-color-default font-default subtitle-style-default wd-font-weight- wd-fontsize-xs\">Juliana<\/div>\n\t\t\t\n\t\t\t<div class=\"liner-continer\">\n\t\t\t\t<h1 class=\"woodmart-title-container title  wd-font-weight-400 wd-fontsize-l\" >Roupa para beb\u00e9s dos 0 aos 12 meses<\/h1>\n\t\t\t\t\t\t\t<\/div>\n\t\t\t\n\t\t\t\n\t\t\t\n\t\t<\/div>\n\t\t\n\t\t\t\t<div id=\"wd-66fd7bfd7d22c\" class=\"wd-text-block wd-wpb reset-last-child wd-rs-66fd7bfd7d22c hidden-xs text-left wd-fontsize-custom vc_custom_1727888415597\">\n\t\t\t<p>Fatos de banho, conjuntos e pe\u00e7as de vestu\u00e1rio em malha e algod\u00e3o org\u00e2nico, concebidos com carinho para o conforto do teu beb\u00e9 dos 0 aos 12 meses.<\/p>\n\t\t<\/div>\n\t\t<div id=\"wd-66fd7c577ee76\" class=\" wd-rs-66fd7c577ee76  wd-button-wrapper text-center inline-element\"><a href=\"https:\/\/vistiendobebes.com\/pt-pt\/lookbook\/\" title=\"Lookbook\" target=\"_blank\" rel=\"nofollow\" style=\"--btn-color:#333;--btn-color-hover:#333;\" class=\"btn btn-style-bordered btn-shape-semi-round btn-size-default\">Ver colec\u00e7\u00f5es<\/a><\/div>[\/vc_column][vc_column offset=&#8221;vc_col-lg-6 vc_col-md-6 vc_col-xs-12&#8243; mobile_bg_img_hidden=&#8221;no&#8221; woodmart_parallax=&#8221;0&#8243; woodmart_sticky_column=&#8221;false&#8221; parallax_scroll=&#8221;no&#8221; mobile_reset_margin=&#8221;no&#8221; tablet_reset_margin=&#8221;no&#8221;]\t\t<div id=\"wd-66fd7d005b374\" data-parallax='{\"y\":\"-70\",\"smoothness\":\"30\"}' class=\"wd-image wd-wpb wd-rs-66fd7d005b374 text-center vc_custom_1727888657948\">\n\t\t\t\n\t\t\t<img loading=\"lazy\" decoding=\"async\" width=\"1000\" height=\"1000\" src=\"https:\/\/vistiendobebes.com\/wp-content\/uploads\/2024\/07\/JULIANAFW24DIA24744_v1.jpg\" class=\"attachment-full size-full\" alt=\"Colecci\u00f3n Lucero beb\u00e9s JULIANA aw 24-25\" srcset=\"https:\/\/vistiendobebes.com\/wp-content\/uploads\/2024\/07\/JULIANAFW24DIA24744_v1.jpg 1000w, https:\/\/vistiendobebes.com\/wp-content\/uploads\/2024\/07\/JULIANAFW24DIA24744_v1-300x300.jpg 300w, https:\/\/vistiendobebes.com\/wp-content\/uploads\/2024\/07\/JULIANAFW24DIA24744_v1-150x150.jpg 150w, https:\/\/vistiendobebes.com\/wp-content\/uploads\/2024\/07\/JULIANAFW24DIA24744_v1-768x768.jpg 768w\" sizes=\"auto, (max-width: 1000px) 100vw, 1000px\" \/>\n\t\t\t\t\t<\/div>\n\t\t[\/vc_column][\/vc_row][vc_row][vc_column][vc_column_text woodmart_inline=&#8221;no&#8221; text_larger=&#8221;no&#8221;]<\/p>\n<h2>Compra as melhores roupas para beb\u00e9s dos 0 aos 12 meses na Juliana<\/h2>\n<p>Na Juliana, oferecemos-te a melhor sele\u00e7\u00e3o de roupa para beb\u00e9s dos 0 aos 12 meses. Cada pe\u00e7a de roupa foi concebida a pensar na pele delicada do teu beb\u00e9 e no seu conforto em cada etapa do seu crescimento. Desde o rec\u00e9m-nascido at\u00e9 aos seus primeiros passos, temos o que precisas para que o teu pequeno esteja sempre protegido e na moda.[\/vc_column_text][\/vc_column][\/vc_row][vc_row][vc_column][vc_column_text woodmart_inline=&#8221;no&#8221; text_larger=&#8221;no&#8221;]A chegada de um beb\u00e9 \u00e9 um dos momentos mais emocionantes da vida de uma m\u00e3e. Sabemos que nesses primeiros meses, o conforto e o cuidado s\u00e3o fundamentais para ti e para o teu pequeno. Por isso, em Vistiendobebes.com oferecemos-te uma sele\u00e7\u00e3o de roupa de beb\u00e9 dos 0 aos 12 meses elaborada com os melhores tecidos, como o algod\u00e3o org\u00e2nico e as malhas, pensada para cuidar da pele delicada do teu beb\u00e9 desde os primeiros dias.  <\/p>\n<p>A roupa do teu beb\u00e9 deve ser suave e confort\u00e1vel, e adaptar-se a cada uma das suas etapas de crescimento. Quer procures roupa de beb\u00e9 de 0 meses ou roupa de beb\u00e9 at\u00e9 aos 12 meses, temos tudo o que precisas para que o teu pequeno esteja sempre confort\u00e1vel e bem vestido. <\/p>\n<p>Com mais de 30 anos de experi\u00eancia, as nossas origens enquanto marca estiveram sempre ligadas ao fabrico de pe\u00e7as de vestu\u00e1rio para beb\u00e9s dos 0 aos 12 meses, o que nos permitiu aperfei\u00e7oar as nossas colec\u00e7\u00f5es e oferecer-te produtos da mais alta qualidade. Descobre as nossas colec\u00e7\u00f5es e d\u00e1 ao teu beb\u00e9 o conforto de que ele precisa. <\/p>\n<h2>Roupa de beb\u00e9 0 meses: Suavidade desde o primeiro dia<\/h2>\n<p>A pele de um rec\u00e9m-nascido \u00e9 extremamente delicada, por isso \u00e9 importante escolher roupa suave e respir\u00e1vel que o mantenha sempre confort\u00e1vel. Na Juliana, oferecemos-te uma vasta gama de roupa para beb\u00e9 0 meses, pensada especialmente para cuidar da sua pele desde o primeiro dia. <\/p>\n<p>&#8211; O que \u00e9 que te oferecemos? Conjuntos em algod\u00e3o org\u00e2nico e tecidos hipoalerg\u00e9nicos que garantem a m\u00e1xima suavidade para o teu beb\u00e9 rec\u00e9m-nascido. <\/p>\n<p>&#8211; O que precisas: Bodysuits, pijamas e gorros perfeitos para o manter quente e protegido, todos f\u00e1ceis de lavar e mudar.[\/vc_column_text][vc_video link=&#8221;https:\/\/youtu.be\/1FZh_5m0TMg&#8221; align=&#8221;center&#8221; woodmart_css_id=&#8221;6703fdbe5ed0b&#8221; image_poster_switch=&#8221;no&#8221;][\/vc_column][\/vc_row][vc_row][vc_column width=&#8221;1\/4&#8243;][vc_column_text woodmart_inline=&#8221;no&#8221; text_larger=&#8221;no&#8221;]<\/p>\n<h2>Roupa de beb\u00e9 3 meses: Conforto em cada movimento<\/h2>\n<p>Aos 3 meses, o teu beb\u00e9 come\u00e7a a mexer-se mais e a sua roupa deve acompanhar esta nova fase. Na Juliana, temos roupa para beb\u00e9 de 3 meses que combina suavidade e flexibilidade para que o teu pequeno se sinta livre para se mexer e explorar. <\/p>\n<p>&#8211; Roupa suave e leve: Roupa de algod\u00e3o e malha que protege a pele sem restringir os movimentos.<\/p>\n<p>&#8211; Desenhos encantadores: Oferecemos op\u00e7\u00f5es elegantes e confort\u00e1veis, com fechos pr\u00e1ticos para facilitar a muda da fralda.[\/vc_column_text][\/vc_column][vc_column width=&#8221;1\/4&#8243;][vc_column_text woodmart_inline=&#8221;no&#8221; text_larger=&#8221;no&#8221;]<\/p>\n<h2><span lang=\"es-419\">Roupa de beb\u00e9 6 meses: Pronto para crescer<\/span><\/h2>\n<p>Aos 6 meses, o teu beb\u00e9 est\u00e1 cheio de curiosidade e energia. \u00c9 essencial que a sua roupa seja confort\u00e1vel e lhe permita mover-se livremente. Na Juliana, dispomos de uma vasta gama de roupa de beb\u00e9 para os 6 meses, concebida para resistir \u00e0s exig\u00eancias do dia a dia desta fase ativa.  <\/p>\n<p>&#8211; Roupas resistentes e confort\u00e1veis: cal\u00e7as com cintura el\u00e1stica, t-shirts respir\u00e1veis e bodies macios para um dia de aventura.<\/p>\n<p>&#8211; Perfeito para qualquer ocasi\u00e3o: desde pijamas confort\u00e1veis a conjuntos para sair, temos tudo o que o teu beb\u00e9 precisa.[\/vc_column_text][\/vc_column][vc_column width=&#8221;1\/4&#8243;][vc_column_text woodmart_inline=&#8221;no&#8221; text_larger=&#8221;no&#8221;]<\/p>\n<h2>Roupa de beb\u00e9 9 meses: Mobilidade e estilo<\/h2>\n<p>Aos 9 meses, o teu beb\u00e9 j\u00e1 gatinha ou at\u00e9 d\u00e1 os primeiros passos, por isso precisa de roupa que o acompanhe na sua descoberta do mundo. Na Juliana, encontrar\u00e1s roupa de beb\u00e9 9 meses que oferece liberdade de movimentos sem renunciar ao estilo. <\/p>\n<p>&#8211; Leve e flex\u00edvel: perfeitos para explorar, os nossos fatos s\u00e3o confort\u00e1veis e feitos de materiais respir\u00e1veis.<\/p>\n<p>&#8211; F\u00e1cil de vestir e despir: Com roupas concebidas para serem f\u00e1ceis de vestir e despir, podes passar mais tempo com o teu filho sem complica\u00e7\u00f5es.[\/vc_column_text][\/vc_column][vc_column width=&#8221;1\/4&#8243;][vc_column_text woodmart_inline=&#8221;no&#8221; text_larger=&#8221;no&#8221;]<\/p>\n<h2>Roupa de beb\u00e9 12 meses: Pronto para a a\u00e7\u00e3o<\/h2>\n<p>Aos 12 meses, o teu beb\u00e9 j\u00e1 \u00e9 um explorador. Necessita de roupa resistente, confort\u00e1vel e que o mantenha protegido durante todo o dia. Na Juliana, temos roupa de beb\u00e9 para os 12 meses que se adapta perfeitamente ao seu ritmo de vida.  <\/p>\n<p>&#8211; Vestu\u00e1rio dur\u00e1vel e confort\u00e1vel: Cal\u00e7as ajust\u00e1veis, T-shirts e casacos leves que permitem o m\u00e1ximo conforto em todos os movimentos.<\/p>\n<p>&#8211; Estilo e funcionalidade: As nossas colec\u00e7\u00f5es oferecem o equil\u00edbrio perfeito entre design e praticidade, para que o teu beb\u00e9 esteja sempre bem vestido e confort\u00e1vel.[\/vc_column_text][\/vc_column][\/vc_row]<\/p>\n<\/div>","protected":false},"excerpt":{"rendered":"<p>[vc_row full_width=&#8221;stretch_row_content&#8221; content_placement=&#8221;middle&#8221; woodmart_bg_position=&#8221;center-top&#8221; row_reverse_mobile=&#8221;1&#8243; row_reverse_tablet=&#8221;1&#8243; css=&#8221;.vc_custom_1727888621601{margin-bottom: -1px !important;border-top-width: 14px !important;border-right-width: 14px !important;border-left-width: 14px !important;padding-top: 120px !important;background-color: #ffffff !important;background-position: center<\/p>\n","protected":false},"author":2,"featured_media":0,"parent":0,"menu_order":0,"comment_status":"closed","ping_status":"closed","template":"","meta":{"footnotes":""},"class_list":["post-67515","page","type-page","status-publish","hentry"],"yoast_head":"<!-- This site is optimized with the Yoast SEO plugin v27.3 - https:\/\/yoast.com\/product\/yoast-seo-wordpress\/ -->\n<title>Roupa de beb\u00e9 0 - 12 meses : Qualidade e conforto : Juliana<\/title>\n<meta name=\"description\" content=\"Roupa de beb\u00e9 0 - 12 meses: Roupa de beb\u00e9 0 meses, Roupa de beb\u00e9 3 meses, Roupa de beb\u00e9 6 meses e Roupa de beb\u00e9 9 meses. Juliana, roupa concebida com amor para o teu beb\u00e9 \u2764\ufe0f\" \/>\n<meta name=\"robots\" content=\"index, follow, max-snippet:-1, max-image-preview:large, max-video-preview:-1\" \/>\n<link rel=\"canonical\" href=\"https:\/\/vistiendobebes.com\/pt-pt\/roupa-de-bebe-0-12-meses-qualidade-conforto-e-docura-em-cada-peca\/\" \/>\n<meta property=\"og:locale\" content=\"pt_PT\" \/>\n<meta property=\"og:type\" content=\"article\" \/>\n<meta property=\"og:title\" content=\"Roupa de beb\u00e9 0 - 12 meses : Qualidade e conforto : Juliana\" \/>\n<meta property=\"og:description\" content=\"Roupa de beb\u00e9 0 - 12 meses: Roupa de beb\u00e9 0 meses, Roupa de beb\u00e9 3 meses, Roupa de beb\u00e9 6 meses e Roupa de beb\u00e9 9 meses. Juliana, roupa concebida com amor para o teu beb\u00e9 \u2764\ufe0f\" \/>\n<meta property=\"og:url\" content=\"https:\/\/vistiendobebes.com\/pt-pt\/roupa-de-bebe-0-12-meses-qualidade-conforto-e-docura-em-cada-peca\/\" \/>\n<meta property=\"og:site_name\" content=\"Juliana Vistiendo Beb\u00e9s\" \/>\n<meta property=\"article:publisher\" content=\"https:\/\/www.facebook.com\/julianavistiendobebes\" \/>\n<meta property=\"article:modified_time\" content=\"2024-10-16T15:01:40+00:00\" \/>\n<meta name=\"twitter:card\" content=\"summary_large_image\" \/>\n<meta name=\"twitter:label1\" content=\"Tempo estimado de leitura\" \/>\n\t<meta name=\"twitter:data1\" content=\"9 minutos\" \/>\n<script type=\"application\/ld+json\" class=\"yoast-schema-graph\">{\"@context\":\"https:\\\/\\\/schema.org\",\"@graph\":[{\"@type\":\"WebPage\",\"@id\":\"https:\\\/\\\/vistiendobebes.com\\\/pt-pt\\\/roupa-de-bebe-0-12-meses-qualidade-conforto-e-docura-em-cada-peca\\\/\",\"url\":\"https:\\\/\\\/vistiendobebes.com\\\/pt-pt\\\/roupa-de-bebe-0-12-meses-qualidade-conforto-e-docura-em-cada-peca\\\/\",\"name\":\"Roupa de beb\u00e9 0 - 12 meses : Qualidade e conforto : Juliana\",\"isPartOf\":{\"@id\":\"https:\\\/\\\/vistiendobebes.com\\\/pt-pt\\\/#website\"},\"datePublished\":\"2024-10-16T15:01:37+00:00\",\"dateModified\":\"2024-10-16T15:01:40+00:00\",\"description\":\"Roupa de beb\u00e9 0 - 12 meses: Roupa de beb\u00e9 0 meses, Roupa de beb\u00e9 3 meses, Roupa de beb\u00e9 6 meses e Roupa de beb\u00e9 9 meses. Juliana, roupa concebida com amor para o teu beb\u00e9 \u2764\ufe0f\",\"breadcrumb\":{\"@id\":\"https:\\\/\\\/vistiendobebes.com\\\/pt-pt\\\/roupa-de-bebe-0-12-meses-qualidade-conforto-e-docura-em-cada-peca\\\/#breadcrumb\"},\"inLanguage\":\"pt-PT\",\"potentialAction\":[{\"@type\":\"ReadAction\",\"target\":[\"https:\\\/\\\/vistiendobebes.com\\\/pt-pt\\\/roupa-de-bebe-0-12-meses-qualidade-conforto-e-docura-em-cada-peca\\\/\"]}]},{\"@type\":\"BreadcrumbList\",\"@id\":\"https:\\\/\\\/vistiendobebes.com\\\/pt-pt\\\/roupa-de-bebe-0-12-meses-qualidade-conforto-e-docura-em-cada-peca\\\/#breadcrumb\",\"itemListElement\":[{\"@type\":\"ListItem\",\"position\":1,\"name\":\"Portada\",\"item\":\"https:\\\/\\\/vistiendobebes.com\\\/pt-pt\\\/\"},{\"@type\":\"ListItem\",\"position\":2,\"name\":\"Roupa de beb\u00e9 0-12 meses: Qualidade, conforto e do\u00e7ura em cada pe\u00e7a\"}]},{\"@type\":\"WebSite\",\"@id\":\"https:\\\/\\\/vistiendobebes.com\\\/pt-pt\\\/#website\",\"url\":\"https:\\\/\\\/vistiendobebes.com\\\/pt-pt\\\/\",\"name\":\"Juliana Vistiendo Beb\u00e9s\",\"description\":\"Marca de moda infantil\",\"publisher\":{\"@id\":\"https:\\\/\\\/vistiendobebes.com\\\/pt-pt\\\/#organization\"},\"potentialAction\":[{\"@type\":\"SearchAction\",\"target\":{\"@type\":\"EntryPoint\",\"urlTemplate\":\"https:\\\/\\\/vistiendobebes.com\\\/pt-pt\\\/?s={search_term_string}\"},\"query-input\":{\"@type\":\"PropertyValueSpecification\",\"valueRequired\":true,\"valueName\":\"search_term_string\"}}],\"inLanguage\":\"pt-PT\"},{\"@type\":\"Organization\",\"@id\":\"https:\\\/\\\/vistiendobebes.com\\\/pt-pt\\\/#organization\",\"name\":\"Juliana, Vistiendo Beb\u00e9s\",\"url\":\"https:\\\/\\\/vistiendobebes.com\\\/pt-pt\\\/\",\"logo\":{\"@type\":\"ImageObject\",\"inLanguage\":\"pt-PT\",\"@id\":\"https:\\\/\\\/vistiendobebes.com\\\/pt-pt\\\/#\\\/schema\\\/logo\\\/image\\\/\",\"url\":\"https:\\\/\\\/vistiendobebes.com\\\/wp-content\\\/uploads\\\/2021\\\/07\\\/marca-juliana.png\",\"contentUrl\":\"https:\\\/\\\/vistiendobebes.com\\\/wp-content\\\/uploads\\\/2021\\\/07\\\/marca-juliana.png\",\"width\":909,\"height\":907,\"caption\":\"Juliana, Vistiendo Beb\u00e9s\"},\"image\":{\"@id\":\"https:\\\/\\\/vistiendobebes.com\\\/pt-pt\\\/#\\\/schema\\\/logo\\\/image\\\/\"},\"sameAs\":[\"https:\\\/\\\/www.facebook.com\\\/julianavistiendobebes\",\"https:\\\/\\\/www.instagram.com\\\/julianavistiendobebes\\\/\",\"https:\\\/\\\/www.youtube.com\\\/channel\\\/UCHaSPwnyKbcQ1Ppzf2roteA\"]}]}<\/script>\n<!-- \/ Yoast SEO plugin. -->","yoast_head_json":{"title":"Roupa de beb\u00e9 0 - 12 meses : Qualidade e conforto : Juliana","description":"Roupa de beb\u00e9 0 - 12 meses: Roupa de beb\u00e9 0 meses, Roupa de beb\u00e9 3 meses, Roupa de beb\u00e9 6 meses e Roupa de beb\u00e9 9 meses. Juliana, roupa concebida com amor para o teu beb\u00e9 \u2764\ufe0f","robots":{"index":"index","follow":"follow","max-snippet":"max-snippet:-1","max-image-preview":"max-image-preview:large","max-video-preview":"max-video-preview:-1"},"canonical":"https:\/\/vistiendobebes.com\/pt-pt\/roupa-de-bebe-0-12-meses-qualidade-conforto-e-docura-em-cada-peca\/","og_locale":"pt_PT","og_type":"article","og_title":"Roupa de beb\u00e9 0 - 12 meses : Qualidade e conforto : Juliana","og_description":"Roupa de beb\u00e9 0 - 12 meses: Roupa de beb\u00e9 0 meses, Roupa de beb\u00e9 3 meses, Roupa de beb\u00e9 6 meses e Roupa de beb\u00e9 9 meses. Juliana, roupa concebida com amor para o teu beb\u00e9 \u2764\ufe0f","og_url":"https:\/\/vistiendobebes.com\/pt-pt\/roupa-de-bebe-0-12-meses-qualidade-conforto-e-docura-em-cada-peca\/","og_site_name":"Juliana Vistiendo Beb\u00e9s","article_publisher":"https:\/\/www.facebook.com\/julianavistiendobebes","article_modified_time":"2024-10-16T15:01:40+00:00","twitter_card":"summary_large_image","twitter_misc":{"Tempo estimado de leitura":"9 minutos"},"schema":{"@context":"https:\/\/schema.org","@graph":[{"@type":"WebPage","@id":"https:\/\/vistiendobebes.com\/pt-pt\/roupa-de-bebe-0-12-meses-qualidade-conforto-e-docura-em-cada-peca\/","url":"https:\/\/vistiendobebes.com\/pt-pt\/roupa-de-bebe-0-12-meses-qualidade-conforto-e-docura-em-cada-peca\/","name":"Roupa de beb\u00e9 0 - 12 meses : Qualidade e conforto : Juliana","isPartOf":{"@id":"https:\/\/vistiendobebes.com\/pt-pt\/#website"},"datePublished":"2024-10-16T15:01:37+00:00","dateModified":"2024-10-16T15:01:40+00:00","description":"Roupa de beb\u00e9 0 - 12 meses: Roupa de beb\u00e9 0 meses, Roupa de beb\u00e9 3 meses, Roupa de beb\u00e9 6 meses e Roupa de beb\u00e9 9 meses. Juliana, roupa concebida com amor para o teu beb\u00e9 \u2764\ufe0f","breadcrumb":{"@id":"https:\/\/vistiendobebes.com\/pt-pt\/roupa-de-bebe-0-12-meses-qualidade-conforto-e-docura-em-cada-peca\/#breadcrumb"},"inLanguage":"pt-PT","potentialAction":[{"@type":"ReadAction","target":["https:\/\/vistiendobebes.com\/pt-pt\/roupa-de-bebe-0-12-meses-qualidade-conforto-e-docura-em-cada-peca\/"]}]},{"@type":"BreadcrumbList","@id":"https:\/\/vistiendobebes.com\/pt-pt\/roupa-de-bebe-0-12-meses-qualidade-conforto-e-docura-em-cada-peca\/#breadcrumb","itemListElement":[{"@type":"ListItem","position":1,"name":"Portada","item":"https:\/\/vistiendobebes.com\/pt-pt\/"},{"@type":"ListItem","position":2,"name":"Roupa de beb\u00e9 0-12 meses: Qualidade, conforto e do\u00e7ura em cada pe\u00e7a"}]},{"@type":"WebSite","@id":"https:\/\/vistiendobebes.com\/pt-pt\/#website","url":"https:\/\/vistiendobebes.com\/pt-pt\/","name":"Juliana Vistiendo Beb\u00e9s","description":"Marca de moda infantil","publisher":{"@id":"https:\/\/vistiendobebes.com\/pt-pt\/#organization"},"potentialAction":[{"@type":"SearchAction","target":{"@type":"EntryPoint","urlTemplate":"https:\/\/vistiendobebes.com\/pt-pt\/?s={search_term_string}"},"query-input":{"@type":"PropertyValueSpecification","valueRequired":true,"valueName":"search_term_string"}}],"inLanguage":"pt-PT"},{"@type":"Organization","@id":"https:\/\/vistiendobebes.com\/pt-pt\/#organization","name":"Juliana, Vistiendo Beb\u00e9s","url":"https:\/\/vistiendobebes.com\/pt-pt\/","logo":{"@type":"ImageObject","inLanguage":"pt-PT","@id":"https:\/\/vistiendobebes.com\/pt-pt\/#\/schema\/logo\/image\/","url":"https:\/\/vistiendobebes.com\/wp-content\/uploads\/2021\/07\/marca-juliana.png","contentUrl":"https:\/\/vistiendobebes.com\/wp-content\/uploads\/2021\/07\/marca-juliana.png","width":909,"height":907,"caption":"Juliana, Vistiendo Beb\u00e9s"},"image":{"@id":"https:\/\/vistiendobebes.com\/pt-pt\/#\/schema\/logo\/image\/"},"sameAs":["https:\/\/www.facebook.com\/julianavistiendobebes","https:\/\/www.instagram.com\/julianavistiendobebes\/","https:\/\/www.youtube.com\/channel\/UCHaSPwnyKbcQ1Ppzf2roteA"]}]}},"_links":{"self":[{"href":"https:\/\/vistiendobebes.com\/pt-pt\/wp-json\/wp\/v2\/pages\/67515","targetHints":{"allow":["GET"]}}],"collection":[{"href":"https:\/\/vistiendobebes.com\/pt-pt\/wp-json\/wp\/v2\/pages"}],"about":[{"href":"https:\/\/vistiendobebes.com\/pt-pt\/wp-json\/wp\/v2\/types\/page"}],"author":[{"embeddable":true,"href":"https:\/\/vistiendobebes.com\/pt-pt\/wp-json\/wp\/v2\/users\/2"}],"replies":[{"embeddable":true,"href":"https:\/\/vistiendobebes.com\/pt-pt\/wp-json\/wp\/v2\/comments?post=67515"}],"version-history":[{"count":0,"href":"https:\/\/vistiendobebes.com\/pt-pt\/wp-json\/wp\/v2\/pages\/67515\/revisions"}],"wp:attachment":[{"href":"https:\/\/vistiendobebes.com\/pt-pt\/wp-json\/wp\/v2\/media?parent=67515"}],"curies":[{"name":"wp","href":"https:\/\/api.w.org\/{rel}","templated":true}]}}