{"id":55713,"date":"2024-03-04T20:09:46","date_gmt":"2024-03-04T19:09:46","guid":{"rendered":"https:\/\/vistiendobebes.com\/aviso-legal-impressao\/"},"modified":"2024-03-05T09:59:40","modified_gmt":"2024-03-05T08:59:40","slug":"aviso-legal-impressao","status":"publish","type":"page","link":"https:\/\/vistiendobebes.com\/pt-pt\/aviso-legal-impressao\/","title":{"rendered":"Aviso legal \/ Impress\u00e3o"},"content":{"rendered":"\n<p>As condi\u00e7\u00f5es estabelecidas no presente Aviso Legal s\u00e3o complementares no caso de a empresa estabelecer condi\u00e7\u00f5es espec\u00edficas para a utiliza\u00e7\u00e3o e\/ou contrata\u00e7\u00e3o de servi\u00e7os espec\u00edficos.<br>1.- UTILIZADORES<br>O acesso e\/ou utiliza\u00e7\u00e3o do S\u00edtio Web confere a condi\u00e7\u00e3o de Utilizador, aceitando, a partir do referido acesso e\/ou utiliza\u00e7\u00e3o, o presente Aviso Legal.<\/p>\n\n\n\n<p>2.- UTILIZA\u00c7\u00c3O DO S\u00cdTIO WEB<\/p>\n\n\n\n<p>O Site pode dar acesso a uma multiplicidade de textos, gr\u00e1ficos, desenhos, projectos, c\u00f3digos, software, fotografias, m\u00fasica, v\u00eddeos, sons, bases de dados, imagens, express\u00f5es e informa\u00e7\u00f5es (doravante, &#8220;Conte\u00fados&#8221;) pertencentes \u00e0 empresa ou a terceiros aos quais o Utilizador pode ter acesso.<br>O Utilizador assume a responsabilidade pela utiliza\u00e7\u00e3o do Site.<br>O Utilizador compromete-se a fazer uma utiliza\u00e7\u00e3o adequada dos Conte\u00fados e dos servi\u00e7os oferecidos atrav\u00e9s do S\u00edtio Web e, a t\u00edtulo de exemplo, mas n\u00e3o exaustivo, a n\u00e3o os utilizar para<br>(i) realizar actividades il\u00edcitas, ilegais ou contr\u00e1rias \u00e0 boa f\u00e9 e \u00e0 ordem p\u00fablica;<br>(ii) causar danos aos sistemas f\u00edsicos e l\u00f3gicos do propriet\u00e1rio do s\u00edtio Web, dos seus fornecedores ou de terceiros,<br>(iii) introduzir ou difundir v\u00edrus inform\u00e1ticos ou quaisquer outros sistemas f\u00edsicos ou l\u00f3gicos suscept\u00edveis de causar os danos acima referidos.<\/p>\n\n\n\n<p><strong>4.- PROPRIEDADE INTELECTUAL<\/strong><br>Todos os direitos de propriedade intelectual do conte\u00fado deste s\u00edtio web e do seu desenho gr\u00e1fico s\u00e3o propriedade exclusiva da VISTIENDO BEBES SL, doravante designada JULIANA\u00ae CIF B46370334 e com endere\u00e7o para estes efeitos em Calle de Cervantes 115, 46620 Ayora (Valencia). Telefone 962 19 17 86 e endere\u00e7o de correio eletr\u00f3nico info@vistiendobebes.com ou das suas marcas associadas, e \u00e9 a quem corresponde o exerc\u00edcio exclusivo dos direitos de explora\u00e7\u00e3o das mesmas.<br>Por conseguinte, e em virtude do disposto no Real Decreto Legislativo 1\/1996, de 12 de abril, pelo qual se aprova o Texto Revisto da Lei de Propriedade Intelectual, bem como na Lei 17\/2001, de 7 de dezembro, e na sua regulamenta\u00e7\u00e3o, no Real Decreto 306\/2019, de 26 de abril, sobre Marcas e na legisla\u00e7\u00e3o complementar sobre propriedade intelectual e industrial, \u00e9 proibida a reprodu\u00e7\u00e3o, transmiss\u00e3o, adapta\u00e7\u00e3o, tradu\u00e7\u00e3o, distribui\u00e7\u00e3o, comunica\u00e7\u00e3o p\u00fablica, incluindo a sua modalidade de coloca\u00e7\u00e3o \u00e0 disposi\u00e7\u00e3o, ou qualquer outra explora\u00e7\u00e3o e\/ou modifica\u00e7\u00e3o, total ou parcial, sem autoriza\u00e7\u00e3o pr\u00e9via e expressa da JULIANA\u00ae, de qualquer conte\u00fado inclu\u00eddo no s\u00edtio web.<\/p>\n\n\n\n<p>A JULIANA\u00ae n\u00e3o concede qualquer licen\u00e7a ou autoriza\u00e7\u00e3o de uso de qualquer tipo sobre os seus direitos de propriedade intelectual e industrial ou sobre qualquer outra propriedade ou direito relacionado com o site, os servi\u00e7os ou os conte\u00fados do mesmo.<br>A legitimidade dos direitos de propriedade intelectual ou industrial correspondentes aos conte\u00fados fornecidos pelos utilizadores \u00e9 da exclusiva responsabilidade dos mesmos, pelo que o utilizador isentar\u00e1 a JULIANA\u00ae de qualquer reclama\u00e7\u00e3o de terceiros derivada da utiliza\u00e7\u00e3o il\u00edcita dos conte\u00fados do site.<\/p>\n\n\n\n<p><strong>5.- RESPONSABILIDADE E GARANTIAS<\/strong><br>A JULIANA\u00ae declara ter adotado as medidas necess\u00e1rias que, dentro das suas possibilidades e do estado da tecnologia, permitem o correto funcionamento do seu site, bem como a aus\u00eancia de v\u00edrus e componentes nocivos. No entanto, n\u00e3o pode ser responsabilizada: (a) pela continuidade e disponibilidade dos conte\u00fados e servi\u00e7os; (b) pela aus\u00eancia de v\u00edrus e\/ou outros componentes nocivos; (c) pelos danos causados por qualquer pessoa que viole os sistemas de seguran\u00e7a deste site.<br>A JULIANA\u00ae pode suspender temporariamente, sem aviso pr\u00e9vio, o acesso ao site para opera\u00e7\u00f5es de manuten\u00e7\u00e3o, repara\u00e7\u00e3o, atualiza\u00e7\u00e3o ou melhoramento. No entanto, sempre que as circunst\u00e2ncias o permitam, a JULIANA\u00ae informar\u00e1 o utilizador, com a devida anteced\u00eancia, da data prevista para a suspens\u00e3o dos servi\u00e7os.<br>A JULIANA\u00ae n\u00e3o assume qualquer responsabilidade pelos links para outros sites que se encontrem no site, os quais podem conduzir o Utilizador a outros sites sobre os quais n\u00e3o tem qualquer controlo, pelo que o Utilizador acede sob a sua exclusiva responsabilidade aos conte\u00fados e condi\u00e7\u00f5es de utiliza\u00e7\u00e3o que os regem.<br>A JULIANA\u00ae n\u00e3o \u00e9 respons\u00e1vel pela utiliza\u00e7\u00e3o que os Utilizadores possam fazer dos Conte\u00fados e servi\u00e7os inclu\u00eddos no Site. Consequentemente, n\u00e3o garante que a utiliza\u00e7\u00e3o que os utilizadores possam fazer dos conte\u00fados e servi\u00e7os que possam estar inclu\u00eddos no site, esteja de acordo com o presente Aviso Legal, nem que o fa\u00e7am de forma diligente.<\/p>\n\n\n\n<p><strong>6.- DURA\u00c7\u00c3O E MODIFICA\u00c7\u00c3O<\/strong><br>As condi\u00e7\u00f5es do presente Aviso Legal permanecer\u00e3o em vigor at\u00e9 que sejam modificadas, podendo estas altera\u00e7\u00f5es ser efectuadas e comunicadas ao Utilizador.<\/p>\n\n\n\n<p>O acesso e\/ou utiliza\u00e7\u00e3o do s\u00edtio Web ser\u00e1 entendido como a aceita\u00e7\u00e3o pelo utilizador das condi\u00e7\u00f5es do presente Aviso Legal e, se for caso disso, das altera\u00e7\u00f5es introduzidas nas mesmas.<\/p>\n\n\n\n<p><\/p>\n\n\n","protected":false},"excerpt":{"rendered":"<p>As condi\u00e7\u00f5es estabelecidas no presente Aviso Legal s\u00e3o complementares no caso de a empresa estabelecer condi\u00e7\u00f5es espec\u00edficas para a utiliza\u00e7\u00e3o<\/p>\n","protected":false},"author":2,"featured_media":0,"parent":0,"menu_order":0,"comment_status":"closed","ping_status":"closed","template":"","meta":{"footnotes":""},"class_list":["post-55713","page","type-page","status-publish","hentry"],"yoast_head":"<!-- This site is optimized with the Yoast SEO plugin v27.4 - https:\/\/yoast.com\/product\/yoast-seo-wordpress\/ -->\n<title>Aviso legal \/ Impress\u00e3o - Juliana Vistiendo Beb\u00e9s<\/title>\n<meta name=\"robots\" content=\"index, follow, max-snippet:-1, max-image-preview:large, max-video-preview:-1\" \/>\n<link rel=\"canonical\" href=\"https:\/\/vistiendobebes.com\/pt-pt\/aviso-legal-impressao\/\" \/>\n<meta property=\"og:locale\" content=\"pt_PT\" \/>\n<meta property=\"og:type\" content=\"article\" \/>\n<meta property=\"og:title\" content=\"Aviso legal \/ Impress\u00e3o - Juliana Vistiendo Beb\u00e9s\" \/>\n<meta property=\"og:description\" content=\"As condi\u00e7\u00f5es estabelecidas no presente Aviso Legal s\u00e3o complementares no caso de a empresa estabelecer condi\u00e7\u00f5es espec\u00edficas para a utiliza\u00e7\u00e3o\" \/>\n<meta property=\"og:url\" content=\"https:\/\/vistiendobebes.com\/pt-pt\/aviso-legal-impressao\/\" \/>\n<meta property=\"og:site_name\" content=\"Juliana Vistiendo Beb\u00e9s\" \/>\n<meta property=\"article:publisher\" content=\"https:\/\/www.facebook.com\/julianavistiendobebes\" \/>\n<meta property=\"article:modified_time\" content=\"2024-03-05T08:59:40+00:00\" \/>\n<meta name=\"twitter:card\" content=\"summary_large_image\" \/>\n<meta name=\"twitter:label1\" content=\"Tempo estimado de leitura\" \/>\n\t<meta name=\"twitter:data1\" content=\"4 minutos\" \/>\n<script type=\"application\/ld+json\" class=\"yoast-schema-graph\">{\"@context\":\"https:\\\/\\\/schema.org\",\"@graph\":[{\"@type\":\"WebPage\",\"@id\":\"https:\\\/\\\/vistiendobebes.com\\\/pt-pt\\\/aviso-legal-impressao\\\/\",\"url\":\"https:\\\/\\\/vistiendobebes.com\\\/pt-pt\\\/aviso-legal-impressao\\\/\",\"name\":\"Aviso legal \\\/ Impress\u00e3o - Juliana Vistiendo Beb\u00e9s\",\"isPartOf\":{\"@id\":\"https:\\\/\\\/vistiendobebes.com\\\/pt-pt\\\/#website\"},\"datePublished\":\"2024-03-04T19:09:46+00:00\",\"dateModified\":\"2024-03-05T08:59:40+00:00\",\"breadcrumb\":{\"@id\":\"https:\\\/\\\/vistiendobebes.com\\\/pt-pt\\\/aviso-legal-impressao\\\/#breadcrumb\"},\"inLanguage\":\"pt-PT\",\"potentialAction\":[{\"@type\":\"ReadAction\",\"target\":[\"https:\\\/\\\/vistiendobebes.com\\\/pt-pt\\\/aviso-legal-impressao\\\/\"]}]},{\"@type\":\"BreadcrumbList\",\"@id\":\"https:\\\/\\\/vistiendobebes.com\\\/pt-pt\\\/aviso-legal-impressao\\\/#breadcrumb\",\"itemListElement\":[{\"@type\":\"ListItem\",\"position\":1,\"name\":\"Portada\",\"item\":\"https:\\\/\\\/vistiendobebes.com\\\/pt-pt\\\/\"},{\"@type\":\"ListItem\",\"position\":2,\"name\":\"Aviso legal \\\/ Impress\u00e3o\"}]},{\"@type\":\"WebSite\",\"@id\":\"https:\\\/\\\/vistiendobebes.com\\\/pt-pt\\\/#website\",\"url\":\"https:\\\/\\\/vistiendobebes.com\\\/pt-pt\\\/\",\"name\":\"Juliana Vistiendo Beb\u00e9s\",\"description\":\"Marca de moda infantil\",\"publisher\":{\"@id\":\"https:\\\/\\\/vistiendobebes.com\\\/pt-pt\\\/#organization\"},\"potentialAction\":[{\"@type\":\"SearchAction\",\"target\":{\"@type\":\"EntryPoint\",\"urlTemplate\":\"https:\\\/\\\/vistiendobebes.com\\\/pt-pt\\\/?s={search_term_string}\"},\"query-input\":{\"@type\":\"PropertyValueSpecification\",\"valueRequired\":true,\"valueName\":\"search_term_string\"}}],\"inLanguage\":\"pt-PT\"},{\"@type\":\"Organization\",\"@id\":\"https:\\\/\\\/vistiendobebes.com\\\/pt-pt\\\/#organization\",\"name\":\"Juliana, Vistiendo Beb\u00e9s\",\"url\":\"https:\\\/\\\/vistiendobebes.com\\\/pt-pt\\\/\",\"logo\":{\"@type\":\"ImageObject\",\"inLanguage\":\"pt-PT\",\"@id\":\"https:\\\/\\\/vistiendobebes.com\\\/pt-pt\\\/#\\\/schema\\\/logo\\\/image\\\/\",\"url\":\"https:\\\/\\\/vistiendobebes.com\\\/wp-content\\\/uploads\\\/2021\\\/07\\\/marca-juliana.png\",\"contentUrl\":\"https:\\\/\\\/vistiendobebes.com\\\/wp-content\\\/uploads\\\/2021\\\/07\\\/marca-juliana.png\",\"width\":909,\"height\":907,\"caption\":\"Juliana, Vistiendo Beb\u00e9s\"},\"image\":{\"@id\":\"https:\\\/\\\/vistiendobebes.com\\\/pt-pt\\\/#\\\/schema\\\/logo\\\/image\\\/\"},\"sameAs\":[\"https:\\\/\\\/www.facebook.com\\\/julianavistiendobebes\",\"https:\\\/\\\/www.instagram.com\\\/julianavistiendobebes\\\/\",\"https:\\\/\\\/www.youtube.com\\\/channel\\\/UCHaSPwnyKbcQ1Ppzf2roteA\"]}]}<\/script>\n<!-- \/ Yoast SEO plugin. -->","yoast_head_json":{"title":"Aviso legal \/ Impress\u00e3o - Juliana Vistiendo Beb\u00e9s","robots":{"index":"index","follow":"follow","max-snippet":"max-snippet:-1","max-image-preview":"max-image-preview:large","max-video-preview":"max-video-preview:-1"},"canonical":"https:\/\/vistiendobebes.com\/pt-pt\/aviso-legal-impressao\/","og_locale":"pt_PT","og_type":"article","og_title":"Aviso legal \/ Impress\u00e3o - Juliana Vistiendo Beb\u00e9s","og_description":"As condi\u00e7\u00f5es estabelecidas no presente Aviso Legal s\u00e3o complementares no caso de a empresa estabelecer condi\u00e7\u00f5es espec\u00edficas para a utiliza\u00e7\u00e3o","og_url":"https:\/\/vistiendobebes.com\/pt-pt\/aviso-legal-impressao\/","og_site_name":"Juliana Vistiendo Beb\u00e9s","article_publisher":"https:\/\/www.facebook.com\/julianavistiendobebes","article_modified_time":"2024-03-05T08:59:40+00:00","twitter_card":"summary_large_image","twitter_misc":{"Tempo estimado de leitura":"4 minutos"},"schema":{"@context":"https:\/\/schema.org","@graph":[{"@type":"WebPage","@id":"https:\/\/vistiendobebes.com\/pt-pt\/aviso-legal-impressao\/","url":"https:\/\/vistiendobebes.com\/pt-pt\/aviso-legal-impressao\/","name":"Aviso legal \/ Impress\u00e3o - Juliana Vistiendo Beb\u00e9s","isPartOf":{"@id":"https:\/\/vistiendobebes.com\/pt-pt\/#website"},"datePublished":"2024-03-04T19:09:46+00:00","dateModified":"2024-03-05T08:59:40+00:00","breadcrumb":{"@id":"https:\/\/vistiendobebes.com\/pt-pt\/aviso-legal-impressao\/#breadcrumb"},"inLanguage":"pt-PT","potentialAction":[{"@type":"ReadAction","target":["https:\/\/vistiendobebes.com\/pt-pt\/aviso-legal-impressao\/"]}]},{"@type":"BreadcrumbList","@id":"https:\/\/vistiendobebes.com\/pt-pt\/aviso-legal-impressao\/#breadcrumb","itemListElement":[{"@type":"ListItem","position":1,"name":"Portada","item":"https:\/\/vistiendobebes.com\/pt-pt\/"},{"@type":"ListItem","position":2,"name":"Aviso legal \/ Impress\u00e3o"}]},{"@type":"WebSite","@id":"https:\/\/vistiendobebes.com\/pt-pt\/#website","url":"https:\/\/vistiendobebes.com\/pt-pt\/","name":"Juliana Vistiendo Beb\u00e9s","description":"Marca de moda infantil","publisher":{"@id":"https:\/\/vistiendobebes.com\/pt-pt\/#organization"},"potentialAction":[{"@type":"SearchAction","target":{"@type":"EntryPoint","urlTemplate":"https:\/\/vistiendobebes.com\/pt-pt\/?s={search_term_string}"},"query-input":{"@type":"PropertyValueSpecification","valueRequired":true,"valueName":"search_term_string"}}],"inLanguage":"pt-PT"},{"@type":"Organization","@id":"https:\/\/vistiendobebes.com\/pt-pt\/#organization","name":"Juliana, Vistiendo Beb\u00e9s","url":"https:\/\/vistiendobebes.com\/pt-pt\/","logo":{"@type":"ImageObject","inLanguage":"pt-PT","@id":"https:\/\/vistiendobebes.com\/pt-pt\/#\/schema\/logo\/image\/","url":"https:\/\/vistiendobebes.com\/wp-content\/uploads\/2021\/07\/marca-juliana.png","contentUrl":"https:\/\/vistiendobebes.com\/wp-content\/uploads\/2021\/07\/marca-juliana.png","width":909,"height":907,"caption":"Juliana, Vistiendo Beb\u00e9s"},"image":{"@id":"https:\/\/vistiendobebes.com\/pt-pt\/#\/schema\/logo\/image\/"},"sameAs":["https:\/\/www.facebook.com\/julianavistiendobebes","https:\/\/www.instagram.com\/julianavistiendobebes\/","https:\/\/www.youtube.com\/channel\/UCHaSPwnyKbcQ1Ppzf2roteA"]}]}},"_links":{"self":[{"href":"https:\/\/vistiendobebes.com\/pt-pt\/wp-json\/wp\/v2\/pages\/55713","targetHints":{"allow":["GET"]}}],"collection":[{"href":"https:\/\/vistiendobebes.com\/pt-pt\/wp-json\/wp\/v2\/pages"}],"about":[{"href":"https:\/\/vistiendobebes.com\/pt-pt\/wp-json\/wp\/v2\/types\/page"}],"author":[{"embeddable":true,"href":"https:\/\/vistiendobebes.com\/pt-pt\/wp-json\/wp\/v2\/users\/2"}],"replies":[{"embeddable":true,"href":"https:\/\/vistiendobebes.com\/pt-pt\/wp-json\/wp\/v2\/comments?post=55713"}],"version-history":[{"count":0,"href":"https:\/\/vistiendobebes.com\/pt-pt\/wp-json\/wp\/v2\/pages\/55713\/revisions"}],"wp:attachment":[{"href":"https:\/\/vistiendobebes.com\/pt-pt\/wp-json\/wp\/v2\/media?parent=55713"}],"curies":[{"name":"wp","href":"https:\/\/api.w.org\/{rel}","templated":true}]}}