{"id":36671,"date":"2023-08-30T13:13:52","date_gmt":"2023-08-30T11:13:52","guid":{"rendered":"https:\/\/vistiendobebes.com\/?page_id=36671"},"modified":"2025-09-18T11:01:08","modified_gmt":"2025-09-18T09:01:08","slug":"catalogo","status":"publish","type":"page","link":"https:\/\/vistiendobebes.com\/pt-pt\/catalogo\/","title":{"rendered":"Cat\u00e1logo"},"content":{"rendered":"<div class=\"wpb-content-wrapper\"><p>[vc_row full_width=&#8221;stretch_row_content_no_spaces&#8221; equal_height=&#8221;yes&#8221; mobile_bg_img_hidden=&#8221;no&#8221; tablet_bg_img_hidden=&#8221;no&#8221; woodmart_parallax=&#8221;0&#8243; woodmart_gradient_switch=&#8221;no&#8221; row_reverse_mobile=&#8221;0&#8243; row_reverse_tablet=&#8221;0&#8243; woodmart_disable_overflow=&#8221;0&#8243; el_class=&#8221;mb0&#8243;][vc_column][vc_single_image image=&#8221;87079&#8243; img_size=&#8221;full&#8221; alignment=&#8221;center&#8221; css=&#8221;&#8221; woodmart_inline=&#8221;no&#8221; parallax_scroll=&#8221;no&#8221;][vc_column_text woodmart_inline=&#8221;no&#8221; text_larger=&#8221;no&#8221;]<\/p>\n<h1 style=\"text-align: center;\">CAT\u00c1LOGO DE MODA PARA CRIAN\u00c7AS<\/h1>\n<p>[\/vc_column_text][\/vc_column][\/vc_row][vc_row full_width=&#8221;stretch_row_content_no_spaces&#8221; equal_height=&#8221;yes&#8221; el_class=&#8221;height-col&#8221; mobile_bg_img_hidden=&#8221;no&#8221; tablet_bg_img_hidden=&#8221;no&#8221; woodmart_parallax=&#8221;0&#8243; woodmart_gradient_switch=&#8221;no&#8221; row_reverse_mobile=&#8221;0&#8243; row_reverse_tablet=&#8221;0&#8243; woodmart_disable_overflow=&#8221;0&#8243;][vc_column width=&#8221;1\/2&#8243; css=&#8221;.vc_custom_1626350524778{padding-top: 7vh !important;padding-right: 10% !important;padding-bottom: 7vh !important;padding-left: 10% !important;background-position: center !important;background-repeat: no-repeat !important;background-size: cover !important;}&#8221; mobile_bg_img_hidden=&#8221;no&#8221; tablet_bg_img_hidden=&#8221;no&#8221; woodmart_parallax=&#8221;0&#8243; woodmart_sticky_column=&#8221;false&#8221; parallax_scroll=&#8221;no&#8221; mobile_reset_margin=&#8221;no&#8221; tablet_reset_margin=&#8221;no&#8221;][vc_column_text woodmart_inline=&#8221;no&#8221; text_larger=&#8221;no&#8221;]<strong>INFORMA\u00c7\u00d5ES<\/strong><\/p>\n<h2 style=\"font-family: 'Avenir';\">PERGUNTAS FREQUENTES<\/h2>\n<p>[\/vc_column_text][vc_separator][vc_tta_accordion c_icon=&#8221;triangle&#8221; c_position=&#8221;right&#8221; active_section=&#8221;1&#8243;][vc_tta_section title=&#8221;Onde posso comprar?&#8221; tab_id=&#8221;1626420716240-7ecf2f00-2501&#8243;][vc_column_text woodmart_inline=&#8221;no&#8221; text_larger=&#8221;no&#8221;]Temos cada vez mais pontos de distribui\u00e7\u00e3o, tanto f\u00edsicos como online, mas se n\u00e3o conseguir encontrar os que procura, pode escrever-nos e tentaremos ajud\u00e1-lo. Preencha o formul\u00e1rio clicando\u00a0<a href=\"https:\/\/vistiendobebes.fusionartecomunicacion.es\/pt-pt\/lojas\/?lang=pt-pt\">AQU\u00cd.<\/a>[\/vc_column_text][\/vc_tta_section][vc_tta_section title=&#8221;Como saber se o tamanho est\u00e1 correto?&#8221; tab_id=&#8221;1626420867180-5376baf6-5a16&#8243;][vc_column_text woodmart_inline=&#8221;no&#8221; text_larger=&#8221;no&#8221;]Para ter uma ideia mais realista se a roupa vai caber no seu menino ou menina, verifique nosso <a href=\"https:\/\/vistiendobebes.com\/wp-content\/uploads\/2021\/07\/GUIADETAMANHOSjuliana.jpg\">guia de tamanhos.<\/a>[\/vc_column_text][\/vc_tta_section][vc_tta_section title=&#8221;Para descarregar o cat\u00e1logo, preciso me registrar novamente?&#8221; tab_id=&#8221;1626420866414-85070dd0-87f7&#8243;][vc_column_text woodmart_inline=&#8221;no&#8221; text_larger=&#8221;no&#8221;]Se j\u00e1 se inscreveu em campanhas anteriores, <strong>n\u00e3o precisa de o fazer de novo<\/strong>, pois ser\u00e1 um dos primeiros a receber o nosso novo cat\u00e1logo no seu email.[\/vc_column_text][\/vc_tta_section][vc_tta_section title=&#8221;Com que frequ\u00eancia podemos ver uma nova cole\u00e7\u00e3o?&#8221; tab_id=&#8221;1626420862998-10353cf4-4703&#8243;][vc_column_text woodmart_inline=&#8221;no&#8221; text_larger=&#8221;no&#8221;]A cada 6 meses encontra a nossa nova colec\u00e7\u00e3o e cat\u00e1logo, coincidindo com as \u00e9pocas Primavera-Ver\u00e3o e Outono-Inverno.[\/vc_column_text][\/vc_tta_section][vc_tta_section title=&#8221;Se eu tiver uma loja, posso distribuir sua marca?&#8221; tab_id=&#8221;1626421054813-8317d420-22fe&#8221;][vc_column_text woodmart_inline=&#8221;no&#8221; text_larger=&#8221;no&#8221;]Em princ\u00edpio, sim. Voc\u00ea deve entrar em contato conosco por telefone e solicitar a visita de nosso representante na \u00e1rea.[\/vc_column_text][\/vc_tta_section][\/vc_tta_accordion][\/vc_column][vc_column width=&#8221;1\/2&#8243; css=&#8221;.vc_custom_1626422037641{padding-top: 7vh !important;padding-right: 10% !important;padding-bottom: 7vh !important;padding-left: 10% !important;background-position: center !important;background-repeat: no-repeat !important;background-size: cover !important;}&#8221; mobile_bg_img_hidden=&#8221;no&#8221; tablet_bg_img_hidden=&#8221;no&#8221; woodmart_parallax=&#8221;0&#8243; woodmart_sticky_column=&#8221;false&#8221; parallax_scroll=&#8221;no&#8221; mobile_reset_margin=&#8221;no&#8221; tablet_reset_margin=&#8221;no&#8221;][vc_column_text woodmart_inline=&#8221;no&#8221; text_larger=&#8221;no&#8221;]<\/p>\n<h2 style=\"font-family: 'Avenir'; color: #7891a3;\"><strong>Receba nosso cat\u00e1logo e seja o primeiro a saber das novas cole\u00e7\u00f5es<\/strong><\/h2>\n<p>[\/vc_column_text][vc_single_image image=&#8221;87083&#8243; css=&#8221;&#8221; woodmart_inline=&#8221;no&#8221; parallax_scroll=&#8221;no&#8221;][vc_btn title=&#8221;BAIXAR CAT\u00c1LOGO&#8221; align=&#8221;center&#8221; i_icon_fontawesome=&#8221;fas fa-angle-double-down&#8221; button_block=&#8221;true&#8221; add_icon=&#8221;true&#8221; link=&#8221;url:https%3A%2F%2Fvistiendobebes.us14.list-manage.com%2Fsubscribe%3Fu%3D65f5f556cab5ba12b7929e1a4%26id%3D482e42f9b8|target:_blank&#8221;][vc_column_text woodmart_inline=&#8221;no&#8221; text_larger=&#8221;no&#8221;]Respons\u00e1vel: Vistiendo bebes S.L. Objetivo: Gerenciar o envio de informa\u00e7\u00f5es e prospec\u00e7\u00e3o comercial. Legitima\u00e7\u00e3o: Consentimento do interessado. Destinat\u00e1rios: Seus dados s\u00e3o hospedados nos servidores de nossa conta mailchimp localizados nos Estados Unidos e regulamentados pela EU.US Privacy Shield Rights: Acesse, retifique e exclua os dados, bem como outros direitos, conforme explicado nas informa\u00e7\u00f5es adicionais. Informa\u00e7\u00f5es adicionais: Voc\u00ea pode consultar as informa\u00e7\u00f5es adicionais e detalhadas sobre Prote\u00e7\u00e3o de Dados em nosso site: <a href=\"https:\/\/vistiendobebes.com\/pt-pt\/declaracao-de-privacidade-ue\/\" target=\"_blank\" rel=\"noopener\">https:\/\/vistiendobebes.com\/pt-pt\/declaracao-de-privacidade-ue\/<\/a>[\/vc_column_text][\/vc_column][\/vc_row][vc_row full_width=&#8221;stretch_row_content&#8221; css=&#8221;.vc_custom_1758186036514{padding-right: 110px !important;padding-left: 110px !important;}&#8221; woodmart_css_id=&#8221;68cbca2c5e1cf&#8221; responsive_spacing=&#8221;eyJwYXJhbV90eXBlIjoid29vZG1hcnRfcmVzcG9uc2l2ZV9zcGFjaW5nIiwic2VsZWN0b3JfaWQiOiI2OGNiY2EyYzVlMWNmIiwic2hvcnRjb2RlIjoidmNfcm93IiwiZGF0YSI6eyJ0YWJsZXQiOnt9LCJtb2JpbGUiOnt9fX0=&#8221; mobile_bg_img_hidden=&#8221;no&#8221; tablet_bg_img_hidden=&#8221;no&#8221; woodmart_parallax=&#8221;0&#8243; woodmart_gradient_switch=&#8221;no&#8221; woodmart_box_shadow=&#8221;no&#8221; wd_z_index=&#8221;no&#8221; woodmart_disable_overflow=&#8221;0&#8243; row_reverse_mobile=&#8221;0&#8243; row_reverse_tablet=&#8221;0&#8243;][vc_column width=&#8221;1\/3&#8243;][vc_column_text woodmart_inline=&#8221;no&#8221; text_larger=&#8221;no&#8221;]<\/p>\n<h2>Cat\u00e1logo de moda infantil<\/h2>\n<p>Com uma grande variedade de modelos, desenhos, cores e tamanhos, poder\u00e1 encontrar a roupa mais adequada para crian\u00e7as nos nossos cat\u00e1logos.<\/p>\n<p>O nosso <strong>cat\u00e1logo de moda infantil<\/strong> \u00e9 renovado a cada seis meses, coincidindo com as novas colec\u00e7\u00f5es para as esta\u00e7\u00f5es primavera-ver\u00e3o e outono-inverno.<\/p>\n<p>Meses antes da chegada da Primavera pode descarregar o<strong> cat\u00e1logo de moda infantil de primavera-ver\u00e3o<\/strong> para seleccionar os looks ideais para a esta\u00e7\u00e3o.<\/p>\n<p>Da mesma forma e antes do tempo frio chegar, pode deitar as m\u00e3os ao cat\u00e1logo de moda infantil do outono-inverno para que possa come\u00e7ar as suas compras e vestir os mais pequenos com a \u00faltima moda em roupa de crian\u00e7a e beb\u00e9.[\/vc_column_text][\/vc_column][vc_column width=&#8221;1\/3&#8243;][vc_column_text woodmart_inline=&#8221;no&#8221; text_larger=&#8221;no&#8221;]<\/p>\n<h2>Novas colec\u00e7\u00f5es de cat\u00e1logos de vestu\u00e1rio para meninas<\/h2>\n<p>Roupas delicadas e confort\u00e1veis para vestir os mais pequenos da casa. Vestu\u00e1rio feito de tecidos como malhas e algod\u00e3o, com o estilo da nossa marca.<\/p>\n<p>Nos nossos <strong>cat\u00e1logos de vestu\u00e1rio para meninas<\/strong> dos 0 aos 4 anos de idade, encontrar\u00e1 propostas originais, looks concebidos especialmente para as mais novas da casa. Desde roupas de r\u00e3, vestidos, saias, casacos, casacos, acess\u00f3rios, e tudo o que possa precisar, encontrar\u00e1 nos nossos cat\u00e1logos de roupa infantil.[\/vc_column_text][\/vc_column][vc_column width=&#8221;1\/3&#8243;][vc_column_text woodmart_inline=&#8221;no&#8221; text_larger=&#8221;no&#8221;]<\/p>\n<h2>Cat\u00e1logos de vestu\u00e1rio infantil<\/h2>\n<p>No mesmo cat\u00e1logo encontrar\u00e1 as nossas propostas para vestu\u00e1rio de crian\u00e7a. Propostas para o dia a dia com vestu\u00e1rio cheio de detalhes e cores que nos levam ao mundo da moda infantil de Juliana para crian\u00e7as.<\/p>\n<p>Uma vasta gama de roupas para beb\u00e9s e crian\u00e7as onde a cor, estampas e detalhes s\u00e3o os protagonistas de cada colec\u00e7\u00e3o.<\/p>\n<p>N\u00e3o perca os nossos <strong>cat\u00e1logos de roupa infantil<\/strong>. Propostas para vestir os pequenos que s\u00e3o reinventados a cada esta\u00e7\u00e3o do ano.[\/vc_column_text][\/vc_column][\/vc_row][vc_row full_width=&#8221;stretch_row_content&#8221; css=&#8221;.vc_custom_1758186058906{padding-right: 110px !important;padding-left: 110px !important;}&#8221; woodmart_css_id=&#8221;68cbca3adafcb&#8221; responsive_spacing=&#8221;eyJwYXJhbV90eXBlIjoid29vZG1hcnRfcmVzcG9uc2l2ZV9zcGFjaW5nIiwic2VsZWN0b3JfaWQiOiI2OGNiY2EzYWRhZmNiIiwic2hvcnRjb2RlIjoidmNfcm93IiwiZGF0YSI6eyJ0YWJsZXQiOnt9LCJtb2JpbGUiOnt9fX0=&#8221; mobile_bg_img_hidden=&#8221;no&#8221; tablet_bg_img_hidden=&#8221;no&#8221; woodmart_parallax=&#8221;0&#8243; woodmart_gradient_switch=&#8221;no&#8221; woodmart_box_shadow=&#8221;no&#8221; wd_z_index=&#8221;no&#8221; woodmart_disable_overflow=&#8221;0&#8243; row_reverse_mobile=&#8221;0&#8243; row_reverse_tablet=&#8221;0&#8243;][vc_column][vc_column_text woodmart_inline=&#8221;no&#8221; text_larger=&#8221;no&#8221;]Registe-se e descarregue os nossos cat\u00e1logos de moda infantil e conhe\u00e7a as novas colec\u00e7\u00f5es antes de qualquer outra pessoa. Poder\u00e1 encontrar as nossas pe\u00e7as de vestu\u00e1rio tanto em pontos de distribui\u00e7\u00e3o f\u00edsica como em linha.[\/vc_column_text][\/vc_column][\/vc_row][vc_row][vc_column][vc_separator color=&#8221;custom&#8221; accent_color=&#8221;#7c91a2&#8243;][vc_column_text woodmart_inline=&#8221;no&#8221; text_larger=&#8221;no&#8221;]<strong>Pode tamb\u00e9m estar interessado:<\/strong><\/p>\n<ul class=\"enlazado-interno\">\n<li><a href=\"https:\/\/vistiendobebes.com\/pt-pt\/lojas\/\">Lojas e distribuidores de moda infantil<\/a><\/li>\n<li><a href=\"https:\/\/vistiendobebes.com\/pt-pt\/lookbook\/\">Fornecedores de roupa infantil<\/a><\/li>\n<li><a href=\"https:\/\/vistiendobebes.com\/pt-pt\/roupa-infantil\/\">Marcas espanholas de roupa infantil<\/a><\/li>\n<li><a href=\"https:\/\/vistiendobebes.com\/pt-pt\/vestir-os-sonhos-a-magia-da-roupa-para-recem-nascidos\/\">Malhas para beb\u00e9<\/a><\/li>\n<\/ul>\n<p>[\/vc_column_text][\/vc_column][\/vc_row]<\/p>\n<\/div>","protected":false},"excerpt":{"rendered":"<p>[vc_row full_width=&#8221;stretch_row_content_no_spaces&#8221; equal_height=&#8221;yes&#8221; mobile_bg_img_hidden=&#8221;no&#8221; tablet_bg_img_hidden=&#8221;no&#8221; woodmart_parallax=&#8221;0&#8243; woodmart_gradient_switch=&#8221;no&#8221; row_reverse_mobile=&#8221;0&#8243; row_reverse_tablet=&#8221;0&#8243; woodmart_disable_overflow=&#8221;0&#8243; el_class=&#8221;mb0&#8243;][vc_column][vc_single_image image=&#8221;87079&#8243; img_size=&#8221;full&#8221; alignment=&#8221;center&#8221; css=&#8221;&#8221; woodmart_inline=&#8221;no&#8221; parallax_scroll=&#8221;no&#8221;][vc_column_text woodmart_inline=&#8221;no&#8221; text_larger=&#8221;no&#8221;] CAT\u00c1LOGO<\/p>\n","protected":false},"author":2,"featured_media":87079,"parent":0,"menu_order":0,"comment_status":"closed","ping_status":"closed","template":"","meta":{"footnotes":""},"class_list":["post-36671","page","type-page","status-publish","has-post-thumbnail","hentry"],"yoast_head":"<!-- This site is optimized with the Yoast SEO plugin v27.3 - https:\/\/yoast.com\/product\/yoast-seo-wordpress\/ -->\n<title>Catalogo moda infantil - Juliana<\/title>\n<meta name=\"description\" content=\"O nosso cat\u00e1logo moda infantil tem as mais recentes colec\u00e7\u00f5es de roupa infantil de todas as esta\u00e7\u00f5es. Descubra o nosso cat\u00e1logo de vestu\u00e1rio infantil.\" \/>\n<meta name=\"robots\" content=\"index, follow, max-snippet:-1, max-image-preview:large, max-video-preview:-1\" \/>\n<link rel=\"canonical\" href=\"https:\/\/vistiendobebes.com\/pt-pt\/catalogo\/\" \/>\n<meta property=\"og:locale\" content=\"pt_PT\" \/>\n<meta property=\"og:type\" content=\"article\" \/>\n<meta property=\"og:title\" content=\"Catalogo moda infantil - Juliana\" \/>\n<meta property=\"og:description\" content=\"O nosso cat\u00e1logo moda infantil tem as mais recentes colec\u00e7\u00f5es de roupa infantil de todas as esta\u00e7\u00f5es. Descubra o nosso cat\u00e1logo de vestu\u00e1rio infantil.\" \/>\n<meta property=\"og:url\" content=\"https:\/\/vistiendobebes.com\/pt-pt\/catalogo\/\" \/>\n<meta property=\"og:site_name\" content=\"Juliana Vistiendo Beb\u00e9s\" \/>\n<meta property=\"article:publisher\" content=\"https:\/\/www.facebook.com\/julianavistiendobebes\" \/>\n<meta property=\"article:modified_time\" content=\"2025-09-18T09:01:08+00:00\" \/>\n<meta property=\"og:image\" content=\"https:\/\/vistiendobebes.com\/wp-content\/uploads\/2025\/09\/bannerDESCARGAcatalogo-scaled.jpg\" \/>\n\t<meta property=\"og:image:width\" content=\"2048\" \/>\n\t<meta property=\"og:image:height\" content=\"583\" \/>\n\t<meta property=\"og:image:type\" content=\"image\/jpeg\" \/>\n<meta name=\"twitter:card\" content=\"summary_large_image\" \/>\n<meta name=\"twitter:label1\" content=\"Tempo estimado de leitura\" \/>\n\t<meta name=\"twitter:data1\" content=\"4 minutos\" \/>\n<script type=\"application\/ld+json\" class=\"yoast-schema-graph\">{\"@context\":\"https:\\\/\\\/schema.org\",\"@graph\":[{\"@type\":\"WebPage\",\"@id\":\"https:\\\/\\\/vistiendobebes.com\\\/pt-pt\\\/catalogo\\\/\",\"url\":\"https:\\\/\\\/vistiendobebes.com\\\/pt-pt\\\/catalogo\\\/\",\"name\":\"Catalogo moda infantil - Juliana\",\"isPartOf\":{\"@id\":\"https:\\\/\\\/vistiendobebes.com\\\/pt-pt\\\/#website\"},\"primaryImageOfPage\":{\"@id\":\"https:\\\/\\\/vistiendobebes.com\\\/pt-pt\\\/catalogo\\\/#primaryimage\"},\"image\":{\"@id\":\"https:\\\/\\\/vistiendobebes.com\\\/pt-pt\\\/catalogo\\\/#primaryimage\"},\"thumbnailUrl\":\"https:\\\/\\\/vistiendobebes.com\\\/wp-content\\\/uploads\\\/2025\\\/09\\\/bannerDESCARGAcatalogo-scaled.jpg\",\"datePublished\":\"2023-08-30T11:13:52+00:00\",\"dateModified\":\"2025-09-18T09:01:08+00:00\",\"description\":\"O nosso cat\u00e1logo moda infantil tem as mais recentes colec\u00e7\u00f5es de roupa infantil de todas as esta\u00e7\u00f5es. Descubra o nosso cat\u00e1logo de vestu\u00e1rio infantil.\",\"breadcrumb\":{\"@id\":\"https:\\\/\\\/vistiendobebes.com\\\/pt-pt\\\/catalogo\\\/#breadcrumb\"},\"inLanguage\":\"pt-PT\",\"potentialAction\":[{\"@type\":\"ReadAction\",\"target\":[\"https:\\\/\\\/vistiendobebes.com\\\/pt-pt\\\/catalogo\\\/\"]}]},{\"@type\":\"ImageObject\",\"inLanguage\":\"pt-PT\",\"@id\":\"https:\\\/\\\/vistiendobebes.com\\\/pt-pt\\\/catalogo\\\/#primaryimage\",\"url\":\"https:\\\/\\\/vistiendobebes.com\\\/wp-content\\\/uploads\\\/2025\\\/09\\\/bannerDESCARGAcatalogo-scaled.jpg\",\"contentUrl\":\"https:\\\/\\\/vistiendobebes.com\\\/wp-content\\\/uploads\\\/2025\\\/09\\\/bannerDESCARGAcatalogo-scaled.jpg\",\"width\":2048,\"height\":583,\"caption\":\"bannerDOWNDOWLOADcatalogue\"},{\"@type\":\"BreadcrumbList\",\"@id\":\"https:\\\/\\\/vistiendobebes.com\\\/pt-pt\\\/catalogo\\\/#breadcrumb\",\"itemListElement\":[{\"@type\":\"ListItem\",\"position\":1,\"name\":\"Portada\",\"item\":\"https:\\\/\\\/vistiendobebes.com\\\/pt-pt\\\/\"},{\"@type\":\"ListItem\",\"position\":2,\"name\":\"Cat\u00e1logo\"}]},{\"@type\":\"WebSite\",\"@id\":\"https:\\\/\\\/vistiendobebes.com\\\/pt-pt\\\/#website\",\"url\":\"https:\\\/\\\/vistiendobebes.com\\\/pt-pt\\\/\",\"name\":\"Juliana Vistiendo Beb\u00e9s\",\"description\":\"Marca de moda infantil\",\"publisher\":{\"@id\":\"https:\\\/\\\/vistiendobebes.com\\\/pt-pt\\\/#organization\"},\"potentialAction\":[{\"@type\":\"SearchAction\",\"target\":{\"@type\":\"EntryPoint\",\"urlTemplate\":\"https:\\\/\\\/vistiendobebes.com\\\/pt-pt\\\/?s={search_term_string}\"},\"query-input\":{\"@type\":\"PropertyValueSpecification\",\"valueRequired\":true,\"valueName\":\"search_term_string\"}}],\"inLanguage\":\"pt-PT\"},{\"@type\":\"Organization\",\"@id\":\"https:\\\/\\\/vistiendobebes.com\\\/pt-pt\\\/#organization\",\"name\":\"Juliana, Vistiendo Beb\u00e9s\",\"url\":\"https:\\\/\\\/vistiendobebes.com\\\/pt-pt\\\/\",\"logo\":{\"@type\":\"ImageObject\",\"inLanguage\":\"pt-PT\",\"@id\":\"https:\\\/\\\/vistiendobebes.com\\\/pt-pt\\\/#\\\/schema\\\/logo\\\/image\\\/\",\"url\":\"https:\\\/\\\/vistiendobebes.com\\\/wp-content\\\/uploads\\\/2021\\\/07\\\/marca-juliana.png\",\"contentUrl\":\"https:\\\/\\\/vistiendobebes.com\\\/wp-content\\\/uploads\\\/2021\\\/07\\\/marca-juliana.png\",\"width\":909,\"height\":907,\"caption\":\"Juliana, Vistiendo Beb\u00e9s\"},\"image\":{\"@id\":\"https:\\\/\\\/vistiendobebes.com\\\/pt-pt\\\/#\\\/schema\\\/logo\\\/image\\\/\"},\"sameAs\":[\"https:\\\/\\\/www.facebook.com\\\/julianavistiendobebes\",\"https:\\\/\\\/www.instagram.com\\\/julianavistiendobebes\\\/\",\"https:\\\/\\\/www.youtube.com\\\/channel\\\/UCHaSPwnyKbcQ1Ppzf2roteA\"]}]}<\/script>\n<!-- \/ Yoast SEO plugin. -->","yoast_head_json":{"title":"Catalogo moda infantil - Juliana","description":"O nosso cat\u00e1logo moda infantil tem as mais recentes colec\u00e7\u00f5es de roupa infantil de todas as esta\u00e7\u00f5es. Descubra o nosso cat\u00e1logo de vestu\u00e1rio infantil.","robots":{"index":"index","follow":"follow","max-snippet":"max-snippet:-1","max-image-preview":"max-image-preview:large","max-video-preview":"max-video-preview:-1"},"canonical":"https:\/\/vistiendobebes.com\/pt-pt\/catalogo\/","og_locale":"pt_PT","og_type":"article","og_title":"Catalogo moda infantil - Juliana","og_description":"O nosso cat\u00e1logo moda infantil tem as mais recentes colec\u00e7\u00f5es de roupa infantil de todas as esta\u00e7\u00f5es. Descubra o nosso cat\u00e1logo de vestu\u00e1rio infantil.","og_url":"https:\/\/vistiendobebes.com\/pt-pt\/catalogo\/","og_site_name":"Juliana Vistiendo Beb\u00e9s","article_publisher":"https:\/\/www.facebook.com\/julianavistiendobebes","article_modified_time":"2025-09-18T09:01:08+00:00","og_image":[{"width":2048,"height":583,"url":"https:\/\/vistiendobebes.com\/wp-content\/uploads\/2025\/09\/bannerDESCARGAcatalogo-scaled.jpg","type":"image\/jpeg"}],"twitter_card":"summary_large_image","twitter_misc":{"Tempo estimado de leitura":"4 minutos"},"schema":{"@context":"https:\/\/schema.org","@graph":[{"@type":"WebPage","@id":"https:\/\/vistiendobebes.com\/pt-pt\/catalogo\/","url":"https:\/\/vistiendobebes.com\/pt-pt\/catalogo\/","name":"Catalogo moda infantil - Juliana","isPartOf":{"@id":"https:\/\/vistiendobebes.com\/pt-pt\/#website"},"primaryImageOfPage":{"@id":"https:\/\/vistiendobebes.com\/pt-pt\/catalogo\/#primaryimage"},"image":{"@id":"https:\/\/vistiendobebes.com\/pt-pt\/catalogo\/#primaryimage"},"thumbnailUrl":"https:\/\/vistiendobebes.com\/wp-content\/uploads\/2025\/09\/bannerDESCARGAcatalogo-scaled.jpg","datePublished":"2023-08-30T11:13:52+00:00","dateModified":"2025-09-18T09:01:08+00:00","description":"O nosso cat\u00e1logo moda infantil tem as mais recentes colec\u00e7\u00f5es de roupa infantil de todas as esta\u00e7\u00f5es. Descubra o nosso cat\u00e1logo de vestu\u00e1rio infantil.","breadcrumb":{"@id":"https:\/\/vistiendobebes.com\/pt-pt\/catalogo\/#breadcrumb"},"inLanguage":"pt-PT","potentialAction":[{"@type":"ReadAction","target":["https:\/\/vistiendobebes.com\/pt-pt\/catalogo\/"]}]},{"@type":"ImageObject","inLanguage":"pt-PT","@id":"https:\/\/vistiendobebes.com\/pt-pt\/catalogo\/#primaryimage","url":"https:\/\/vistiendobebes.com\/wp-content\/uploads\/2025\/09\/bannerDESCARGAcatalogo-scaled.jpg","contentUrl":"https:\/\/vistiendobebes.com\/wp-content\/uploads\/2025\/09\/bannerDESCARGAcatalogo-scaled.jpg","width":2048,"height":583,"caption":"bannerDOWNDOWLOADcatalogue"},{"@type":"BreadcrumbList","@id":"https:\/\/vistiendobebes.com\/pt-pt\/catalogo\/#breadcrumb","itemListElement":[{"@type":"ListItem","position":1,"name":"Portada","item":"https:\/\/vistiendobebes.com\/pt-pt\/"},{"@type":"ListItem","position":2,"name":"Cat\u00e1logo"}]},{"@type":"WebSite","@id":"https:\/\/vistiendobebes.com\/pt-pt\/#website","url":"https:\/\/vistiendobebes.com\/pt-pt\/","name":"Juliana Vistiendo Beb\u00e9s","description":"Marca de moda infantil","publisher":{"@id":"https:\/\/vistiendobebes.com\/pt-pt\/#organization"},"potentialAction":[{"@type":"SearchAction","target":{"@type":"EntryPoint","urlTemplate":"https:\/\/vistiendobebes.com\/pt-pt\/?s={search_term_string}"},"query-input":{"@type":"PropertyValueSpecification","valueRequired":true,"valueName":"search_term_string"}}],"inLanguage":"pt-PT"},{"@type":"Organization","@id":"https:\/\/vistiendobebes.com\/pt-pt\/#organization","name":"Juliana, Vistiendo Beb\u00e9s","url":"https:\/\/vistiendobebes.com\/pt-pt\/","logo":{"@type":"ImageObject","inLanguage":"pt-PT","@id":"https:\/\/vistiendobebes.com\/pt-pt\/#\/schema\/logo\/image\/","url":"https:\/\/vistiendobebes.com\/wp-content\/uploads\/2021\/07\/marca-juliana.png","contentUrl":"https:\/\/vistiendobebes.com\/wp-content\/uploads\/2021\/07\/marca-juliana.png","width":909,"height":907,"caption":"Juliana, Vistiendo Beb\u00e9s"},"image":{"@id":"https:\/\/vistiendobebes.com\/pt-pt\/#\/schema\/logo\/image\/"},"sameAs":["https:\/\/www.facebook.com\/julianavistiendobebes","https:\/\/www.instagram.com\/julianavistiendobebes\/","https:\/\/www.youtube.com\/channel\/UCHaSPwnyKbcQ1Ppzf2roteA"]}]}},"_links":{"self":[{"href":"https:\/\/vistiendobebes.com\/pt-pt\/wp-json\/wp\/v2\/pages\/36671","targetHints":{"allow":["GET"]}}],"collection":[{"href":"https:\/\/vistiendobebes.com\/pt-pt\/wp-json\/wp\/v2\/pages"}],"about":[{"href":"https:\/\/vistiendobebes.com\/pt-pt\/wp-json\/wp\/v2\/types\/page"}],"author":[{"embeddable":true,"href":"https:\/\/vistiendobebes.com\/pt-pt\/wp-json\/wp\/v2\/users\/2"}],"replies":[{"embeddable":true,"href":"https:\/\/vistiendobebes.com\/pt-pt\/wp-json\/wp\/v2\/comments?post=36671"}],"version-history":[{"count":0,"href":"https:\/\/vistiendobebes.com\/pt-pt\/wp-json\/wp\/v2\/pages\/36671\/revisions"}],"wp:featuredmedia":[{"embeddable":true,"href":"https:\/\/vistiendobebes.com\/pt-pt\/wp-json\/wp\/v2\/media\/87079"}],"wp:attachment":[{"href":"https:\/\/vistiendobebes.com\/pt-pt\/wp-json\/wp\/v2\/media?parent=36671"}],"curies":[{"name":"wp","href":"https:\/\/api.w.org\/{rel}","templated":true}]}}