{"id":13270,"date":"2021-07-16T11:24:00","date_gmt":"2021-07-16T09:24:00","guid":{"rendered":"http:\/\/vistiendobebes.fusionartecomunicacion.es\/lojas\/"},"modified":"2025-09-18T11:07:41","modified_gmt":"2025-09-18T09:07:41","slug":"lojas","status":"publish","type":"page","link":"https:\/\/vistiendobebes.com\/pt-pt\/lojas\/","title":{"rendered":"Lojas de roupa infantil"},"content":{"rendered":"<div class=\"wpb-content-wrapper\"><p>[vc_row full_width=&#8221;stretch_row_content&#8221; woodmart_css_id=&#8221;65c9217b92c83&#8243; responsive_spacing=&#8221;eyJwYXJhbV90eXBlIjoid29vZG1hcnRfcmVzcG9uc2l2ZV9zcGFjaW5nIiwic2VsZWN0b3JfaWQiOiI2NWM5MjE3YjkyYzgzIiwic2hvcnRjb2RlIjoidmNfcm93IiwiZGF0YSI6eyJ0YWJsZXQiOnt9LCJtb2JpbGUiOnt9fX0=&#8221; mobile_bg_img_hidden=&#8221;no&#8221; tablet_bg_img_hidden=&#8221;no&#8221; woodmart_parallax=&#8221;0&#8243; woodmart_gradient_switch=&#8221;no&#8221; woodmart_box_shadow=&#8221;no&#8221; wd_z_index=&#8221;no&#8221; woodmart_disable_overflow=&#8221;0&#8243; row_reverse_mobile=&#8221;0&#8243; row_reverse_tablet=&#8221;0&#8243;][vc_column][vc_single_image image=&#8221;87071&#8243; img_size=&#8221;full&#8221; css=&#8221;&#8221; parallax_scroll=&#8221;no&#8221; woodmart_inline=&#8221;no&#8221;][\/vc_column][\/vc_row][vc_row full_width=&#8221;stretch_row_content_no_spaces&#8221; equal_height=&#8221;yes&#8221; mobile_bg_img_hidden=&#8221;no&#8221; tablet_bg_img_hidden=&#8221;no&#8221; woodmart_parallax=&#8221;0&#8243; woodmart_gradient_switch=&#8221;no&#8221; row_reverse_mobile=&#8221;0&#8243; row_reverse_tablet=&#8221;0&#8243; woodmart_disable_overflow=&#8221;0&#8243; el_class=&#8221;mb1&#8243;][vc_column][vc_column_text woodmart_inline=&#8221;no&#8221; text_larger=&#8221;no&#8221;]<\/p>\n<h1 style=\"text-align: center;\">Loja de roupa infantil<\/h1>\n<p>[\/vc_column_text][\/vc_column][\/vc_row][vc_row full_width=&#8221;stretch_row_content_no_spaces&#8221; equal_height=&#8221;yes&#8221; el_class=&#8221;height-col mb0&#8243; mobile_bg_img_hidden=&#8221;no&#8221; tablet_bg_img_hidden=&#8221;no&#8221; woodmart_parallax=&#8221;0&#8243; woodmart_gradient_switch=&#8221;no&#8221; row_reverse_mobile=&#8221;0&#8243; row_reverse_tablet=&#8221;0&#8243; woodmart_disable_overflow=&#8221;0&#8243;][vc_column width=&#8221;1\/2&#8243; css=&#8221;.vc_custom_1626427786204{background-position: center !important;background-repeat: no-repeat !important;background-size: cover !important;}&#8221; mobile_bg_img_hidden=&#8221;no&#8221; tablet_bg_img_hidden=&#8221;no&#8221; woodmart_parallax=&#8221;0&#8243; woodmart_sticky_column=&#8221;false&#8221; parallax_scroll=&#8221;no&#8221; mobile_reset_margin=&#8221;no&#8221; tablet_reset_margin=&#8221;no&#8221;][vc_empty_space height=&#8221;50px&#8221; woodmart_hide_large=&#8221;0&#8243; woodmart_hide_medium=&#8221;0&#8243; woodmart_hide_small=&#8221;0&#8243; woodmart_hide_extra_small=&#8221;0&#8243;]\n\t\t<div id=\"wd-628e0a0488952\" class=\"title-wrapper wd-wpb wd-set-mb reset-last-child  wd-rs-628e0a0488952 wd-title-color-default wd-title-style-default text-center vc_custom_1653475850890 wd-underline-colored\">\n\t\t\t\t\t\t\t\n\t\t\t\t<div class=\"title-subtitle  subtitle-color-default font-default subtitle-style-default wd-font-weight- wd-fontsize-xs\">AJUDAMOS VOC\u00ca A ENCONTRAR O VESTU\u00c1RIO QUE PROCURA<\/div>\n\t\t\t\n\t\t\t<div class=\"liner-continer\">\n\t\t\t\t<p class=\"woodmart-title-container title  wd-font-weight- wd-fontsize-l\" >N\u00c3O SABE ONDE COMPRAR?<\/p>\n\t\t\t\t\t\t\t<\/div>\n\t\t\t\n\t\t\t\t\t\t\t<div class=\"title-after_title reset-last-child  wd-fontsize-xs\">Se pretende adquirir uma das nossas pe\u00e7as mas n\u00e3o a encontra nas suas lojas habituais, escreva-nos indicando a refer\u00eancia que procura e iremos ajud\u00e1-lo a encontrar.<\/div>\n\t\t\t\n\t\t\t\n\t\t<\/div>\n\t\t\n\t\t[vc_single_image image=&#8221;66947&#8243; img_size=&#8221;medium&#8221; alignment=&#8221;center&#8221; css=&#8221;&#8221; woodmart_inline=&#8221;no&#8221; parallax_scroll=&#8221;no&#8221;][vc_column_text css=&#8221;.vc_custom_1627041424247{padding-right: 100px !important;padding-left: 80px !important;}&#8221; woodmart_inline=&#8221;no&#8221; text_larger=&#8221;no&#8221;]<\/p>\n<p style=\"text-align: left;\">Enviaremos um e-mail indicando quais lojas f\u00edsicas em sua \u00e1rea ou quais lojas online podem ter a roupa de que voc\u00ea precisa.<\/p>\n<p>[\/vc_column_text][\/vc_column][vc_column width=&#8221;1\/2&#8243; css=&#8221;.vc_custom_1626422037641{padding-top: 7vh !important;padding-right: 10% !important;padding-bottom: 7vh !important;padding-left: 10% !important;background-position: center !important;background-repeat: no-repeat !important;background-size: cover !important;}&#8221; mobile_bg_img_hidden=&#8221;no&#8221; tablet_bg_img_hidden=&#8221;no&#8221; woodmart_parallax=&#8221;0&#8243; woodmart_sticky_column=&#8221;false&#8221; parallax_scroll=&#8221;no&#8221; mobile_reset_margin=&#8221;no&#8221; tablet_reset_margin=&#8221;no&#8221;][vc_empty_space height=&#8221;50px&#8221; woodmart_hide_large=&#8221;0&#8243; woodmart_hide_medium=&#8221;0&#8243; woodmart_hide_small=&#8221;0&#8243; woodmart_hide_extra_small=&#8221;0&#8243;][vc_column_text woodmart_inline=&#8221;no&#8221; text_larger=&#8221;no&#8221;]<\/p>\n<h2 style=\"font-family: 'Avenir'; color: #7891a3; font-size: 2em;\"><strong>Localize o seu PONTO de VENDA<\/strong><\/h2>\n<p>[\/vc_column_text]\n<div class=\"wpcf7 no-js\" id=\"wpcf7-f8324-o1\" lang=\"es-ES\" dir=\"ltr\" data-wpcf7-id=\"8324\">\n<div class=\"screen-reader-response\"><p role=\"status\" aria-live=\"polite\" aria-atomic=\"true\"><\/p> <ul><\/ul><\/div>\n<form action=\"\/pt-pt\/wp-json\/wp\/v2\/pages\/13270#wpcf7-f8324-o1\" method=\"post\" class=\"wpcf7-form init wpcf7-acceptance-as-validation\" aria-label=\"Formulario de contacto\" novalidate=\"novalidate\" data-status=\"init\">\n<fieldset class=\"hidden-fields-container\"><input type=\"hidden\" name=\"_wpcf7\" value=\"8324\" \/><input type=\"hidden\" name=\"_wpcf7_version\" value=\"6.1.5\" \/><input type=\"hidden\" name=\"_wpcf7_locale\" value=\"es_ES\" \/><input type=\"hidden\" name=\"_wpcf7_unit_tag\" value=\"wpcf7-f8324-o1\" \/><input type=\"hidden\" name=\"_wpcf7_container_post\" value=\"0\" \/><input type=\"hidden\" name=\"_wpcf7_posted_data_hash\" value=\"\" \/>\n<\/fieldset>\n<div class=\"row\">\n\t<div class=\"col-lg\">\n\t\t<p><br \/>\n<label> Tu nombre*<br \/>\n<span class=\"wpcf7-form-control-wrap\" data-name=\"your-name\"><input size=\"40\" maxlength=\"400\" class=\"wpcf7-form-control wpcf7-text wpcf7-validates-as-required\" aria-required=\"true\" aria-invalid=\"false\" value=\"\" type=\"text\" name=\"your-name\" \/><\/span> <\/label>\n\t\t<\/p>\n\t<\/div>\n\t<div class=\"col-lg\">\n\t\t<p><br \/>\n<label> Tu correo electr\u00f3nico*<br \/>\n<span class=\"wpcf7-form-control-wrap\" data-name=\"your-email\"><input size=\"40\" maxlength=\"400\" class=\"wpcf7-form-control wpcf7-email wpcf7-validates-as-required wpcf7-text wpcf7-validates-as-email\" aria-required=\"true\" aria-invalid=\"false\" value=\"\" type=\"email\" name=\"your-email\" \/><\/span> <\/label>\n\t\t<\/p>\n\t<\/div>\n<\/div>\n<div class=\"row\">\n\t<div class=\"col-lg\">\n\t\t<p><br \/>\n<label> Pa\u00eds*<br \/>\n<span class=\"wpcf7-form-control-wrap\" data-name=\"your-country\"><input size=\"40\" maxlength=\"400\" class=\"wpcf7-form-control wpcf7-text wpcf7-validates-as-required\" aria-required=\"true\" aria-invalid=\"false\" value=\"\" type=\"text\" name=\"your-country\" \/><\/span> <\/label>\n\t\t<\/p>\n\t<\/div>\n\t<div class=\"col-lg\">\n\t\t<p><br \/>\n<label> Provincia*<br \/>\n<span class=\"wpcf7-form-control-wrap\" data-name=\"your-state\"><input size=\"40\" maxlength=\"400\" class=\"wpcf7-form-control wpcf7-text wpcf7-validates-as-required\" aria-required=\"true\" aria-invalid=\"false\" value=\"\" type=\"text\" name=\"your-state\" \/><\/span> <\/label>\n\t\t<\/p>\n\t<\/div>\n<\/div>\n<div class=\"row\">\n\t<div class=\"col-lg\">\n\t\t<p><br \/>\n<label> Localidad*<br \/>\n<span class=\"wpcf7-form-control-wrap\" data-name=\"your-city\"><input size=\"40\" maxlength=\"400\" class=\"wpcf7-form-control wpcf7-text wpcf7-validates-as-required\" aria-required=\"true\" aria-invalid=\"false\" value=\"\" type=\"text\" name=\"your-city\" \/><\/span> <\/label>\n\t\t<\/p>\n\t<\/div>\n\t<div class=\"col-lg\">\n\t\t<p><br \/>\n<label> C\u00f3digo Postal*<br \/>\n<span class=\"wpcf7-form-control-wrap\" data-name=\"your-zipcode\"><input size=\"40\" maxlength=\"400\" class=\"wpcf7-form-control wpcf7-text wpcf7-validates-as-required\" aria-required=\"true\" aria-invalid=\"false\" value=\"\" type=\"text\" name=\"your-zipcode\" \/><\/span> <\/label>\n\t\t<\/p>\n\t<\/div>\n<\/div>\n<div class=\"row\">\n\t<div class=\"col-lg\">\n\t\t<p><br \/>\n<label> Mensaje y referencia de la prenda*<br \/>\n<span class=\"wpcf7-form-control-wrap\" data-name=\"your-message\"><textarea cols=\"40\" rows=\"10\" maxlength=\"2000\" class=\"wpcf7-form-control wpcf7-textarea wpcf7-validates-as-required\" aria-required=\"true\" aria-invalid=\"false\" name=\"your-message\"><\/textarea><\/span> <\/label>\n\t\t<\/p>\n\t<\/div>\n<\/div>\n<div class=\"row\">\n\t<div class=\"col-lg\">\n\t\t<p>*Campos obligatorios\n\t\t<\/p>\n\t<\/div>\n<\/div>\n<div class=\"row\">\n\t<div class=\"col-lg\">\n\t\t<p style=\"font-family: 'Dinregular', Helvetica, Arial, sans-serif; margin-bottom: 10px;\"><span class=\"wpcf7-form-control-wrap\" data-name=\"acceptance-685\"><span class=\"wpcf7-form-control wpcf7-acceptance\"><span class=\"wpcf7-list-item\"><input type=\"checkbox\" name=\"acceptance-685\" value=\"1\" aria-invalid=\"false\" \/><\/span><\/span><\/span> He le\u00eddo y aceptado las <a href=\"https:\/\/vistiendobebes.com\/declaracion-de-privacidad-ue\/\" style=\"text-decoration: underline;\">condiciones generales<\/a>\n\t\t<\/p>\n\t<\/div>\n<\/div>\n<div class=\"row\">\n\t<div class=\"col-lg-auto\">\n\t\t<p><input class=\"wpcf7-form-control wpcf7-submit has-spinner btn btn-color-primary\" type=\"submit\" value=\"Enviar\" \/>\n\t\t<\/p>\n\t<\/div>\n<\/div>\n<div class=\"wpcf7-response-output\" aria-hidden=\"true\"><\/div>\n<\/form>\n<\/div>\n[\/vc_column][\/vc_row][vc_row][vc_column][vc_column_text css=&#8221;&#8221; woodmart_inline=&#8221;no&#8221; text_larger=&#8221;no&#8221;]<\/p>\n<h3 style=\"text-align: left;\">Lojas de roupa infantil Juliana<\/h3>\n<p>[\/vc_column_text][\/vc_column][\/vc_row][vc_row][vc_column width=&#8221;1\/2&#8243;][vc_column_text woodmart_inline=&#8221;no&#8221; text_larger=&#8221;no&#8221;]A <strong>loja de roupa infantil <\/strong>representa a ess\u00eancia do nosso sector. Com\u00e9rcio de proximidade que se preocupa com as necessidades espec\u00edficas de cada cliente e trabalha sempre para oferecer a moda mais confort\u00e1vel e atual para os mais pequenos.<\/p>\n<p>A nossa marca Juliana, sente um grande respeito pelas <strong>lojas e distribuidores de moda infantil<\/strong> em geral, \u00e9 por isso que tentamos ajud\u00e1-lo na procura e localiza\u00e7\u00e3o das lojas de roupa infantil de que necessita.<\/p>\n<p>Ao visitar as nossas lojas tem a possibilidade de usufruir de um tratamento e aten\u00e7\u00e3o directa e personalizada, que serve de guia na escolha da roupa para os seus pequenos.[\/vc_column_text][vc_column_text woodmart_inline=&#8221;no&#8221; text_larger=&#8221;no&#8221;]<\/p>\n<h3>Localize a loja de roupa infantil Juliana mais pr\u00f3xima de si<\/h3>\n<p>Caso n\u00e3o saiba a localiza\u00e7\u00e3o de nenhum dos nossos pontos de venda, no nosso website temos um formul\u00e1rio simples que lhe permite escrever-nos a pedir lojas de roupa para crian\u00e7as com produtos Juliana que estejam mais perto de si.<\/p>\n<p>Poder\u00e1 desfrutar da experi\u00eancia de descobrir pessoalmente os desenhos, o fabrico e cada um dos acess\u00f3rios e complementos que utilizamos nas pe\u00e7as de vestu\u00e1rio das nossas crian\u00e7as.<\/p>\n<p>N\u00e3o hesite em visitar uma <strong>loja de roupa infantil<\/strong> que colabora com a marca Juliana. Se n\u00e3o encontrar o que procura, escreva-nos e dir-lhe-emos em que loja online a refer\u00eancia que procura pode estar dispon\u00edvel.<\/p>\n<p>Se estiver interessado em comprar roupas de crian\u00e7a online, podemos tamb\u00e9m fornecer-lhe v\u00e1rios endere\u00e7os web das nossas principais lojas com servi\u00e7o de loja online.[\/vc_column_text][\/vc_column][vc_column width=&#8221;1\/2&#8243;][vc_column_text woodmart_inline=&#8221;no&#8221; text_larger=&#8221;no&#8221;]A evolu\u00e7\u00e3o e consolida\u00e7\u00e3o da nossa marca Juliana permitiu-nos ter uma rede de pontos de venda localizados em diferentes pa\u00edses. Pontos de venda que servem de vitrina para as nossas cole\u00e7\u00f5es.<\/p>\n<p>Estas lojas de roupa infantil localizadas permitem que as nossas diferentes colec\u00e7\u00f5es de moda infantil cheguem at\u00e9 si, permitindo-nos assim mostrar-lhe os nossos desenhos \u00fanicos e originais em cada esta\u00e7\u00e3o do ano.<\/p>\n<p>Ver e sentir as pe\u00e7as de vestu\u00e1rio que comp\u00f5em as nossas colec\u00e7\u00f5es permite-lhe ver em primeira m\u00e3o a qualidade que imprimimos em cada uma das nossas cria\u00e7\u00f5es.[\/vc_column_text][vc_single_image image=&#8221;15309&#8243; img_size=&#8221;1080&#215;900&#8243; woodmart_inline=&#8221;no&#8221; parallax_scroll=&#8221;no&#8221;][\/vc_column][\/vc_row][vc_row][vc_column][vc_separator color=&#8221;custom&#8221; accent_color=&#8221;#7c91a2&#8243;][vc_column_text css=&#8221;&#8221; woodmart_inline=&#8221;no&#8221; text_larger=&#8221;no&#8221;]<strong>Pode tamb\u00e9m estar interessado:<\/strong><\/p>\n<ul class=\"enlazado-interno\">\n<li><a href=\"https:\/\/vistiendobebes.com\/pt-pt\/lookbook\/\">F\u00e1brica de roupa de crian\u00e7a<\/a><\/li>\n<li><a href=\"https:\/\/vistiendobebes.com\/pt-pt\/catalogo\/\">Catalogo moda infantil<\/a><\/li>\n<li><a href=\"https:\/\/vistiendobebes.com\/pt-pt\/roupa-infantil\/\">Roupa infantil<\/a><\/li>\n<li><a href=\"https:\/\/vistiendobebes.com\/pt-pt\/vestir-os-sonhos-a-magia-da-roupa-para-recem-nascidos\/\">Primeira roupa bebe<\/a><\/li>\n<\/ul>\n<p>[\/vc_column_text][\/vc_column][\/vc_row]<\/p>\n<\/div>","protected":false},"excerpt":{"rendered":"<p>[vc_row full_width=&#8221;stretch_row_content&#8221; woodmart_css_id=&#8221;65c9217b92c83&#8243; responsive_spacing=&#8221;eyJwYXJhbV90eXBlIjoid29vZG1hcnRfcmVzcG9uc2l2ZV9zcGFjaW5nIiwic2VsZWN0b3JfaWQiOiI2NWM5MjE3YjkyYzgzIiwic2hvcnRjb2RlIjoidmNfcm93IiwiZGF0YSI6eyJ0YWJsZXQiOnt9LCJtb2JpbGUiOnt9fX0=&#8221; mobile_bg_img_hidden=&#8221;no&#8221; tablet_bg_img_hidden=&#8221;no&#8221; woodmart_parallax=&#8221;0&#8243; woodmart_gradient_switch=&#8221;no&#8221; woodmart_box_shadow=&#8221;no&#8221; wd_z_index=&#8221;no&#8221; woodmart_disable_overflow=&#8221;0&#8243; row_reverse_mobile=&#8221;0&#8243; row_reverse_tablet=&#8221;0&#8243;][vc_column][vc_single_image image=&#8221;87071&#8243; img_size=&#8221;full&#8221; css=&#8221;&#8221; parallax_scroll=&#8221;no&#8221; woodmart_inline=&#8221;no&#8221;][\/vc_column][\/vc_row][vc_row full_width=&#8221;stretch_row_content_no_spaces&#8221; equal_height=&#8221;yes&#8221;<\/p>\n","protected":false},"author":2,"featured_media":87071,"parent":0,"menu_order":0,"comment_status":"closed","ping_status":"closed","template":"","meta":{"footnotes":""},"class_list":["post-13270","page","type-page","status-publish","has-post-thumbnail","hentry"],"yoast_head":"<!-- This site is optimized with the Yoast SEO plugin v27.4 - https:\/\/yoast.com\/product\/yoast-seo-wordpress\/ -->\n<title>Loja de roupa infantil | Onde encontrarnos - Juliana<\/title>\n<meta name=\"description\" content=\"Se pretende adquirir uma das nossas pe\u00e7as mas n\u00e3o a encontra na sua lojas de roupa infantil, escreva-nos. Compre Juliana na sua loja roupa infantil\" \/>\n<meta name=\"robots\" content=\"index, follow, max-snippet:-1, max-image-preview:large, max-video-preview:-1\" \/>\n<link rel=\"canonical\" href=\"https:\/\/vistiendobebes.com\/pt-pt\/lojas\/\" \/>\n<meta property=\"og:locale\" content=\"pt_PT\" \/>\n<meta property=\"og:type\" content=\"article\" \/>\n<meta property=\"og:title\" content=\"Loja de roupa infantil | Onde encontrarnos - Juliana\" \/>\n<meta property=\"og:description\" content=\"Se pretende adquirir uma das nossas pe\u00e7as mas n\u00e3o a encontra na sua lojas de roupa infantil, escreva-nos. Compre Juliana na sua loja roupa infantil\" \/>\n<meta property=\"og:url\" content=\"https:\/\/vistiendobebes.com\/pt-pt\/lojas\/\" \/>\n<meta property=\"og:site_name\" content=\"Juliana Vistiendo Beb\u00e9s\" \/>\n<meta property=\"article:publisher\" content=\"https:\/\/www.facebook.com\/julianavistiendobebes\" \/>\n<meta property=\"article:modified_time\" content=\"2025-09-18T09:07:41+00:00\" \/>\n<meta property=\"og:image\" content=\"https:\/\/vistiendobebes.com\/wp-content\/uploads\/2025\/09\/imagenTIENDA1980x599.jpg\" \/>\n\t<meta property=\"og:image:width\" content=\"1980\" \/>\n\t<meta property=\"og:image:height\" content=\"599\" \/>\n\t<meta property=\"og:image:type\" content=\"image\/jpeg\" \/>\n<meta name=\"twitter:card\" content=\"summary_large_image\" \/>\n<meta name=\"twitter:label1\" content=\"Tempo estimado de leitura\" \/>\n\t<meta name=\"twitter:data1\" content=\"3 minutos\" \/>\n<script type=\"application\/ld+json\" class=\"yoast-schema-graph\">{\"@context\":\"https:\\\/\\\/schema.org\",\"@graph\":[{\"@type\":\"WebPage\",\"@id\":\"https:\\\/\\\/vistiendobebes.com\\\/pt-pt\\\/lojas\\\/\",\"url\":\"https:\\\/\\\/vistiendobebes.com\\\/pt-pt\\\/lojas\\\/\",\"name\":\"Loja de roupa infantil | Onde encontrarnos - Juliana\",\"isPartOf\":{\"@id\":\"https:\\\/\\\/vistiendobebes.com\\\/pt-pt\\\/#website\"},\"primaryImageOfPage\":{\"@id\":\"https:\\\/\\\/vistiendobebes.com\\\/pt-pt\\\/lojas\\\/#primaryimage\"},\"image\":{\"@id\":\"https:\\\/\\\/vistiendobebes.com\\\/pt-pt\\\/lojas\\\/#primaryimage\"},\"thumbnailUrl\":\"https:\\\/\\\/vistiendobebes.com\\\/wp-content\\\/uploads\\\/2025\\\/09\\\/imagenTIENDA1980x599.jpg\",\"datePublished\":\"2021-07-16T09:24:00+00:00\",\"dateModified\":\"2025-09-18T09:07:41+00:00\",\"description\":\"Se pretende adquirir uma das nossas pe\u00e7as mas n\u00e3o a encontra na sua lojas de roupa infantil, escreva-nos. Compre Juliana na sua loja roupa infantil\",\"breadcrumb\":{\"@id\":\"https:\\\/\\\/vistiendobebes.com\\\/pt-pt\\\/lojas\\\/#breadcrumb\"},\"inLanguage\":\"pt-PT\",\"potentialAction\":[{\"@type\":\"ReadAction\",\"target\":[\"https:\\\/\\\/vistiendobebes.com\\\/pt-pt\\\/lojas\\\/\"]}]},{\"@type\":\"ImageObject\",\"inLanguage\":\"pt-PT\",\"@id\":\"https:\\\/\\\/vistiendobebes.com\\\/pt-pt\\\/lojas\\\/#primaryimage\",\"url\":\"https:\\\/\\\/vistiendobebes.com\\\/wp-content\\\/uploads\\\/2025\\\/09\\\/imagenTIENDA1980x599.jpg\",\"contentUrl\":\"https:\\\/\\\/vistiendobebes.com\\\/wp-content\\\/uploads\\\/2025\\\/09\\\/imagenTIENDA1980x599.jpg\",\"width\":1980,\"height\":599,\"caption\":\"imagenTIENDA1980x599\"},{\"@type\":\"BreadcrumbList\",\"@id\":\"https:\\\/\\\/vistiendobebes.com\\\/pt-pt\\\/lojas\\\/#breadcrumb\",\"itemListElement\":[{\"@type\":\"ListItem\",\"position\":1,\"name\":\"Portada\",\"item\":\"https:\\\/\\\/vistiendobebes.com\\\/pt-pt\\\/\"},{\"@type\":\"ListItem\",\"position\":2,\"name\":\"Lojas de roupa infantil\"}]},{\"@type\":\"WebSite\",\"@id\":\"https:\\\/\\\/vistiendobebes.com\\\/pt-pt\\\/#website\",\"url\":\"https:\\\/\\\/vistiendobebes.com\\\/pt-pt\\\/\",\"name\":\"Juliana Vistiendo Beb\u00e9s\",\"description\":\"Marca de moda infantil\",\"publisher\":{\"@id\":\"https:\\\/\\\/vistiendobebes.com\\\/pt-pt\\\/#organization\"},\"potentialAction\":[{\"@type\":\"SearchAction\",\"target\":{\"@type\":\"EntryPoint\",\"urlTemplate\":\"https:\\\/\\\/vistiendobebes.com\\\/pt-pt\\\/?s={search_term_string}\"},\"query-input\":{\"@type\":\"PropertyValueSpecification\",\"valueRequired\":true,\"valueName\":\"search_term_string\"}}],\"inLanguage\":\"pt-PT\"},{\"@type\":\"Organization\",\"@id\":\"https:\\\/\\\/vistiendobebes.com\\\/pt-pt\\\/#organization\",\"name\":\"Juliana, Vistiendo Beb\u00e9s\",\"url\":\"https:\\\/\\\/vistiendobebes.com\\\/pt-pt\\\/\",\"logo\":{\"@type\":\"ImageObject\",\"inLanguage\":\"pt-PT\",\"@id\":\"https:\\\/\\\/vistiendobebes.com\\\/pt-pt\\\/#\\\/schema\\\/logo\\\/image\\\/\",\"url\":\"https:\\\/\\\/vistiendobebes.com\\\/wp-content\\\/uploads\\\/2021\\\/07\\\/marca-juliana.png\",\"contentUrl\":\"https:\\\/\\\/vistiendobebes.com\\\/wp-content\\\/uploads\\\/2021\\\/07\\\/marca-juliana.png\",\"width\":909,\"height\":907,\"caption\":\"Juliana, Vistiendo Beb\u00e9s\"},\"image\":{\"@id\":\"https:\\\/\\\/vistiendobebes.com\\\/pt-pt\\\/#\\\/schema\\\/logo\\\/image\\\/\"},\"sameAs\":[\"https:\\\/\\\/www.facebook.com\\\/julianavistiendobebes\",\"https:\\\/\\\/www.instagram.com\\\/julianavistiendobebes\\\/\",\"https:\\\/\\\/www.youtube.com\\\/channel\\\/UCHaSPwnyKbcQ1Ppzf2roteA\"]}]}<\/script>\n<!-- \/ Yoast SEO plugin. -->","yoast_head_json":{"title":"Loja de roupa infantil | Onde encontrarnos - Juliana","description":"Se pretende adquirir uma das nossas pe\u00e7as mas n\u00e3o a encontra na sua lojas de roupa infantil, escreva-nos. Compre Juliana na sua loja roupa infantil","robots":{"index":"index","follow":"follow","max-snippet":"max-snippet:-1","max-image-preview":"max-image-preview:large","max-video-preview":"max-video-preview:-1"},"canonical":"https:\/\/vistiendobebes.com\/pt-pt\/lojas\/","og_locale":"pt_PT","og_type":"article","og_title":"Loja de roupa infantil | Onde encontrarnos - Juliana","og_description":"Se pretende adquirir uma das nossas pe\u00e7as mas n\u00e3o a encontra na sua lojas de roupa infantil, escreva-nos. Compre Juliana na sua loja roupa infantil","og_url":"https:\/\/vistiendobebes.com\/pt-pt\/lojas\/","og_site_name":"Juliana Vistiendo Beb\u00e9s","article_publisher":"https:\/\/www.facebook.com\/julianavistiendobebes","article_modified_time":"2025-09-18T09:07:41+00:00","og_image":[{"width":1980,"height":599,"url":"https:\/\/vistiendobebes.com\/wp-content\/uploads\/2025\/09\/imagenTIENDA1980x599.jpg","type":"image\/jpeg"}],"twitter_card":"summary_large_image","twitter_misc":{"Tempo estimado de leitura":"3 minutos"},"schema":{"@context":"https:\/\/schema.org","@graph":[{"@type":"WebPage","@id":"https:\/\/vistiendobebes.com\/pt-pt\/lojas\/","url":"https:\/\/vistiendobebes.com\/pt-pt\/lojas\/","name":"Loja de roupa infantil | Onde encontrarnos - Juliana","isPartOf":{"@id":"https:\/\/vistiendobebes.com\/pt-pt\/#website"},"primaryImageOfPage":{"@id":"https:\/\/vistiendobebes.com\/pt-pt\/lojas\/#primaryimage"},"image":{"@id":"https:\/\/vistiendobebes.com\/pt-pt\/lojas\/#primaryimage"},"thumbnailUrl":"https:\/\/vistiendobebes.com\/wp-content\/uploads\/2025\/09\/imagenTIENDA1980x599.jpg","datePublished":"2021-07-16T09:24:00+00:00","dateModified":"2025-09-18T09:07:41+00:00","description":"Se pretende adquirir uma das nossas pe\u00e7as mas n\u00e3o a encontra na sua lojas de roupa infantil, escreva-nos. Compre Juliana na sua loja roupa infantil","breadcrumb":{"@id":"https:\/\/vistiendobebes.com\/pt-pt\/lojas\/#breadcrumb"},"inLanguage":"pt-PT","potentialAction":[{"@type":"ReadAction","target":["https:\/\/vistiendobebes.com\/pt-pt\/lojas\/"]}]},{"@type":"ImageObject","inLanguage":"pt-PT","@id":"https:\/\/vistiendobebes.com\/pt-pt\/lojas\/#primaryimage","url":"https:\/\/vistiendobebes.com\/wp-content\/uploads\/2025\/09\/imagenTIENDA1980x599.jpg","contentUrl":"https:\/\/vistiendobebes.com\/wp-content\/uploads\/2025\/09\/imagenTIENDA1980x599.jpg","width":1980,"height":599,"caption":"imagenTIENDA1980x599"},{"@type":"BreadcrumbList","@id":"https:\/\/vistiendobebes.com\/pt-pt\/lojas\/#breadcrumb","itemListElement":[{"@type":"ListItem","position":1,"name":"Portada","item":"https:\/\/vistiendobebes.com\/pt-pt\/"},{"@type":"ListItem","position":2,"name":"Lojas de roupa infantil"}]},{"@type":"WebSite","@id":"https:\/\/vistiendobebes.com\/pt-pt\/#website","url":"https:\/\/vistiendobebes.com\/pt-pt\/","name":"Juliana Vistiendo Beb\u00e9s","description":"Marca de moda infantil","publisher":{"@id":"https:\/\/vistiendobebes.com\/pt-pt\/#organization"},"potentialAction":[{"@type":"SearchAction","target":{"@type":"EntryPoint","urlTemplate":"https:\/\/vistiendobebes.com\/pt-pt\/?s={search_term_string}"},"query-input":{"@type":"PropertyValueSpecification","valueRequired":true,"valueName":"search_term_string"}}],"inLanguage":"pt-PT"},{"@type":"Organization","@id":"https:\/\/vistiendobebes.com\/pt-pt\/#organization","name":"Juliana, Vistiendo Beb\u00e9s","url":"https:\/\/vistiendobebes.com\/pt-pt\/","logo":{"@type":"ImageObject","inLanguage":"pt-PT","@id":"https:\/\/vistiendobebes.com\/pt-pt\/#\/schema\/logo\/image\/","url":"https:\/\/vistiendobebes.com\/wp-content\/uploads\/2021\/07\/marca-juliana.png","contentUrl":"https:\/\/vistiendobebes.com\/wp-content\/uploads\/2021\/07\/marca-juliana.png","width":909,"height":907,"caption":"Juliana, Vistiendo Beb\u00e9s"},"image":{"@id":"https:\/\/vistiendobebes.com\/pt-pt\/#\/schema\/logo\/image\/"},"sameAs":["https:\/\/www.facebook.com\/julianavistiendobebes","https:\/\/www.instagram.com\/julianavistiendobebes\/","https:\/\/www.youtube.com\/channel\/UCHaSPwnyKbcQ1Ppzf2roteA"]}]}},"_links":{"self":[{"href":"https:\/\/vistiendobebes.com\/pt-pt\/wp-json\/wp\/v2\/pages\/13270","targetHints":{"allow":["GET"]}}],"collection":[{"href":"https:\/\/vistiendobebes.com\/pt-pt\/wp-json\/wp\/v2\/pages"}],"about":[{"href":"https:\/\/vistiendobebes.com\/pt-pt\/wp-json\/wp\/v2\/types\/page"}],"author":[{"embeddable":true,"href":"https:\/\/vistiendobebes.com\/pt-pt\/wp-json\/wp\/v2\/users\/2"}],"replies":[{"embeddable":true,"href":"https:\/\/vistiendobebes.com\/pt-pt\/wp-json\/wp\/v2\/comments?post=13270"}],"version-history":[{"count":0,"href":"https:\/\/vistiendobebes.com\/pt-pt\/wp-json\/wp\/v2\/pages\/13270\/revisions"}],"wp:featuredmedia":[{"embeddable":true,"href":"https:\/\/vistiendobebes.com\/pt-pt\/wp-json\/wp\/v2\/media\/87071"}],"wp:attachment":[{"href":"https:\/\/vistiendobebes.com\/pt-pt\/wp-json\/wp\/v2\/media?parent=13270"}],"curies":[{"name":"wp","href":"https:\/\/api.w.org\/{rel}","templated":true}]}}