{"id":13212,"date":"2021-07-21T12:37:47","date_gmt":"2021-07-21T10:37:47","guid":{"rendered":"http:\/\/vistiendobebes.fusionartecomunicacion.es\/conoce-juliana\/"},"modified":"2025-09-18T11:55:40","modified_gmt":"2025-09-18T09:55:40","slug":"roupa-infantil","status":"publish","type":"page","link":"https:\/\/vistiendobebes.com\/pt-pt\/roupa-infantil\/","title":{"rendered":"Conhe\u00e7a Juliana"},"content":{"rendered":"<div class=\"wpb-content-wrapper\"><p>[vc_row full_width=&#8221;stretch_row_content&#8221; equal_height=&#8221;yes&#8221; mobile_bg_img_hidden=&#8221;no&#8221; tablet_bg_img_hidden=&#8221;no&#8221; woodmart_parallax=&#8221;0&#8243; woodmart_gradient_switch=&#8221;no&#8221; row_reverse_mobile=&#8221;0&#8243; row_reverse_tablet=&#8221;0&#8243; woodmart_disable_overflow=&#8221;0&#8243; woodmart_css_id=&#8221;68cbd694071e9&#8243; responsive_spacing=&#8221;eyJwYXJhbV90eXBlIjoid29vZG1hcnRfcmVzcG9uc2l2ZV9zcGFjaW5nIiwic2VsZWN0b3JfaWQiOiI2OGNiZDY5NDA3MWU5Iiwic2hvcnRjb2RlIjoidmNfcm93IiwiZGF0YSI6eyJ0YWJsZXQiOnt9LCJtb2JpbGUiOnt9fX0=&#8221; woodmart_box_shadow=&#8221;no&#8221; wd_z_index=&#8221;no&#8221;][vc_column][vc_single_image image=&#8221;7894&#8243; img_size=&#8221;full&#8221; alignment=&#8221;center&#8221; woodmart_inline=&#8221;no&#8221; parallax_scroll=&#8221;no&#8221;][vc_column_text css=&#8221;.vc_custom_1691568047325{margin-top: 50px !important;padding-right: 40px !important;padding-left: 40px !important;}&#8221; woodmart_inline=&#8221;no&#8221; text_larger=&#8221;no&#8221;]<\/p>\n<h1><em>Marca de roupa infantil espanhola<\/em><\/h1>\n<h2>ROM\u00c2NTICO E BO\u00c9MIO<\/h2>\n<h2 class=\"enc-belle\">Made in Spain<\/h2>\n<p><em>Juliana\u00a0<strong>rom\u00e2ntica<\/strong>\u00a0e bo\u00e9mia, como sa\u00edda de um conto\u00a0<\/em><em>de fadas. A nossa marca de roupa infantil \u00e9 assim\u2026\u00a0<strong>suave<\/strong>\u00a0e\u00a0<\/em><em><strong>delicada<\/strong>\u00a0como uma ligeira brisa de ar fresco que ao passar\u00a0<\/em><em>impregna de estilo e romanticismo as\u00a0<strong>delicadas pe\u00e7as\u00a0<\/strong><\/em><em>de roupa fabricadas pelas m\u00e3os das nossas costureiras.<\/em><\/p>\n<p><em>A roupa infantil da Juliana reflete um estilo de vida que\u00a0<\/em><em>combina o equil\u00edbrio das suas cores com a\u00a0<strong>naturalidade<\/strong>\u00a0dos seus tecidos.<\/em>[\/vc_column_text][\/vc_column][\/vc_row][vc_row full_width=&#8221;stretch_row_content_no_spaces&#8221; equal_height=&#8221;yes&#8221; mobile_bg_img_hidden=&#8221;no&#8221; tablet_bg_img_hidden=&#8221;no&#8221; woodmart_parallax=&#8221;0&#8243; woodmart_gradient_switch=&#8221;no&#8221; row_reverse_mobile=&#8221;0&#8243; row_reverse_tablet=&#8221;0&#8243; woodmart_disable_overflow=&#8221;0&#8243;][vc_column width=&#8221;1\/4&#8243;][vc_column_text css=&#8221;.vc_custom_1630518604248{margin-top: 50px !important;padding-right: 40px !important;padding-left: 40px !important;}&#8221; woodmart_inline=&#8221;no&#8221; text_larger=&#8221;no&#8221;]<\/p>\n<h2>PROJETO E FABRICA\u00c7\u00c3O<\/h2>\n<h3 class=\"enc-belle\">Que fazemos?<\/h3>\n<p>A marca de moda infantil Juliana trabalha h\u00e1 d\u00e9cadas, diariamente no design e fabrico de roupa de beb\u00e9 e roupa de crian\u00e7as (1970).\u00a0<strong>Design e fabrico de pe\u00e7as de roupa para crian\u00e7as<\/strong>\u00a0que viajam para diversos pa\u00edses oferecendo produtos de qualidade made in Spain.<\/p>\n<p>O universo Juliana oferece uma moda infantil de\u00a0<strong>0 a 48 meses<\/strong>, cujo principal objetivo \u00e9 a\u00a0<strong>comodidade e liberdade de movimento<\/strong>\u00a0da crian\u00e7a. Conjuntos, vestidos, babygrows, bodys, cal\u00e7as, shorts, abrigos, mantas, xailes ou cachec\u00f3is. Uma longa lista de roupa para crian\u00e7as\u00a0<strong>fabricada artesanalmente<\/strong>\u00a0em algod\u00e3o, l\u00e3, seda, malha e tecidos que garantem a suavidade e comodidade das crian\u00e7as e aprovados pela ASEPRI a n\u00edvel internacional.[\/vc_column_text][\/vc_column][vc_column width=&#8221;3\/4&#8243;][vc_single_image image=&#8221;7895&#8243; img_size=&#8221;full&#8221; alignment=&#8221;center&#8221; woodmart_inline=&#8221;no&#8221; parallax_scroll=&#8221;no&#8221;][\/vc_column][\/vc_row][vc_row full_width=&#8221;stretch_row_content_no_spaces&#8221; equal_height=&#8221;yes&#8221; mobile_bg_img_hidden=&#8221;no&#8221; tablet_bg_img_hidden=&#8221;no&#8221; woodmart_parallax=&#8221;0&#8243; woodmart_gradient_switch=&#8221;no&#8221; row_reverse_mobile=&#8221;0&#8243; row_reverse_tablet=&#8221;0&#8243; woodmart_disable_overflow=&#8221;0&#8243;][vc_column width=&#8221;2\/3&#8243;][vc_single_image image=&#8221;7896&#8243; img_size=&#8221;full&#8221; alignment=&#8221;center&#8221; woodmart_inline=&#8221;no&#8221; parallax_scroll=&#8221;no&#8221;][\/vc_column][vc_column width=&#8221;1\/3&#8243;][vc_column_text css=&#8221;.vc_custom_1630518620488{margin-top: 50px !important;padding-right: 40px !important;padding-left: 40px !important;}&#8221; woodmart_inline=&#8221;no&#8221; text_larger=&#8221;no&#8221;]<\/p>\n<h2>HIST\u00d3RIA DA EMPRESA<\/h2>\n<h3 class=\"enc-belle\">A Marca<\/h3>\n<p>A Juliana tem vindo a crescer desde 1970 como uma empresa familiar de moda infantil localizada em Ayora (Val\u00eancia \u2013 Espanha) com o prop\u00f3sito de vestir os mais novos e aproximar a moda aos pais.<\/p>\n<p>Com o tempo, a Juliana tornou-se numa empresa de maiores dimens\u00f5es e com distribui\u00e7\u00e3o nos pa\u00edses principais da Uni\u00e3o Europeia gra\u00e7as ao seu projeto de expans\u00e3o \u00e0 recente mudan\u00e7a de identidade corporativa, conseguindo assim uma imagem mais atual e vinculada \u00e0 moda infantil.[\/vc_column_text][\/vc_column][\/vc_row][vc_row full_width=&#8221;stretch_row_content_no_spaces&#8221; equal_height=&#8221;yes&#8221; mobile_bg_img_hidden=&#8221;no&#8221; tablet_bg_img_hidden=&#8221;no&#8221; woodmart_parallax=&#8221;0&#8243; woodmart_gradient_switch=&#8221;no&#8221; row_reverse_mobile=&#8221;0&#8243; row_reverse_tablet=&#8221;0&#8243; woodmart_disable_overflow=&#8221;0&#8243;][vc_column width=&#8221;1\/4&#8243;][vc_column_text css=&#8221;.vc_custom_1630518635652{margin-top: 50px !important;padding-right: 40px !important;padding-left: 40px !important;}&#8221; woodmart_inline=&#8221;no&#8221; text_larger=&#8221;no&#8221;]<\/p>\n<h2>CONFIAN\u00c7A<\/h2>\n<h3 class=\"enc-belle\">Familia Juliana<\/h3>\n<p>Apoiar e fomentar o canal de distribui\u00e7\u00e3o \u00e9 uma das nossas prioridades principais. Os nossos clientes ou pontos de venda requerem a confian\u00e7a das marcas para crescer e continuar a ser<br \/>\nimprescind\u00edveis para a comercializa\u00e7\u00e3o e venda dos produtos, por isso, a Juliana estabeleceu as estrat\u00e9gias necess\u00e1rias para facilitar essa tarefa e conseguir que os seus clientes consigam vender mais e melhor.[\/vc_column_text][\/vc_column][vc_column width=&#8221;3\/4&#8243;][vc_single_image image=&#8221;7897&#8243; img_size=&#8221;full&#8221; alignment=&#8221;center&#8221; woodmart_inline=&#8221;no&#8221; parallax_scroll=&#8221;no&#8221;][\/vc_column][\/vc_row][vc_row full_width=&#8221;stretch_row_content&#8221; woodmart_css_id=&#8221;68cbd6e0811a3&#8243; responsive_spacing=&#8221;eyJwYXJhbV90eXBlIjoid29vZG1hcnRfcmVzcG9uc2l2ZV9zcGFjaW5nIiwic2VsZWN0b3JfaWQiOiI2OGNiZDZlMDgxMWEzIiwic2hvcnRjb2RlIjoidmNfcm93IiwiZGF0YSI6eyJ0YWJsZXQiOnt9LCJtb2JpbGUiOnt9fX0=&#8221; mobile_bg_img_hidden=&#8221;no&#8221; tablet_bg_img_hidden=&#8221;no&#8221; woodmart_parallax=&#8221;0&#8243; woodmart_gradient_switch=&#8221;no&#8221; woodmart_box_shadow=&#8221;no&#8221; wd_z_index=&#8221;no&#8221; woodmart_disable_overflow=&#8221;0&#8243; row_reverse_mobile=&#8221;0&#8243; row_reverse_tablet=&#8221;0&#8243;][vc_column][vc_column_text css=&#8221;.vc_custom_1691567979098{margin-top: 50px !important;padding-right: 40px !important;padding-left: 40px !important;}&#8221; woodmart_inline=&#8221;no&#8221; text_larger=&#8221;no&#8221;]<\/p>\n<h3 class=\"enc-belle\">Marca de roupa infantil espanhola<\/h3>\n<p>Os desenhos no campo do vestu\u00e1rio infantil est\u00e3o presentes em Espanha h\u00e1 v\u00e1rias d\u00e9cadas, gra\u00e7as ao trabalho \u00e1rduo das diferentes marcas espanholas de vestu\u00e1rio infantil, como a Juliana. A nossa marca n\u00e3o s\u00f3 desenha e fabrica o vestu\u00e1rio, mas tamb\u00e9m se ocupa das fun\u00e7\u00f5es de distribui\u00e7\u00e3o, o que nos permite posicionar os nossos produtos em qualquer territ\u00f3rio nacional e internacional.[\/vc_column_text][\/vc_column][\/vc_row][vc_row full_width=&#8221;stretch_row_content&#8221; woodmart_css_id=&#8221;68cbd6b89d943&#8243; responsive_spacing=&#8221;eyJwYXJhbV90eXBlIjoid29vZG1hcnRfcmVzcG9uc2l2ZV9zcGFjaW5nIiwic2VsZWN0b3JfaWQiOiI2OGNiZDZiODlkOTQzIiwic2hvcnRjb2RlIjoidmNfcm93IiwiZGF0YSI6eyJ0YWJsZXQiOnt9LCJtb2JpbGUiOnt9fX0=&#8221; mobile_bg_img_hidden=&#8221;no&#8221; tablet_bg_img_hidden=&#8221;no&#8221; woodmart_parallax=&#8221;0&#8243; woodmart_gradient_switch=&#8221;no&#8221; woodmart_box_shadow=&#8221;no&#8221; wd_z_index=&#8221;no&#8221; woodmart_disable_overflow=&#8221;0&#8243; row_reverse_mobile=&#8221;0&#8243; row_reverse_tablet=&#8221;0&#8243;][vc_column width=&#8221;1\/3&#8243;][vc_column_text css=&#8221;.vc_custom_1691567945709{margin-top: 50px !important;padding-right: 40px !important;padding-left: 40px !important;}&#8221; woodmart_inline=&#8221;no&#8221; text_larger=&#8221;no&#8221;]<\/p>\n<h3 class=\"enc-belle\">Qual \u00e9 a diferen\u00e7a entre Juliana e outra marca de roupa infantil espanhola?<\/h3>\n<p>A nossa marca de roupa infantil espanhola oferece desenhos muito atraentes que s\u00e3o tamb\u00e9m muito apropriados para vestir os mais pequenos para diferentes ocasi\u00f5es. As nossas colec\u00e7\u00f5es incluem pe\u00e7as confort\u00e1veis que s\u00e3o ideais para o uso di\u00e1rio, bem como roupas com um toque casual para festas de anivers\u00e1rio e passeios, entre outros. Naturalmente, para eventos especiais temos tamb\u00e9m pe\u00e7as de vestu\u00e1rio mais formais.<\/p>\n<p>Tudo o que um guarda-roupa infantil requer, encontr\u00e1-lo-\u00e1 na marca de roupa infantil em Espanha Juliana.[\/vc_column_text][\/vc_column][vc_column width=&#8221;1\/3&#8243;][vc_column_text css=&#8221;.vc_custom_1647599015783{margin-top: 50px !important;padding-right: 40px !important;padding-left: 40px !important;}&#8221; woodmart_inline=&#8221;no&#8221; text_larger=&#8221;no&#8221;]<\/p>\n<h3 class=\"enc-belle\">Marcas de roupa infantil espanhola online<\/h3>\n<p>Para facilitar a comercializa\u00e7\u00e3o do nosso vestu\u00e1rio, a nossa marca fornece, no ambiente online, pontos de venda onde os utilizadores podem comprar o nosso vestu\u00e1rio de crian\u00e7a.<\/p>\n<p>O nosso website de moda infantil \u00e9 uma janela aberta para distribuidores e consumidores, onde podem ver em cada esta\u00e7\u00e3o do ano os novos produtos e propostas da nossa marca de roupa infantil.<\/p>\n<p>O foco dos nossos esfor\u00e7os \u00e9 sempre voc\u00ea, \u00e9 por isso que tamb\u00e9m temos canais sociais como<a href=\"https:\/\/www.instagram.com\/julianavistiendobebes\/\" target=\"_blank\" rel=\"noopener\"> Instagram<\/a>, <a href=\"https:\/\/www.facebook.com\/julianavistiendobebes\" target=\"_blank\" rel=\"noopener\">Facebook<\/a> e <a href=\"https:\/\/www.youtube.com\/c\/Vistiendobebes-Juliana\" target=\"_blank\" rel=\"noopener\">YouTube<\/a> onde voc\u00ea pode seguir-nos e fazer parte desta grande fam\u00edlia.[\/vc_column_text][\/vc_column][vc_column width=&#8221;1\/3&#8243;][vc_single_image image=&#8221;14994&#8243; img_size=&#8221;full&#8221; woodmart_inline=&#8221;no&#8221; parallax_scroll=&#8221;no&#8221;][\/vc_column][\/vc_row][vc_row full_width=&#8221;stretch_row_content&#8221; woodmart_css_id=&#8221;68cbd703c91c8&#8243; responsive_spacing=&#8221;eyJwYXJhbV90eXBlIjoid29vZG1hcnRfcmVzcG9uc2l2ZV9zcGFjaW5nIiwic2VsZWN0b3JfaWQiOiI2OGNiZDcwM2M5MWM4Iiwic2hvcnRjb2RlIjoidmNfcm93IiwiZGF0YSI6eyJ0YWJsZXQiOnt9LCJtb2JpbGUiOnt9fX0=&#8221; mobile_bg_img_hidden=&#8221;no&#8221; tablet_bg_img_hidden=&#8221;no&#8221; woodmart_parallax=&#8221;0&#8243; woodmart_gradient_switch=&#8221;no&#8221; woodmart_box_shadow=&#8221;no&#8221; wd_z_index=&#8221;no&#8221; woodmart_disable_overflow=&#8221;0&#8243; row_reverse_mobile=&#8221;0&#8243; row_reverse_tablet=&#8221;0&#8243; css=&#8221;.vc_custom_1758189317048{padding-right: 50px !important;padding-left: 50px !important;}&#8221;][vc_column][vc_separator color=&#8221;custom&#8221; accent_color=&#8221;#7c91a2&#8243;][vc_column_text css=&#8221;&#8221; woodmart_inline=&#8221;no&#8221; text_larger=&#8221;no&#8221;]<strong>Pode tamb\u00e9m estar interessado:<\/strong><\/p>\n<ul class=\"enlazado-interno\">\n<li><a href=\"https:\/\/vistiendobebes.com\/pt-pt\/lojas\/\">Lojas de moda infantil<\/a><\/li>\n<li><a href=\"https:\/\/vistiendobebes.com\/pt-pt\/lookbook\/\">Distribuidora de roupa infantil<\/a><\/li>\n<li><a href=\"https:\/\/vistiendobebes.com\/pt-pt\/catalogo\/\">Cat\u00e1logos de roupa infantil.<\/a><\/li>\n<li><a href=\"https:\/\/vistiendobebes.com\/pt-pt\/vestir-os-sonhos-a-magia-da-roupa-para-recem-nascidos\/\">Malha bebe<\/a><\/li>\n<\/ul>\n<p>[\/vc_column_text][\/vc_column][\/vc_row]<\/p>\n<\/div>","protected":false},"excerpt":{"rendered":"<p>[vc_row full_width=&#8221;stretch_row_content&#8221; equal_height=&#8221;yes&#8221; mobile_bg_img_hidden=&#8221;no&#8221; tablet_bg_img_hidden=&#8221;no&#8221; woodmart_parallax=&#8221;0&#8243; woodmart_gradient_switch=&#8221;no&#8221; row_reverse_mobile=&#8221;0&#8243; row_reverse_tablet=&#8221;0&#8243; woodmart_disable_overflow=&#8221;0&#8243; woodmart_css_id=&#8221;68cbd694071e9&#8243; responsive_spacing=&#8221;eyJwYXJhbV90eXBlIjoid29vZG1hcnRfcmVzcG9uc2l2ZV9zcGFjaW5nIiwic2VsZWN0b3JfaWQiOiI2OGNiZDY5NDA3MWU5Iiwic2hvcnRjb2RlIjoidmNfcm93IiwiZGF0YSI6eyJ0YWJsZXQiOnt9LCJtb2JpbGUiOnt9fX0=&#8221; woodmart_box_shadow=&#8221;no&#8221; wd_z_index=&#8221;no&#8221;][vc_column][vc_single_image image=&#8221;7894&#8243; img_size=&#8221;full&#8221; alignment=&#8221;center&#8221; woodmart_inline=&#8221;no&#8221; parallax_scroll=&#8221;no&#8221;][vc_column_text css=&#8221;.vc_custom_1691568047325{margin-top:<\/p>\n","protected":false},"author":2,"featured_media":0,"parent":0,"menu_order":0,"comment_status":"closed","ping_status":"closed","template":"","meta":{"footnotes":""},"class_list":["post-13212","page","type-page","status-publish","hentry"],"yoast_head":"<!-- This site is optimized with the Yoast SEO plugin v27.3 - https:\/\/yoast.com\/product\/yoast-seo-wordpress\/ -->\n<title>Marca de Roupa infantil Espanhola | Roupa infantil espanhola<\/title>\n<meta name=\"description\" content=\"Somos uma marca espanhola de roupa infantil com uma longa hist\u00f3ria de d\u00e9cadas (1970). O universo Juliana oferece roupa infantil espanhola de 0 a 48 meses\" \/>\n<meta name=\"robots\" content=\"index, follow, max-snippet:-1, max-image-preview:large, max-video-preview:-1\" \/>\n<link rel=\"canonical\" href=\"https:\/\/vistiendobebes.com\/pt-pt\/roupa-infantil\/\" \/>\n<meta property=\"og:locale\" content=\"pt_PT\" \/>\n<meta property=\"og:type\" content=\"article\" \/>\n<meta property=\"og:title\" content=\"Marca de Roupa infantil Espanhola | Roupa infantil espanhola\" \/>\n<meta property=\"og:description\" content=\"Somos uma marca espanhola de roupa infantil com uma longa hist\u00f3ria de d\u00e9cadas (1970). O universo Juliana oferece roupa infantil espanhola de 0 a 48 meses\" \/>\n<meta property=\"og:url\" content=\"https:\/\/vistiendobebes.com\/pt-pt\/roupa-infantil\/\" \/>\n<meta property=\"og:site_name\" content=\"Juliana Vistiendo Beb\u00e9s\" \/>\n<meta property=\"article:publisher\" content=\"https:\/\/www.facebook.com\/julianavistiendobebes\" \/>\n<meta property=\"article:modified_time\" content=\"2025-09-18T09:55:40+00:00\" \/>\n<meta name=\"twitter:card\" content=\"summary_large_image\" \/>\n<meta name=\"twitter:label1\" content=\"Tempo estimado de leitura\" \/>\n\t<meta name=\"twitter:data1\" content=\"4 minutos\" \/>\n<script type=\"application\/ld+json\" class=\"yoast-schema-graph\">{\"@context\":\"https:\\\/\\\/schema.org\",\"@graph\":[{\"@type\":\"WebPage\",\"@id\":\"https:\\\/\\\/vistiendobebes.com\\\/pt-pt\\\/roupa-infantil\\\/\",\"url\":\"https:\\\/\\\/vistiendobebes.com\\\/pt-pt\\\/roupa-infantil\\\/\",\"name\":\"Marca de Roupa infantil Espanhola | Roupa infantil espanhola\",\"isPartOf\":{\"@id\":\"https:\\\/\\\/vistiendobebes.com\\\/pt-pt\\\/#website\"},\"datePublished\":\"2021-07-21T10:37:47+00:00\",\"dateModified\":\"2025-09-18T09:55:40+00:00\",\"description\":\"Somos uma marca espanhola de roupa infantil com uma longa hist\u00f3ria de d\u00e9cadas (1970). O universo Juliana oferece roupa infantil espanhola de 0 a 48 meses\",\"breadcrumb\":{\"@id\":\"https:\\\/\\\/vistiendobebes.com\\\/pt-pt\\\/roupa-infantil\\\/#breadcrumb\"},\"inLanguage\":\"pt-PT\",\"potentialAction\":[{\"@type\":\"ReadAction\",\"target\":[\"https:\\\/\\\/vistiendobebes.com\\\/pt-pt\\\/roupa-infantil\\\/\"]}]},{\"@type\":\"BreadcrumbList\",\"@id\":\"https:\\\/\\\/vistiendobebes.com\\\/pt-pt\\\/roupa-infantil\\\/#breadcrumb\",\"itemListElement\":[{\"@type\":\"ListItem\",\"position\":1,\"name\":\"Portada\",\"item\":\"https:\\\/\\\/vistiendobebes.com\\\/pt-pt\\\/\"},{\"@type\":\"ListItem\",\"position\":2,\"name\":\"Conhe\u00e7a Juliana\"}]},{\"@type\":\"WebSite\",\"@id\":\"https:\\\/\\\/vistiendobebes.com\\\/pt-pt\\\/#website\",\"url\":\"https:\\\/\\\/vistiendobebes.com\\\/pt-pt\\\/\",\"name\":\"Juliana Vistiendo Beb\u00e9s\",\"description\":\"Marca de moda infantil\",\"publisher\":{\"@id\":\"https:\\\/\\\/vistiendobebes.com\\\/pt-pt\\\/#organization\"},\"potentialAction\":[{\"@type\":\"SearchAction\",\"target\":{\"@type\":\"EntryPoint\",\"urlTemplate\":\"https:\\\/\\\/vistiendobebes.com\\\/pt-pt\\\/?s={search_term_string}\"},\"query-input\":{\"@type\":\"PropertyValueSpecification\",\"valueRequired\":true,\"valueName\":\"search_term_string\"}}],\"inLanguage\":\"pt-PT\"},{\"@type\":\"Organization\",\"@id\":\"https:\\\/\\\/vistiendobebes.com\\\/pt-pt\\\/#organization\",\"name\":\"Juliana, Vistiendo Beb\u00e9s\",\"url\":\"https:\\\/\\\/vistiendobebes.com\\\/pt-pt\\\/\",\"logo\":{\"@type\":\"ImageObject\",\"inLanguage\":\"pt-PT\",\"@id\":\"https:\\\/\\\/vistiendobebes.com\\\/pt-pt\\\/#\\\/schema\\\/logo\\\/image\\\/\",\"url\":\"https:\\\/\\\/vistiendobebes.com\\\/wp-content\\\/uploads\\\/2021\\\/07\\\/marca-juliana.png\",\"contentUrl\":\"https:\\\/\\\/vistiendobebes.com\\\/wp-content\\\/uploads\\\/2021\\\/07\\\/marca-juliana.png\",\"width\":909,\"height\":907,\"caption\":\"Juliana, Vistiendo Beb\u00e9s\"},\"image\":{\"@id\":\"https:\\\/\\\/vistiendobebes.com\\\/pt-pt\\\/#\\\/schema\\\/logo\\\/image\\\/\"},\"sameAs\":[\"https:\\\/\\\/www.facebook.com\\\/julianavistiendobebes\",\"https:\\\/\\\/www.instagram.com\\\/julianavistiendobebes\\\/\",\"https:\\\/\\\/www.youtube.com\\\/channel\\\/UCHaSPwnyKbcQ1Ppzf2roteA\"]}]}<\/script>\n<!-- \/ Yoast SEO plugin. -->","yoast_head_json":{"title":"Marca de Roupa infantil Espanhola | Roupa infantil espanhola","description":"Somos uma marca espanhola de roupa infantil com uma longa hist\u00f3ria de d\u00e9cadas (1970). O universo Juliana oferece roupa infantil espanhola de 0 a 48 meses","robots":{"index":"index","follow":"follow","max-snippet":"max-snippet:-1","max-image-preview":"max-image-preview:large","max-video-preview":"max-video-preview:-1"},"canonical":"https:\/\/vistiendobebes.com\/pt-pt\/roupa-infantil\/","og_locale":"pt_PT","og_type":"article","og_title":"Marca de Roupa infantil Espanhola | Roupa infantil espanhola","og_description":"Somos uma marca espanhola de roupa infantil com uma longa hist\u00f3ria de d\u00e9cadas (1970). O universo Juliana oferece roupa infantil espanhola de 0 a 48 meses","og_url":"https:\/\/vistiendobebes.com\/pt-pt\/roupa-infantil\/","og_site_name":"Juliana Vistiendo Beb\u00e9s","article_publisher":"https:\/\/www.facebook.com\/julianavistiendobebes","article_modified_time":"2025-09-18T09:55:40+00:00","twitter_card":"summary_large_image","twitter_misc":{"Tempo estimado de leitura":"4 minutos"},"schema":{"@context":"https:\/\/schema.org","@graph":[{"@type":"WebPage","@id":"https:\/\/vistiendobebes.com\/pt-pt\/roupa-infantil\/","url":"https:\/\/vistiendobebes.com\/pt-pt\/roupa-infantil\/","name":"Marca de Roupa infantil Espanhola | Roupa infantil espanhola","isPartOf":{"@id":"https:\/\/vistiendobebes.com\/pt-pt\/#website"},"datePublished":"2021-07-21T10:37:47+00:00","dateModified":"2025-09-18T09:55:40+00:00","description":"Somos uma marca espanhola de roupa infantil com uma longa hist\u00f3ria de d\u00e9cadas (1970). O universo Juliana oferece roupa infantil espanhola de 0 a 48 meses","breadcrumb":{"@id":"https:\/\/vistiendobebes.com\/pt-pt\/roupa-infantil\/#breadcrumb"},"inLanguage":"pt-PT","potentialAction":[{"@type":"ReadAction","target":["https:\/\/vistiendobebes.com\/pt-pt\/roupa-infantil\/"]}]},{"@type":"BreadcrumbList","@id":"https:\/\/vistiendobebes.com\/pt-pt\/roupa-infantil\/#breadcrumb","itemListElement":[{"@type":"ListItem","position":1,"name":"Portada","item":"https:\/\/vistiendobebes.com\/pt-pt\/"},{"@type":"ListItem","position":2,"name":"Conhe\u00e7a Juliana"}]},{"@type":"WebSite","@id":"https:\/\/vistiendobebes.com\/pt-pt\/#website","url":"https:\/\/vistiendobebes.com\/pt-pt\/","name":"Juliana Vistiendo Beb\u00e9s","description":"Marca de moda infantil","publisher":{"@id":"https:\/\/vistiendobebes.com\/pt-pt\/#organization"},"potentialAction":[{"@type":"SearchAction","target":{"@type":"EntryPoint","urlTemplate":"https:\/\/vistiendobebes.com\/pt-pt\/?s={search_term_string}"},"query-input":{"@type":"PropertyValueSpecification","valueRequired":true,"valueName":"search_term_string"}}],"inLanguage":"pt-PT"},{"@type":"Organization","@id":"https:\/\/vistiendobebes.com\/pt-pt\/#organization","name":"Juliana, Vistiendo Beb\u00e9s","url":"https:\/\/vistiendobebes.com\/pt-pt\/","logo":{"@type":"ImageObject","inLanguage":"pt-PT","@id":"https:\/\/vistiendobebes.com\/pt-pt\/#\/schema\/logo\/image\/","url":"https:\/\/vistiendobebes.com\/wp-content\/uploads\/2021\/07\/marca-juliana.png","contentUrl":"https:\/\/vistiendobebes.com\/wp-content\/uploads\/2021\/07\/marca-juliana.png","width":909,"height":907,"caption":"Juliana, Vistiendo Beb\u00e9s"},"image":{"@id":"https:\/\/vistiendobebes.com\/pt-pt\/#\/schema\/logo\/image\/"},"sameAs":["https:\/\/www.facebook.com\/julianavistiendobebes","https:\/\/www.instagram.com\/julianavistiendobebes\/","https:\/\/www.youtube.com\/channel\/UCHaSPwnyKbcQ1Ppzf2roteA"]}]}},"_links":{"self":[{"href":"https:\/\/vistiendobebes.com\/pt-pt\/wp-json\/wp\/v2\/pages\/13212","targetHints":{"allow":["GET"]}}],"collection":[{"href":"https:\/\/vistiendobebes.com\/pt-pt\/wp-json\/wp\/v2\/pages"}],"about":[{"href":"https:\/\/vistiendobebes.com\/pt-pt\/wp-json\/wp\/v2\/types\/page"}],"author":[{"embeddable":true,"href":"https:\/\/vistiendobebes.com\/pt-pt\/wp-json\/wp\/v2\/users\/2"}],"replies":[{"embeddable":true,"href":"https:\/\/vistiendobebes.com\/pt-pt\/wp-json\/wp\/v2\/comments?post=13212"}],"version-history":[{"count":0,"href":"https:\/\/vistiendobebes.com\/pt-pt\/wp-json\/wp\/v2\/pages\/13212\/revisions"}],"wp:attachment":[{"href":"https:\/\/vistiendobebes.com\/pt-pt\/wp-json\/wp\/v2\/media?parent=13212"}],"curies":[{"name":"wp","href":"https:\/\/api.w.org\/{rel}","templated":true}]}}