{"id":77560,"date":"2025-01-07T14:07:33","date_gmt":"2025-01-07T13:07:33","guid":{"rendered":"https:\/\/vistiendobebes.com\/informativa-sulla-privacy\/"},"modified":"2025-01-07T14:07:33","modified_gmt":"2025-01-07T13:07:33","slug":"informativa-sulla-privacy","status":"publish","type":"page","link":"https:\/\/vistiendobebes.com\/it\/informativa-sulla-privacy\/","title":{"rendered":"Informativa sulla privacy"},"content":{"rendered":"<p>Documento rivisto il 24\/05\/2018 In ottemperanza al Regolamento (UE) 2016\/679 del Parlamento Europeo e del Consiglio del 27 aprile 2016 relativo alla protezione delle persone fisiche con riguardo al trattamento dei dati personali, nonch\u00e9 alla libera circolazione di tali dati e che abroga la direttiva 95\/46\/CE (di seguito, GDPR), Vistiendo beb\u00e9 s.l. con NIF: B46370334 , informa l&#8217;Utente di essere titolare di un archivio di dati personali registrato presso il R.G.P.D. (Registro Generale della Protezione dei Dati), nel quale i Suoi dati sono incorporati e vengono trattati al fine di fornire i servizi richiesti e inviarLe informazioni sulla nostra azienda che potrebbero essere di Suo interesse. Gli utenti, selezionando la casella, accettano espressamente e liberamente e inequivocabilmente che i loro dati personali siano trattati dal Gestore per le seguenti finalit\u00e0:<\/p>\n<p>Invio della newsletter del sito web. Elaborazione di ordini, richieste o qualsiasi tipo di richiesta effettuata dall&#8217;utente attraverso una qualsiasi delle modalit\u00e0 di contatto rese disponibili sul sito web. Invio di comunicazioni commerciali pubblicitarie via e-mail relative a prodotti o servizi offerti dal Gestore, nonch\u00e9 da collaboratori o partner con i quali il Gestore ha raggiunto un accordo per la promozione commerciale presso i propri clienti. In questo caso, le terze parti non avranno mai accesso ai dati personali.<br \/>\nIn ogni caso, le comunicazioni commerciali saranno effettuate dal Gestore e riguarderanno prodotti e servizi relativi al settore del Gestore. Realizzare studi statistici. I dati richiesti attraverso il Sito web sono obbligatori, in quanto necessari per la fornitura di un servizio ottimale all&#8217;utente. Nel caso in cui non vengano forniti tutti i dati, il Gestore non garantisce che le informazioni e i servizi forniti siano completamente adeguati alle esigenze dell&#8217;utente. L&#8217;utente \u00e8 l&#8217;unico responsabile della veridicit\u00e0 e della correttezza dei dati inviati al fornitore, esonerando quest&#8217;ultimo da qualsiasi responsabilit\u00e0 in merito. L&#8217;utente garantisce ed \u00e8 responsabile, in ogni caso, dell&#8217;accuratezza, della validit\u00e0 e dell&#8217;autenticit\u00e0 dei dati personali forniti e si impegna a mantenerli debitamente aggiornati. L&#8217;utente si impegna a fornire informazioni complete e corrette nel modulo di contatto o di iscrizione. L&#8217;utente pu\u00f2 inviare le proprie comunicazioni ed esercitare i propri diritti di accesso, rettifica, cancellazione e opposizione per posta all&#8217;indirizzo C\/ Cervantes, 115 &#8211; Ayora 46620, Valencia, o per e-mail all&#8217;indirizzo: info@vistiendobebes.com unitamente a una prova legale valida, come una fotocopia della carta d&#8217;identit\u00e0 nazionale o equivalente, indicando nell&#8217;oggetto &#8220;Protezione dei dati&#8221;. Allo stesso modo, l&#8217;utente pu\u00f2 annullare l&#8217;iscrizione a qualsiasi servizio di abbonamento fornito cliccando sulla sezione di annullamento dell&#8217;iscrizione di tutte le e-mail inviate dal fornitore. Se l&#8217;utente riceve tali e-mail, ha dato la sua preventiva autorizzazione, in quanto il fornitore non si impegna in pratiche di SPAM. Il fornitore ha adottato tutte le misure tecniche e organizzative necessarie per garantire la sicurezza e l&#8217;integrit\u00e0 dei dati personali che tratta, nonch\u00e9 per impedirne la perdita, l&#8217;alterazione e\/o l&#8217;accesso da parte di terzi non autorizzati.<\/p>\n<p>Il Gestore si riserva il diritto di modificare questa politica per adattarla a nuove leggi o giurisprudenze e alle pratiche del settore. In questi casi, il Gestore annuncer\u00e0 su questa pagina le modifiche introdotte con ragionevole anticipo rispetto alla loro attuazione. <\/p>\n","protected":false},"excerpt":{"rendered":"<p>Documento rivisto il 24\/05\/2018 In ottemperanza al Regolamento (UE) 2016\/679 del Parlamento Europeo e del Consiglio del 27 aprile 2016<\/p>\n","protected":false},"author":2,"featured_media":0,"parent":0,"menu_order":0,"comment_status":"closed","ping_status":"closed","template":"","meta":{"footnotes":""},"class_list":["post-77560","page","type-page","status-publish","hentry"],"yoast_head":"<!-- This site is optimized with the Yoast SEO plugin v27.4 - https:\/\/yoast.com\/product\/yoast-seo-wordpress\/ -->\n<title>Informativa sulla privacy - Juliana Vistiendo Beb\u00e9s<\/title>\n<meta name=\"robots\" content=\"index, follow, max-snippet:-1, max-image-preview:large, max-video-preview:-1\" \/>\n<link rel=\"canonical\" href=\"https:\/\/vistiendobebes.com\/it\/informativa-sulla-privacy\/\" \/>\n<meta property=\"og:locale\" content=\"it_IT\" \/>\n<meta property=\"og:type\" content=\"article\" \/>\n<meta property=\"og:title\" content=\"Informativa sulla privacy - Juliana Vistiendo Beb\u00e9s\" \/>\n<meta property=\"og:description\" content=\"Documento rivisto il 24\/05\/2018 In ottemperanza al Regolamento (UE) 2016\/679 del Parlamento Europeo e del Consiglio del 27 aprile 2016\" \/>\n<meta property=\"og:url\" content=\"https:\/\/vistiendobebes.com\/it\/informativa-sulla-privacy\/\" \/>\n<meta property=\"og:site_name\" content=\"Juliana Vistiendo Beb\u00e9s\" \/>\n<meta property=\"article:publisher\" content=\"https:\/\/www.facebook.com\/julianavistiendobebes\" \/>\n<meta name=\"twitter:card\" content=\"summary_large_image\" \/>\n<meta name=\"twitter:label1\" content=\"Tempo di lettura stimato\" \/>\n\t<meta name=\"twitter:data1\" content=\"3 minuti\" \/>\n<script type=\"application\/ld+json\" class=\"yoast-schema-graph\">{\"@context\":\"https:\\\/\\\/schema.org\",\"@graph\":[{\"@type\":\"WebPage\",\"@id\":\"https:\\\/\\\/vistiendobebes.com\\\/it\\\/informativa-sulla-privacy\\\/\",\"url\":\"https:\\\/\\\/vistiendobebes.com\\\/it\\\/informativa-sulla-privacy\\\/\",\"name\":\"Informativa sulla privacy - Juliana Vistiendo Beb\u00e9s\",\"isPartOf\":{\"@id\":\"https:\\\/\\\/vistiendobebes.com\\\/it\\\/#website\"},\"datePublished\":\"2025-01-07T13:07:33+00:00\",\"breadcrumb\":{\"@id\":\"https:\\\/\\\/vistiendobebes.com\\\/it\\\/informativa-sulla-privacy\\\/#breadcrumb\"},\"inLanguage\":\"it-IT\",\"potentialAction\":[{\"@type\":\"ReadAction\",\"target\":[\"https:\\\/\\\/vistiendobebes.com\\\/it\\\/informativa-sulla-privacy\\\/\"]}]},{\"@type\":\"BreadcrumbList\",\"@id\":\"https:\\\/\\\/vistiendobebes.com\\\/it\\\/informativa-sulla-privacy\\\/#breadcrumb\",\"itemListElement\":[{\"@type\":\"ListItem\",\"position\":1,\"name\":\"Portada\",\"item\":\"https:\\\/\\\/vistiendobebes.com\\\/it\\\/\"},{\"@type\":\"ListItem\",\"position\":2,\"name\":\"Informativa sulla privacy\"}]},{\"@type\":\"WebSite\",\"@id\":\"https:\\\/\\\/vistiendobebes.com\\\/it\\\/#website\",\"url\":\"https:\\\/\\\/vistiendobebes.com\\\/it\\\/\",\"name\":\"Juliana Vistiendo Beb\u00e9s\",\"description\":\"Marca de moda infantil\",\"publisher\":{\"@id\":\"https:\\\/\\\/vistiendobebes.com\\\/it\\\/#organization\"},\"potentialAction\":[{\"@type\":\"SearchAction\",\"target\":{\"@type\":\"EntryPoint\",\"urlTemplate\":\"https:\\\/\\\/vistiendobebes.com\\\/it\\\/?s={search_term_string}\"},\"query-input\":{\"@type\":\"PropertyValueSpecification\",\"valueRequired\":true,\"valueName\":\"search_term_string\"}}],\"inLanguage\":\"it-IT\"},{\"@type\":\"Organization\",\"@id\":\"https:\\\/\\\/vistiendobebes.com\\\/it\\\/#organization\",\"name\":\"Juliana, Vistiendo Beb\u00e9s\",\"url\":\"https:\\\/\\\/vistiendobebes.com\\\/it\\\/\",\"logo\":{\"@type\":\"ImageObject\",\"inLanguage\":\"it-IT\",\"@id\":\"https:\\\/\\\/vistiendobebes.com\\\/it\\\/#\\\/schema\\\/logo\\\/image\\\/\",\"url\":\"https:\\\/\\\/vistiendobebes.com\\\/wp-content\\\/uploads\\\/2021\\\/07\\\/marca-juliana.png\",\"contentUrl\":\"https:\\\/\\\/vistiendobebes.com\\\/wp-content\\\/uploads\\\/2021\\\/07\\\/marca-juliana.png\",\"width\":909,\"height\":907,\"caption\":\"Juliana, Vistiendo Beb\u00e9s\"},\"image\":{\"@id\":\"https:\\\/\\\/vistiendobebes.com\\\/it\\\/#\\\/schema\\\/logo\\\/image\\\/\"},\"sameAs\":[\"https:\\\/\\\/www.facebook.com\\\/julianavistiendobebes\",\"https:\\\/\\\/www.instagram.com\\\/julianavistiendobebes\\\/\",\"https:\\\/\\\/www.youtube.com\\\/channel\\\/UCHaSPwnyKbcQ1Ppzf2roteA\"]}]}<\/script>\n<!-- \/ Yoast SEO plugin. -->","yoast_head_json":{"title":"Informativa sulla privacy - Juliana Vistiendo Beb\u00e9s","robots":{"index":"index","follow":"follow","max-snippet":"max-snippet:-1","max-image-preview":"max-image-preview:large","max-video-preview":"max-video-preview:-1"},"canonical":"https:\/\/vistiendobebes.com\/it\/informativa-sulla-privacy\/","og_locale":"it_IT","og_type":"article","og_title":"Informativa sulla privacy - Juliana Vistiendo Beb\u00e9s","og_description":"Documento rivisto il 24\/05\/2018 In ottemperanza al Regolamento (UE) 2016\/679 del Parlamento Europeo e del Consiglio del 27 aprile 2016","og_url":"https:\/\/vistiendobebes.com\/it\/informativa-sulla-privacy\/","og_site_name":"Juliana Vistiendo Beb\u00e9s","article_publisher":"https:\/\/www.facebook.com\/julianavistiendobebes","twitter_card":"summary_large_image","twitter_misc":{"Tempo di lettura stimato":"3 minuti"},"schema":{"@context":"https:\/\/schema.org","@graph":[{"@type":"WebPage","@id":"https:\/\/vistiendobebes.com\/it\/informativa-sulla-privacy\/","url":"https:\/\/vistiendobebes.com\/it\/informativa-sulla-privacy\/","name":"Informativa sulla privacy - Juliana Vistiendo Beb\u00e9s","isPartOf":{"@id":"https:\/\/vistiendobebes.com\/it\/#website"},"datePublished":"2025-01-07T13:07:33+00:00","breadcrumb":{"@id":"https:\/\/vistiendobebes.com\/it\/informativa-sulla-privacy\/#breadcrumb"},"inLanguage":"it-IT","potentialAction":[{"@type":"ReadAction","target":["https:\/\/vistiendobebes.com\/it\/informativa-sulla-privacy\/"]}]},{"@type":"BreadcrumbList","@id":"https:\/\/vistiendobebes.com\/it\/informativa-sulla-privacy\/#breadcrumb","itemListElement":[{"@type":"ListItem","position":1,"name":"Portada","item":"https:\/\/vistiendobebes.com\/it\/"},{"@type":"ListItem","position":2,"name":"Informativa sulla privacy"}]},{"@type":"WebSite","@id":"https:\/\/vistiendobebes.com\/it\/#website","url":"https:\/\/vistiendobebes.com\/it\/","name":"Juliana Vistiendo Beb\u00e9s","description":"Marca de moda infantil","publisher":{"@id":"https:\/\/vistiendobebes.com\/it\/#organization"},"potentialAction":[{"@type":"SearchAction","target":{"@type":"EntryPoint","urlTemplate":"https:\/\/vistiendobebes.com\/it\/?s={search_term_string}"},"query-input":{"@type":"PropertyValueSpecification","valueRequired":true,"valueName":"search_term_string"}}],"inLanguage":"it-IT"},{"@type":"Organization","@id":"https:\/\/vistiendobebes.com\/it\/#organization","name":"Juliana, Vistiendo Beb\u00e9s","url":"https:\/\/vistiendobebes.com\/it\/","logo":{"@type":"ImageObject","inLanguage":"it-IT","@id":"https:\/\/vistiendobebes.com\/it\/#\/schema\/logo\/image\/","url":"https:\/\/vistiendobebes.com\/wp-content\/uploads\/2021\/07\/marca-juliana.png","contentUrl":"https:\/\/vistiendobebes.com\/wp-content\/uploads\/2021\/07\/marca-juliana.png","width":909,"height":907,"caption":"Juliana, Vistiendo Beb\u00e9s"},"image":{"@id":"https:\/\/vistiendobebes.com\/it\/#\/schema\/logo\/image\/"},"sameAs":["https:\/\/www.facebook.com\/julianavistiendobebes","https:\/\/www.instagram.com\/julianavistiendobebes\/","https:\/\/www.youtube.com\/channel\/UCHaSPwnyKbcQ1Ppzf2roteA"]}]}},"_links":{"self":[{"href":"https:\/\/vistiendobebes.com\/it\/wp-json\/wp\/v2\/pages\/77560","targetHints":{"allow":["GET"]}}],"collection":[{"href":"https:\/\/vistiendobebes.com\/it\/wp-json\/wp\/v2\/pages"}],"about":[{"href":"https:\/\/vistiendobebes.com\/it\/wp-json\/wp\/v2\/types\/page"}],"author":[{"embeddable":true,"href":"https:\/\/vistiendobebes.com\/it\/wp-json\/wp\/v2\/users\/2"}],"replies":[{"embeddable":true,"href":"https:\/\/vistiendobebes.com\/it\/wp-json\/wp\/v2\/comments?post=77560"}],"version-history":[{"count":0,"href":"https:\/\/vistiendobebes.com\/it\/wp-json\/wp\/v2\/pages\/77560\/revisions"}],"wp:attachment":[{"href":"https:\/\/vistiendobebes.com\/it\/wp-json\/wp\/v2\/media?parent=77560"}],"curies":[{"name":"wp","href":"https:\/\/api.w.org\/{rel}","templated":true}]}}