{"id":67524,"date":"2024-10-16T17:03:10","date_gmt":"2024-10-16T15:03:10","guid":{"rendered":"https:\/\/vistiendobebes.com\/abbigliamento-per-bambini-da-6-a-36-mesi\/"},"modified":"2024-10-16T17:03:12","modified_gmt":"2024-10-16T15:03:12","slug":"abbigliamento-per-bambini-da-6-a-36-mesi","status":"publish","type":"page","link":"https:\/\/vistiendobebes.com\/it\/abbigliamento-per-bambini-da-6-a-36-mesi\/","title":{"rendered":"Abbigliamento per bambini da 6 a 36 mesi"},"content":{"rendered":"<div class=\"wpb-content-wrapper\"><p>[vc_row full_width=&#8221;stretch_row_content&#8221; content_placement=&#8221;middle&#8221; woodmart_bg_position=&#8221;center-top&#8221; row_reverse_mobile=&#8221;1&#8243; row_reverse_tablet=&#8221;1&#8243; css=&#8221;.vc_custom_1727888621601{margin-bottom: -1px !important;border-top-width: 14px !important;border-right-width: 14px !important;border-left-width: 14px !important;padding-top: 120px !important;background-color: #ffffff !important;background-position: center !important;background-repeat: no-repeat !important;background-size: cover !important;border-left-color: #ffffff !important;border-left-style: solid !important;border-right-color: #ffffff !important;border-right-style: solid !important;border-top-color: #ffffff !important;border-top-style: solid !important;}&#8221; mobile_bg_img_hidden=&#8221;no&#8221; woodmart_parallax=&#8221;0&#8243; woodmart_gradient_switch=&#8221;no&#8221; woodmart_disable_overflow=&#8221;0&#8243; woodmart_css_id=&#8221;66fd7cd65be98&#8243; responsive_spacing=&#8221;eyJwYXJhbV90eXBlIjoid29vZG1hcnRfcmVzcG9uc2l2ZV9zcGFjaW5nIiwic2VsZWN0b3JfaWQiOiI2NmZkN2NkNjViZTk4Iiwic2hvcnRjb2RlIjoidmNfcm93IiwiZGF0YSI6eyJ0YWJsZXQiOnt9LCJtb2JpbGUiOnt9fX0=&#8221; tablet_bg_img_hidden=&#8221;no&#8221; woodmart_box_shadow=&#8221;no&#8221; wd_z_index=&#8221;no&#8221;][vc_column css=&#8221;.vc_custom_1628864879155{margin-bottom: 40px !important;padding-top: 0px !important;padding-right: 15% !important;padding-left: 15% !important;}&#8221; offset=&#8221;vc_col-lg-6 vc_col-md-6 vc_col-xs-12&#8243; woodmart_css_id=&#8221;61168168ece5f&#8221; responsive_spacing=&#8221;eyJwYXJhbV90eXBlIjoid29vZG1hcnRfcmVzcG9uc2l2ZV9zcGFjaW5nIiwic2VsZWN0b3JfaWQiOiI2MTE2ODE2OGVjZTVmIiwic2hvcnRjb2RlIjoidmNfY29sdW1uIiwiZGF0YSI6eyJ0YWJsZXQiOnt9LCJtb2JpbGUiOnsicGFkZGluZy1yaWdodCI6IjMwIiwicGFkZGluZy1sZWZ0IjoiMzAifX19&#8243; parallax_scroll=&#8221;no&#8221; mobile_bg_img_hidden=&#8221;no&#8221; tablet_bg_img_hidden=&#8221;no&#8221; woodmart_parallax=&#8221;0&#8243; woodmart_sticky_column=&#8221;false&#8221; mobile_reset_margin=&#8221;no&#8221; tablet_reset_margin=&#8221;no&#8221; wd_z_index=&#8221;no&#8221;]\n\t\t<div id=\"wd-6704e7abf3701\" class=\"title-wrapper wd-wpb wd-set-mb reset-last-child  wd-rs-6704e7abf3701 wd-title-color-default wd-title-style-default text-left vc_custom_1728374708209 wd-width-custom wd-underline-colored\">\n\t\t\t\t\t\t\t\n\t\t\t\t<div class=\"title-subtitle  subtitle-color-default font-default subtitle-style-default wd-font-weight- wd-fontsize-xs\">Juliana<\/div>\n\t\t\t\n\t\t\t<div class=\"liner-continer\">\n\t\t\t\t<h1 class=\"woodmart-title-container title  wd-font-weight-400 wd-fontsize-l\" >Abbigliamento per bambini da 6 a 36 mesi<\/h1>\n\t\t\t\t\t\t\t<\/div>\n\t\t\t\n\t\t\t\n\t\t\t\n\t\t<\/div>\n\t\t\n\t\t\t\t<div id=\"wd-6704e2c09b1ac\" class=\"wd-text-block wd-wpb reset-last-child wd-rs-6704e2c09b1ac hidden-xs text-left wd-fontsize-custom vc_custom_1728373511533\">\n\t\t\t<p>Vestiti, pantaloni, set, body, coperte e capi in maglia e cotone biologico, realizzati in Spagna con la qualit\u00e0 di Juliana per il tuo bambino dai 6 ai 36 mesi.<\/p>\n\t\t<\/div>\n\t\t<div id=\"wd-66fd7c577ee76\" class=\" wd-rs-66fd7c577ee76  wd-button-wrapper text-center inline-element\"><a href=\"https:\/\/vistiendobebes.com\/it\/lookbook\/\" title=\"Lookbook\" target=\"_blank\" rel=\"nofollow\" style=\"--btn-color:#333;--btn-color-hover:#333;\" class=\"btn btn-style-bordered btn-shape-semi-round btn-size-default\">Visualizza le collezioni<\/a><\/div>[\/vc_column][vc_column offset=&#8221;vc_col-lg-6 vc_col-md-6 vc_col-xs-12&#8243; mobile_bg_img_hidden=&#8221;no&#8221; woodmart_parallax=&#8221;0&#8243; woodmart_sticky_column=&#8221;false&#8221; parallax_scroll=&#8221;no&#8221; mobile_reset_margin=&#8221;no&#8221; tablet_reset_margin=&#8221;no&#8221;]\t\t<div id=\"wd-6704e463255d3\" data-parallax='{\"y\":\"-70\",\"smoothness\":\"30\"}' class=\"wd-image wd-wpb wd-rs-6704e463255d3 text-center vc_custom_1728374092147\">\n\t\t\t\n\t\t\t<img loading=\"lazy\" decoding=\"async\" width=\"1000\" height=\"1000\" src=\"https:\/\/vistiendobebes.com\/wp-content\/uploads\/2024\/02\/conjuntos-coleccion-nerja.jpg\" class=\"attachment-full size-full\" alt=\"conjuntos colecci\u00f3n nerja\" srcset=\"https:\/\/vistiendobebes.com\/wp-content\/uploads\/2024\/02\/conjuntos-coleccion-nerja.jpg 1000w, https:\/\/vistiendobebes.com\/wp-content\/uploads\/2024\/02\/conjuntos-coleccion-nerja-300x300.jpg 300w, https:\/\/vistiendobebes.com\/wp-content\/uploads\/2024\/02\/conjuntos-coleccion-nerja-150x150.jpg 150w, https:\/\/vistiendobebes.com\/wp-content\/uploads\/2024\/02\/conjuntos-coleccion-nerja-768x768.jpg 768w\" sizes=\"auto, (max-width: 1000px) 100vw, 1000px\" \/>\n\t\t\t\t\t<\/div>\n\t\t[\/vc_column][\/vc_row][vc_row][vc_column][vc_column_text woodmart_inline=&#8221;no&#8221; text_larger=&#8221;no&#8221;]<\/p>\n<h2><span lang=\"es-419\">Trova i vestiti perfetti per il tuo bambino dai 6 ai 36 mesi<\/span><\/h2>\n<p>Noi di Juliana sappiamo che ogni fase della crescita del tuo bambino \u00e8 unica e che i suoi vestiti devono accompagnarlo in ogni momento. Se cerchi comfort, stile o praticit\u00e0, abbiamo tutto ci\u00f2 che ti serve per i bambini dai 6 ai 36 mesi. Se conosci gi\u00e0 le nostre collezioni per i primi mesi del tuo bambino (da 0 a 12 mesi), scopri le nostre collezioni di abbigliamento da un anno in poi.[\/vc_column_text][\/vc_column][\/vc_row][vc_row][vc_column][vc_column_text woodmart_inline=&#8221;no&#8221; text_larger=&#8221;no&#8221;]I<strong>l tuo bambino cresce e il suo comfort rimane la nostra priorit\u00e0<\/strong> La fase tra i 6 e i 36 mesi \u00e8 un periodo ricco di scoperte e avventure per i pi\u00f9 piccoli. Noi di Vistiendobebes.com sappiamo che i vestiti devono accompagnare il tuo bambino in ogni momento, offrendo il massimo comfort e libert\u00e0 di movimento. Ecco perch\u00e9 la nostra collezione per bambini dai 6 ai 36 mesi \u00e8 realizzata con tessuti di alta qualit\u00e0 come il cotone organico e la maglia morbida, pensati per proteggere la loro pelle delicata e adattarsi alla loro crescita e alle loro esigenze.<br \/>\nV <strong>estiti che evolvono con il tuo bambino<\/strong> Dai primi gattonamenti ai primi passi, i vestiti del tuo bambino devono essere morbidi, resistenti e adattabili a ogni fase dello sviluppo. Se stai cercando vestiti per bambini dai 6 mesi ai 3 anni, su Vistiendobebes.com troverai capi che combinano stile, comfort e praticit\u00e0, in modo che il tuo piccolo sia sempre ben vestito e pronto all&#8217;avventura. Con oltre 30 anni di esperienza, il nostro impegno nella produzione di abbigliamento per i pi\u00f9 piccoli ci ha permesso di perfezionare ogni collezione. Sappiamo che i vestiti che scegli per il tuo bambino non riguardano solo lo stile, ma anche il benessere.<br \/>\nQ <strong>ualit\u00e0 e morbidezza per il tuo bambino<\/strong> Ogni capo della nostra collezione \u00e8 progettato per essere morbido e traspirante, in modo che il tuo piccolo si goda ogni momento della giornata, sia che giochi sia che riposi. Scopri i nostri set in cotone biologico, perfetti per garantire il comfort e il benessere del tuo bambino.[\/vc_column_text][vc_video link=&#8221;https:\/\/www.youtube.com\/watch?v=eOag4YEwmW4&amp;t=1s&#8221; align=&#8221;center&#8221; woodmart_css_id=&#8221;6704e57c24e23&#8243; image_poster_switch=&#8221;no&#8221;][\/vc_column][\/vc_row][vc_row][vc_column width=&#8221;1\/4&#8243;][vc_column_text woodmart_inline=&#8221;no&#8221; text_larger=&#8221;no&#8221;]<\/p>\n<h2><span lang=\"es-419\">Abbigliamento per neonati 15 mesi: comfort in ogni movimento<\/span><\/h2>\n<p>Il tuo bambino di 15 mesi \u00e8 gi\u00e0 pieno di energia e ha bisogno di vestiti che gli permettano di muoversi liberamente. In questa fase, scegli vestiti comodi e flessibili che si adattino alla sua vita quotidiana. Noi di Juliana offriamo vestiti morbidi e leggeri per bambini di 15 mesi, ideali per le loro prime avventure. &#8211; Cosa ti serve: vestiti facili da lavare e resistenti per non porre limiti al gioco.  <\/p>\n<p>&#8211; Design affascinanti: offriamo opzioni eleganti e confortevoli, con pratiche chiusure per facilitare il cambio del pannolino.[\/vc_column_text][\/vc_column][vc_column width=&#8221;1\/4&#8243;][vc_column_text woodmart_inline=&#8221;no&#8221; text_larger=&#8221;no&#8221;]<\/p>\n<h2><span lang=\"es-419\">Abbigliamento per bambini 18 mesi: funzionalit\u00e0 e stile<\/span><\/h2>\n<p>A 18 mesi il tuo bambino inizia a mostrare la sua personalit\u00e0 e i suoi vestiti dovrebbero rispecchiarla. Da Juliana abbiamo vestiti per bambini di 18 mesi che combinano la funzionalit\u00e0 con i modelli pi\u00f9 carini, ideali per questa fase in cui l&#8217;indipendenza inizia a sbocciare. &#8211; Capi pratici: vestiti con bottoni a pressione e cerniere che facilitano il cambio d&#8217;abito. &#8211; Il meglio per la loro pelle: tessuti morbidi come il cotone e la maglia che si prendono cura della loro pelle sensibile.[\/vc_column_text][\/vc_column][vc_column width=&#8221;1\/4&#8243;][vc_column_text woodmart_inline=&#8221;no&#8221; text_larger=&#8221;no&#8221;]<\/p>\n<h2><span lang=\"es-419\">Vestiti per bambini 24 mesi: pronti all&#8217;azione<\/span><\/h2>\n<p>A 24 mesi il tuo bambino \u00e8 pi\u00f9 attivo che mai. Da Juliana troverai capi d&#8217;abbigliamento per bambini di 24 mesi progettati appositamente per affrontare ogni avventura, mantenendo il comfort e la libert\u00e0 di movimento di cui hanno bisogno. &#8211; Di cosa hai bisogno? Vestiti leggeri e traspiranti perfetti per correre, saltare ed esplorare. &#8211; Pronti per ogni tempo: giacche leggere e pantaloni regolabili che si adattano a ogni stagione.[\/vc_column_text][\/vc_column][vc_column width=&#8221;1\/4&#8243;][vc_column_text woodmart_inline=&#8221;no&#8221; text_larger=&#8221;no&#8221;]<\/p>\n<h2><span lang=\"es-419\">Abbigliamento per bambini 36 mesi: stile e autonomia<\/span><\/h2>\n<p>Il tuo bambino di 36 mesi ha gi\u00e0 un suo stile e inizia a volersi vestire da solo. Noi di Juliana offriamo vestiti per neonati di 36 mesi che non solo permettono loro di avere un aspetto fantastico, ma incoraggiano anche la loro autonomia con abiti facili da indossare e da togliere. &#8211; Abbigliamento versatile: vestiti con spalline regolabili, cinture elastiche e tessuti morbidi per un comfort quotidiano. &#8211; Moda su misura: design accattivanti che combinano stile, comfort e massima qualit\u00e0.[\/vc_column_text][\/vc_column][\/vc_row][vc_row][vc_column][vc_column_text woodmart_inline=&#8221;no&#8221; text_larger=&#8221;no&#8221;]<\/p>\n<h2>Acquista su Juliana capi di abbigliamento da 6 a 36 mesi e segui ogni fase della loro crescita.<\/h2>\n<p>Dai 6 mesi ai 36 mesi, da Juliana ti offriamo la migliore selezione di vestiti per accompagnare il tuo piccolo in ogni fase del suo sviluppo. Ogni capo \u00e8 progettato pensando al comfort e al benessere del tuo bambino, con tessuti morbidi e funzionali che gli permettono di muoversi liberamente e di esplorare il mondo. Non aspettare oltre, esplora le nostre collezioni e vesti il tuo bambino con il meglio.[\/vc_column_text][\/vc_column][\/vc_row]<\/p>\n<\/div>","protected":false},"excerpt":{"rendered":"<p>[vc_row full_width=&#8221;stretch_row_content&#8221; content_placement=&#8221;middle&#8221; woodmart_bg_position=&#8221;center-top&#8221; row_reverse_mobile=&#8221;1&#8243; row_reverse_tablet=&#8221;1&#8243; css=&#8221;.vc_custom_1727888621601{margin-bottom: -1px !important;border-top-width: 14px !important;border-right-width: 14px !important;border-left-width: 14px !important;padding-top: 120px !important;background-color: #ffffff !important;background-position: center<\/p>\n","protected":false},"author":2,"featured_media":0,"parent":0,"menu_order":0,"comment_status":"closed","ping_status":"closed","template":"","meta":{"footnotes":""},"class_list":["post-67524","page","type-page","status-publish","hentry"],"yoast_head":"<!-- This site is optimized with the Yoast SEO plugin v27.4 - https:\/\/yoast.com\/product\/yoast-seo-wordpress\/ -->\n<title>Abbigliamento per bambini da 6 a 36 mesi | Juliana<\/title>\n<meta name=\"description\" content=\"Vestiti per bambini da 6 a 36 mesi: Vestiti per bambini 15 mesi, Vestiti per bambini 18 mesi, Vestiti per bambini 24 mesi, Vestiti per bambini 36 mesi. Juliana, vestiti di qualit\u00e0 per il tuo peque\u2764\ufe0f\" \/>\n<meta name=\"robots\" content=\"index, follow, max-snippet:-1, max-image-preview:large, max-video-preview:-1\" \/>\n<link rel=\"canonical\" href=\"https:\/\/vistiendobebes.com\/it\/abbigliamento-per-bambini-da-6-a-36-mesi\/\" \/>\n<meta property=\"og:locale\" content=\"it_IT\" \/>\n<meta property=\"og:type\" content=\"article\" \/>\n<meta property=\"og:title\" content=\"Abbigliamento per bambini da 6 a 36 mesi | Juliana\" \/>\n<meta property=\"og:description\" content=\"Vestiti per bambini da 6 a 36 mesi: Vestiti per bambini 15 mesi, Vestiti per bambini 18 mesi, Vestiti per bambini 24 mesi, Vestiti per bambini 36 mesi. Juliana, vestiti di qualit\u00e0 per il tuo peque\u2764\ufe0f\" \/>\n<meta property=\"og:url\" content=\"https:\/\/vistiendobebes.com\/it\/abbigliamento-per-bambini-da-6-a-36-mesi\/\" \/>\n<meta property=\"og:site_name\" content=\"Juliana Vistiendo Beb\u00e9s\" \/>\n<meta property=\"article:publisher\" content=\"https:\/\/www.facebook.com\/julianavistiendobebes\" \/>\n<meta property=\"article:modified_time\" content=\"2024-10-16T15:03:12+00:00\" \/>\n<meta name=\"twitter:card\" content=\"summary_large_image\" \/>\n<meta name=\"twitter:label1\" content=\"Tempo di lettura stimato\" \/>\n\t<meta name=\"twitter:data1\" content=\"9 minuti\" \/>\n<script type=\"application\/ld+json\" class=\"yoast-schema-graph\">{\"@context\":\"https:\\\/\\\/schema.org\",\"@graph\":[{\"@type\":\"WebPage\",\"@id\":\"https:\\\/\\\/vistiendobebes.com\\\/it\\\/abbigliamento-per-bambini-da-6-a-36-mesi\\\/\",\"url\":\"https:\\\/\\\/vistiendobebes.com\\\/it\\\/abbigliamento-per-bambini-da-6-a-36-mesi\\\/\",\"name\":\"Abbigliamento per bambini da 6 a 36 mesi | Juliana\",\"isPartOf\":{\"@id\":\"https:\\\/\\\/vistiendobebes.com\\\/it\\\/#website\"},\"datePublished\":\"2024-10-16T15:03:10+00:00\",\"dateModified\":\"2024-10-16T15:03:12+00:00\",\"description\":\"Vestiti per bambini da 6 a 36 mesi: Vestiti per bambini 15 mesi, Vestiti per bambini 18 mesi, Vestiti per bambini 24 mesi, Vestiti per bambini 36 mesi. Juliana, vestiti di qualit\u00e0 per il tuo peque\u2764\ufe0f\",\"breadcrumb\":{\"@id\":\"https:\\\/\\\/vistiendobebes.com\\\/it\\\/abbigliamento-per-bambini-da-6-a-36-mesi\\\/#breadcrumb\"},\"inLanguage\":\"it-IT\",\"potentialAction\":[{\"@type\":\"ReadAction\",\"target\":[\"https:\\\/\\\/vistiendobebes.com\\\/it\\\/abbigliamento-per-bambini-da-6-a-36-mesi\\\/\"]}]},{\"@type\":\"BreadcrumbList\",\"@id\":\"https:\\\/\\\/vistiendobebes.com\\\/it\\\/abbigliamento-per-bambini-da-6-a-36-mesi\\\/#breadcrumb\",\"itemListElement\":[{\"@type\":\"ListItem\",\"position\":1,\"name\":\"Portada\",\"item\":\"https:\\\/\\\/vistiendobebes.com\\\/it\\\/\"},{\"@type\":\"ListItem\",\"position\":2,\"name\":\"Abbigliamento per bambini da 6 a 36 mesi\"}]},{\"@type\":\"WebSite\",\"@id\":\"https:\\\/\\\/vistiendobebes.com\\\/it\\\/#website\",\"url\":\"https:\\\/\\\/vistiendobebes.com\\\/it\\\/\",\"name\":\"Juliana Vistiendo Beb\u00e9s\",\"description\":\"Marca de moda infantil\",\"publisher\":{\"@id\":\"https:\\\/\\\/vistiendobebes.com\\\/it\\\/#organization\"},\"potentialAction\":[{\"@type\":\"SearchAction\",\"target\":{\"@type\":\"EntryPoint\",\"urlTemplate\":\"https:\\\/\\\/vistiendobebes.com\\\/it\\\/?s={search_term_string}\"},\"query-input\":{\"@type\":\"PropertyValueSpecification\",\"valueRequired\":true,\"valueName\":\"search_term_string\"}}],\"inLanguage\":\"it-IT\"},{\"@type\":\"Organization\",\"@id\":\"https:\\\/\\\/vistiendobebes.com\\\/it\\\/#organization\",\"name\":\"Juliana, Vistiendo Beb\u00e9s\",\"url\":\"https:\\\/\\\/vistiendobebes.com\\\/it\\\/\",\"logo\":{\"@type\":\"ImageObject\",\"inLanguage\":\"it-IT\",\"@id\":\"https:\\\/\\\/vistiendobebes.com\\\/it\\\/#\\\/schema\\\/logo\\\/image\\\/\",\"url\":\"https:\\\/\\\/vistiendobebes.com\\\/wp-content\\\/uploads\\\/2021\\\/07\\\/marca-juliana.png\",\"contentUrl\":\"https:\\\/\\\/vistiendobebes.com\\\/wp-content\\\/uploads\\\/2021\\\/07\\\/marca-juliana.png\",\"width\":909,\"height\":907,\"caption\":\"Juliana, Vistiendo Beb\u00e9s\"},\"image\":{\"@id\":\"https:\\\/\\\/vistiendobebes.com\\\/it\\\/#\\\/schema\\\/logo\\\/image\\\/\"},\"sameAs\":[\"https:\\\/\\\/www.facebook.com\\\/julianavistiendobebes\",\"https:\\\/\\\/www.instagram.com\\\/julianavistiendobebes\\\/\",\"https:\\\/\\\/www.youtube.com\\\/channel\\\/UCHaSPwnyKbcQ1Ppzf2roteA\"]}]}<\/script>\n<!-- \/ Yoast SEO plugin. -->","yoast_head_json":{"title":"Abbigliamento per bambini da 6 a 36 mesi | Juliana","description":"Vestiti per bambini da 6 a 36 mesi: Vestiti per bambini 15 mesi, Vestiti per bambini 18 mesi, Vestiti per bambini 24 mesi, Vestiti per bambini 36 mesi. Juliana, vestiti di qualit\u00e0 per il tuo peque\u2764\ufe0f","robots":{"index":"index","follow":"follow","max-snippet":"max-snippet:-1","max-image-preview":"max-image-preview:large","max-video-preview":"max-video-preview:-1"},"canonical":"https:\/\/vistiendobebes.com\/it\/abbigliamento-per-bambini-da-6-a-36-mesi\/","og_locale":"it_IT","og_type":"article","og_title":"Abbigliamento per bambini da 6 a 36 mesi | Juliana","og_description":"Vestiti per bambini da 6 a 36 mesi: Vestiti per bambini 15 mesi, Vestiti per bambini 18 mesi, Vestiti per bambini 24 mesi, Vestiti per bambini 36 mesi. Juliana, vestiti di qualit\u00e0 per il tuo peque\u2764\ufe0f","og_url":"https:\/\/vistiendobebes.com\/it\/abbigliamento-per-bambini-da-6-a-36-mesi\/","og_site_name":"Juliana Vistiendo Beb\u00e9s","article_publisher":"https:\/\/www.facebook.com\/julianavistiendobebes","article_modified_time":"2024-10-16T15:03:12+00:00","twitter_card":"summary_large_image","twitter_misc":{"Tempo di lettura stimato":"9 minuti"},"schema":{"@context":"https:\/\/schema.org","@graph":[{"@type":"WebPage","@id":"https:\/\/vistiendobebes.com\/it\/abbigliamento-per-bambini-da-6-a-36-mesi\/","url":"https:\/\/vistiendobebes.com\/it\/abbigliamento-per-bambini-da-6-a-36-mesi\/","name":"Abbigliamento per bambini da 6 a 36 mesi | Juliana","isPartOf":{"@id":"https:\/\/vistiendobebes.com\/it\/#website"},"datePublished":"2024-10-16T15:03:10+00:00","dateModified":"2024-10-16T15:03:12+00:00","description":"Vestiti per bambini da 6 a 36 mesi: Vestiti per bambini 15 mesi, Vestiti per bambini 18 mesi, Vestiti per bambini 24 mesi, Vestiti per bambini 36 mesi. Juliana, vestiti di qualit\u00e0 per il tuo peque\u2764\ufe0f","breadcrumb":{"@id":"https:\/\/vistiendobebes.com\/it\/abbigliamento-per-bambini-da-6-a-36-mesi\/#breadcrumb"},"inLanguage":"it-IT","potentialAction":[{"@type":"ReadAction","target":["https:\/\/vistiendobebes.com\/it\/abbigliamento-per-bambini-da-6-a-36-mesi\/"]}]},{"@type":"BreadcrumbList","@id":"https:\/\/vistiendobebes.com\/it\/abbigliamento-per-bambini-da-6-a-36-mesi\/#breadcrumb","itemListElement":[{"@type":"ListItem","position":1,"name":"Portada","item":"https:\/\/vistiendobebes.com\/it\/"},{"@type":"ListItem","position":2,"name":"Abbigliamento per bambini da 6 a 36 mesi"}]},{"@type":"WebSite","@id":"https:\/\/vistiendobebes.com\/it\/#website","url":"https:\/\/vistiendobebes.com\/it\/","name":"Juliana Vistiendo Beb\u00e9s","description":"Marca de moda infantil","publisher":{"@id":"https:\/\/vistiendobebes.com\/it\/#organization"},"potentialAction":[{"@type":"SearchAction","target":{"@type":"EntryPoint","urlTemplate":"https:\/\/vistiendobebes.com\/it\/?s={search_term_string}"},"query-input":{"@type":"PropertyValueSpecification","valueRequired":true,"valueName":"search_term_string"}}],"inLanguage":"it-IT"},{"@type":"Organization","@id":"https:\/\/vistiendobebes.com\/it\/#organization","name":"Juliana, Vistiendo Beb\u00e9s","url":"https:\/\/vistiendobebes.com\/it\/","logo":{"@type":"ImageObject","inLanguage":"it-IT","@id":"https:\/\/vistiendobebes.com\/it\/#\/schema\/logo\/image\/","url":"https:\/\/vistiendobebes.com\/wp-content\/uploads\/2021\/07\/marca-juliana.png","contentUrl":"https:\/\/vistiendobebes.com\/wp-content\/uploads\/2021\/07\/marca-juliana.png","width":909,"height":907,"caption":"Juliana, Vistiendo Beb\u00e9s"},"image":{"@id":"https:\/\/vistiendobebes.com\/it\/#\/schema\/logo\/image\/"},"sameAs":["https:\/\/www.facebook.com\/julianavistiendobebes","https:\/\/www.instagram.com\/julianavistiendobebes\/","https:\/\/www.youtube.com\/channel\/UCHaSPwnyKbcQ1Ppzf2roteA"]}]}},"_links":{"self":[{"href":"https:\/\/vistiendobebes.com\/it\/wp-json\/wp\/v2\/pages\/67524","targetHints":{"allow":["GET"]}}],"collection":[{"href":"https:\/\/vistiendobebes.com\/it\/wp-json\/wp\/v2\/pages"}],"about":[{"href":"https:\/\/vistiendobebes.com\/it\/wp-json\/wp\/v2\/types\/page"}],"author":[{"embeddable":true,"href":"https:\/\/vistiendobebes.com\/it\/wp-json\/wp\/v2\/users\/2"}],"replies":[{"embeddable":true,"href":"https:\/\/vistiendobebes.com\/it\/wp-json\/wp\/v2\/comments?post=67524"}],"version-history":[{"count":0,"href":"https:\/\/vistiendobebes.com\/it\/wp-json\/wp\/v2\/pages\/67524\/revisions"}],"wp:attachment":[{"href":"https:\/\/vistiendobebes.com\/it\/wp-json\/wp\/v2\/media?parent=67524"}],"curies":[{"name":"wp","href":"https:\/\/api.w.org\/{rel}","templated":true}]}}