{"id":67519,"date":"2024-10-16T17:02:26","date_gmt":"2024-10-16T15:02:26","guid":{"rendered":"https:\/\/vistiendobebes.com\/vestiti-per-bambini-0-12-mesi-qualita-comfort-e-dolcezza-in-ogni-capo-di-abbigliamento\/"},"modified":"2024-10-16T17:02:27","modified_gmt":"2024-10-16T15:02:27","slug":"vestiti-per-bambini-0-12-mesi-qualita-comfort-e-dolcezza-in-ogni-capo-di-abbigliamento","status":"publish","type":"page","link":"https:\/\/vistiendobebes.com\/it\/vestiti-per-bambini-0-12-mesi-qualita-comfort-e-dolcezza-in-ogni-capo-di-abbigliamento\/","title":{"rendered":"Vestiti per bambini 0-12 mesi: qualit\u00e0, comfort e dolcezza in ogni capo di abbigliamento"},"content":{"rendered":"<div class=\"wpb-content-wrapper\"><p>[vc_row full_width=&#8221;stretch_row_content&#8221; content_placement=&#8221;middle&#8221; woodmart_bg_position=&#8221;center-top&#8221; row_reverse_mobile=&#8221;1&#8243; row_reverse_tablet=&#8221;1&#8243; css=&#8221;.vc_custom_1727888621601{margin-bottom: -1px !important;border-top-width: 14px !important;border-right-width: 14px !important;border-left-width: 14px !important;padding-top: 120px !important;background-color: #ffffff !important;background-position: center !important;background-repeat: no-repeat !important;background-size: cover !important;border-left-color: #ffffff !important;border-left-style: solid !important;border-right-color: #ffffff !important;border-right-style: solid !important;border-top-color: #ffffff !important;border-top-style: solid !important;}&#8221; mobile_bg_img_hidden=&#8221;no&#8221; woodmart_parallax=&#8221;0&#8243; woodmart_gradient_switch=&#8221;no&#8221; woodmart_disable_overflow=&#8221;0&#8243; woodmart_css_id=&#8221;66fd7cd65be98&#8243; responsive_spacing=&#8221;eyJwYXJhbV90eXBlIjoid29vZG1hcnRfcmVzcG9uc2l2ZV9zcGFjaW5nIiwic2VsZWN0b3JfaWQiOiI2NmZkN2NkNjViZTk4Iiwic2hvcnRjb2RlIjoidmNfcm93IiwiZGF0YSI6eyJ0YWJsZXQiOnt9LCJtb2JpbGUiOnt9fX0=&#8221; tablet_bg_img_hidden=&#8221;no&#8221; woodmart_box_shadow=&#8221;no&#8221; wd_z_index=&#8221;no&#8221;][vc_column css=&#8221;.vc_custom_1628864879155{margin-bottom: 40px !important;padding-top: 0px !important;padding-right: 15% !important;padding-left: 15% !important;}&#8221; offset=&#8221;vc_col-lg-6 vc_col-md-6 vc_col-xs-12&#8243; woodmart_css_id=&#8221;61168168ece5f&#8221; responsive_spacing=&#8221;eyJwYXJhbV90eXBlIjoid29vZG1hcnRfcmVzcG9uc2l2ZV9zcGFjaW5nIiwic2VsZWN0b3JfaWQiOiI2MTE2ODE2OGVjZTVmIiwic2hvcnRjb2RlIjoidmNfY29sdW1uIiwiZGF0YSI6eyJ0YWJsZXQiOnt9LCJtb2JpbGUiOnsicGFkZGluZy1yaWdodCI6IjMwIiwicGFkZGluZy1sZWZ0IjoiMzAifX19&#8243; parallax_scroll=&#8221;no&#8221; mobile_bg_img_hidden=&#8221;no&#8221; tablet_bg_img_hidden=&#8221;no&#8221; woodmart_parallax=&#8221;0&#8243; woodmart_sticky_column=&#8221;false&#8221; mobile_reset_margin=&#8221;no&#8221; tablet_reset_margin=&#8221;no&#8221; wd_z_index=&#8221;no&#8221;]\n\t\t<div id=\"wd-6704e75f38772\" class=\"title-wrapper wd-wpb wd-set-mb reset-last-child  wd-rs-6704e75f38772 wd-title-color-default wd-title-style-default text-left vc_custom_1728374641115 wd-width-custom wd-underline-colored\">\n\t\t\t\t\t\t\t\n\t\t\t\t<div class=\"title-subtitle  subtitle-color-default font-default subtitle-style-default wd-font-weight- wd-fontsize-xs\">Juliana<\/div>\n\t\t\t\n\t\t\t<div class=\"liner-continer\">\n\t\t\t\t<h1 class=\"woodmart-title-container title  wd-font-weight-400 wd-fontsize-l\" >Abbigliamento per bambini da 0 a 12 mesi<\/h1>\n\t\t\t\t\t\t\t<\/div>\n\t\t\t\n\t\t\t\n\t\t\t\n\t\t<\/div>\n\t\t\n\t\t\t\t<div id=\"wd-66fd7bfd7d22c\" class=\"wd-text-block wd-wpb reset-last-child wd-rs-66fd7bfd7d22c hidden-xs text-left wd-fontsize-custom vc_custom_1727888415597\">\n\t\t\t<p>Body, completini e capi in maglia e cotone biologico, disegnati con amore per il comfort del tuo bambino da 0 a 12 mesi.<\/p>\n\t\t<\/div>\n\t\t<div id=\"wd-66fd7c577ee76\" class=\" wd-rs-66fd7c577ee76  wd-button-wrapper text-center inline-element\"><a href=\"https:\/\/vistiendobebes.com\/it\/lookbook\/\" title=\"Lookbook\" target=\"_blank\" rel=\"nofollow\" style=\"--btn-color:#333;--btn-color-hover:#333;\" class=\"btn btn-style-bordered btn-shape-semi-round btn-size-default\">Visualizza le collezioni<\/a><\/div>[\/vc_column][vc_column offset=&#8221;vc_col-lg-6 vc_col-md-6 vc_col-xs-12&#8243; mobile_bg_img_hidden=&#8221;no&#8221; woodmart_parallax=&#8221;0&#8243; woodmart_sticky_column=&#8221;false&#8221; parallax_scroll=&#8221;no&#8221; mobile_reset_margin=&#8221;no&#8221; tablet_reset_margin=&#8221;no&#8221;]\t\t<div id=\"wd-66fd7d005b374\" data-parallax='{\"y\":\"-70\",\"smoothness\":\"30\"}' class=\"wd-image wd-wpb wd-rs-66fd7d005b374 text-center vc_custom_1727888657948\">\n\t\t\t\n\t\t\t<img loading=\"lazy\" decoding=\"async\" width=\"1000\" height=\"1000\" src=\"https:\/\/vistiendobebes.com\/wp-content\/uploads\/2024\/07\/JULIANAFW24DIA24744_v1.jpg\" class=\"attachment-full size-full\" alt=\"Colecci\u00f3n Lucero beb\u00e9s JULIANA aw 24-25\" srcset=\"https:\/\/vistiendobebes.com\/wp-content\/uploads\/2024\/07\/JULIANAFW24DIA24744_v1.jpg 1000w, https:\/\/vistiendobebes.com\/wp-content\/uploads\/2024\/07\/JULIANAFW24DIA24744_v1-300x300.jpg 300w, https:\/\/vistiendobebes.com\/wp-content\/uploads\/2024\/07\/JULIANAFW24DIA24744_v1-150x150.jpg 150w, https:\/\/vistiendobebes.com\/wp-content\/uploads\/2024\/07\/JULIANAFW24DIA24744_v1-768x768.jpg 768w\" sizes=\"auto, (max-width: 1000px) 100vw, 1000px\" \/>\n\t\t\t\t\t<\/div>\n\t\t[\/vc_column][\/vc_row][vc_row][vc_column][vc_column_text woodmart_inline=&#8221;no&#8221; text_larger=&#8221;no&#8221;]<\/p>\n<h2>Acquista i migliori capi di abbigliamento per bambini da 0 a 12 mesi su Juliana<\/h2>\n<p>Da Juliana ti offriamo la migliore selezione di vestiti per bambini da 0 a 12 mesi. Ogni capo \u00e8 progettato pensando alla pelle delicata e al comfort del tuo bambino in ogni fase della crescita. Dai neonati ai primi passi, abbiamo ci\u00f2 che ti serve per far s\u00ec che il tuo piccolo sia sempre protetto e alla moda.[\/vc_column_text][\/vc_column][\/vc_row][vc_row][vc_column][vc_column_text woodmart_inline=&#8221;no&#8221; text_larger=&#8221;no&#8221;]L&#8217;arrivo di un bambino \u00e8 uno dei momenti pi\u00f9 emozionanti nella vita di una madre. Sappiamo che in questi primi mesi il comfort e la cura sono fondamentali per te e per il tuo piccolo. Ecco perch\u00e9 su Vistiendobebes.com ti offriamo una selezione di vestiti per bambini da 0 a 12 mesi realizzati con i migliori tessuti, come il cotone biologico e la maglieria, pensati per prendersi cura della pelle delicata del tuo bambino fin dai primi giorni.  <\/p>\n<p>I vestiti del tuo bambino devono essere morbidi e confortevoli e adattarsi a tutte le fasi della sua crescita. Che tu stia cercando vestiti per bambini da 0 mesi o vestiti per bambini fino a 12 mesi, abbiamo tutto ci\u00f2 che ti serve per far s\u00ec che il tuo piccolo sia sempre comodo e ben vestito. <\/p>\n<p>Con oltre 30 anni di esperienza, le nostre origini come marchio sono sempre state legate alla produzione di capi per bambini da 0 a 12 mesi, il che ci ha permesso di perfezionare le nostre collezioni e di offrirti prodotti di altissima qualit\u00e0. Scopri le nostre collezioni e dai al tuo bambino il comfort di cui ha bisogno. <\/p>\n<h2>Vestiti per neonati 0 mesi: morbidezza fin dal primo giorno di vita<\/h2>\n<p>La pelle del neonato \u00e8 estremamente delicata, quindi \u00e8 importante scegliere vestiti morbidi e traspiranti che lo mantengano sempre a suo agio. Noi di Juliana offriamo un&#8217;ampia gamma di vestiti per neonati da 0 mesi pensati appositamente per prendersi cura della loro pelle fin dal primo giorno. <\/p>\n<p>&#8211; Cosa ti offriamo? Set realizzati in cotone organico e tessuti ipoallergenici che garantiscono la massima morbidezza al tuo neonato. <\/p>\n<p>&#8211; Cosa ti serve: body, pigiami e berretti perfetti per tenerlo al caldo e proteggerlo, tutti facili da lavare e da cambiare.[\/vc_column_text][vc_video link=&#8221;https:\/\/youtu.be\/1FZh_5m0TMg&#8221; align=&#8221;center&#8221; woodmart_css_id=&#8221;6703fdbe5ed0b&#8221; image_poster_switch=&#8221;no&#8221;][\/vc_column][\/vc_row][vc_row][vc_column width=&#8221;1\/4&#8243;][vc_column_text woodmart_inline=&#8221;no&#8221; text_larger=&#8221;no&#8221;]<\/p>\n<h2>Abbigliamento per neonati 3 mesi: comfort in ogni movimento<\/h2>\n<p>A 3 mesi il tuo bambino inizia a muoversi di pi\u00f9 e i suoi vestiti devono accompagnare questa nuova fase. Da Juliana abbiamo vestiti per bambini di 3 mesi che combinano morbidezza e flessibilit\u00e0 in modo che il tuo piccolo si senta libero di muoversi ed esplorare. <\/p>\n<p>&#8211; Abbigliamento morbido e leggero: capi in cotone e maglia che proteggono la pelle senza limitare i movimenti.<\/p>\n<p>&#8211; Design affascinanti: offriamo opzioni eleganti e confortevoli, con pratiche chiusure per facilitare il cambio del pannolino.[\/vc_column_text][\/vc_column][vc_column width=&#8221;1\/4&#8243;][vc_column_text woodmart_inline=&#8221;no&#8221; text_larger=&#8221;no&#8221;]<\/p>\n<h2><span lang=\"es-419\">Vestiti per bambini 6 mesi: pronti a crescere<\/span><\/h2>\n<p>A 6 mesi il tuo bambino \u00e8 pieno di curiosit\u00e0 ed energia. \u00c8 fondamentale che i suoi vestiti siano comodi e che gli permettano di muoversi liberamente. Da Juliana abbiamo un&#8217;ampia gamma di vestiti per bambini di 6 mesi, pensati per resistere alle esigenze quotidiane di questa fase attiva.  <\/p>\n<p>&#8211; Vestiti robusti e comodi: pantaloni con elastico in vita, magliette traspiranti e morbidi body per una giornata avventurosa.<\/p>\n<p>&#8211; Perfetto per ogni occasione: dai pigiami comodi ai completi per uscire, abbiamo tutto ci\u00f2 che serve al tuo bambino.[\/vc_column_text][\/vc_column][vc_column width=&#8221;1\/4&#8243;][vc_column_text woodmart_inline=&#8221;no&#8221; text_larger=&#8221;no&#8221;]<\/p>\n<h2>Vestiti per bambini 9 mesi: mobilit\u00e0 e stile<\/h2>\n<p>A 9 mesi il tuo bambino sta gi\u00e0 gattonando o addirittura muovendo i primi passi, quindi ha bisogno di vestiti che lo accompagnino nella sua scoperta del mondo. Da Juliana troverai vestiti per bambini di 9 mesi che offrono libert\u00e0 di movimento senza rinunciare allo stile. <\/p>\n<p>&#8211; Leggeri e flessibili: perfetti per l&#8217;esplorazione, i nostri completi sono comodi e realizzati con materiali traspiranti.<\/p>\n<p>&#8211; Facile da indossare e da togliere: con i vestiti progettati per essere facilmente indossati e svestiti, potrai goderti pi\u00f9 tempo con il tuo piccolo senza problemi.[\/vc_column_text][\/vc_column][vc_column width=&#8221;1\/4&#8243;][vc_column_text woodmart_inline=&#8221;no&#8221; text_larger=&#8221;no&#8221;]<\/p>\n<h2>Vestiti per bambini 12 mesi: pronti all&#8217;azione<\/h2>\n<p>A 12 mesi il tuo bambino \u00e8 gi\u00e0 un esploratore. Ha bisogno di vestiti resistenti, comodi e che lo proteggano per tutto il giorno. Da Juliana abbiamo vestiti per bambini di 12 mesi che si adattano perfettamente al loro ritmo di vita.  <\/p>\n<p>&#8211; Capi resistenti e comodi: pantaloni regolabili, magliette e giacche leggere che consentono il massimo comfort in ogni movimento.<\/p>\n<p>&#8211; Stile e funzionalit\u00e0: le nostre collezioni offrono il perfetto equilibrio tra design e praticit\u00e0, in modo che il tuo bambino sia sempre ben vestito e comodo.[\/vc_column_text][\/vc_column][\/vc_row]<\/p>\n<\/div>","protected":false},"excerpt":{"rendered":"<p>[vc_row full_width=&#8221;stretch_row_content&#8221; content_placement=&#8221;middle&#8221; woodmart_bg_position=&#8221;center-top&#8221; row_reverse_mobile=&#8221;1&#8243; row_reverse_tablet=&#8221;1&#8243; css=&#8221;.vc_custom_1727888621601{margin-bottom: -1px !important;border-top-width: 14px !important;border-right-width: 14px !important;border-left-width: 14px !important;padding-top: 120px !important;background-color: #ffffff !important;background-position: center<\/p>\n","protected":false},"author":2,"featured_media":0,"parent":0,"menu_order":0,"comment_status":"closed","ping_status":"closed","template":"","meta":{"footnotes":""},"class_list":["post-67519","page","type-page","status-publish","hentry"],"yoast_head":"<!-- This site is optimized with the Yoast SEO plugin v27.4 - https:\/\/yoast.com\/product\/yoast-seo-wordpress\/ -->\n<title>Abbigliamento per bambini da 0 a 12 mesi : Qualit\u00e0 e comfort : Juliana<\/title>\n<meta name=\"description\" content=\"Vestiti per bambini da 0 a 12 mesi: Vestiti per bambini 0 mesi, Vestiti per bambini 3 mesi, Vestiti per bambini 6 mesi e Vestiti per bambini 9 mesi. Juliana, vestiti disegnati con amore per il tuo bambino \u2764\ufe0f\" \/>\n<meta name=\"robots\" content=\"index, follow, max-snippet:-1, max-image-preview:large, max-video-preview:-1\" \/>\n<link rel=\"canonical\" href=\"https:\/\/vistiendobebes.com\/it\/vestiti-per-bambini-0-12-mesi-qualita-comfort-e-dolcezza-in-ogni-capo-di-abbigliamento\/\" \/>\n<meta property=\"og:locale\" content=\"it_IT\" \/>\n<meta property=\"og:type\" content=\"article\" \/>\n<meta property=\"og:title\" content=\"Abbigliamento per bambini da 0 a 12 mesi : Qualit\u00e0 e comfort : Juliana\" \/>\n<meta property=\"og:description\" content=\"Vestiti per bambini da 0 a 12 mesi: Vestiti per bambini 0 mesi, Vestiti per bambini 3 mesi, Vestiti per bambini 6 mesi e Vestiti per bambini 9 mesi. Juliana, vestiti disegnati con amore per il tuo bambino \u2764\ufe0f\" \/>\n<meta property=\"og:url\" content=\"https:\/\/vistiendobebes.com\/it\/vestiti-per-bambini-0-12-mesi-qualita-comfort-e-dolcezza-in-ogni-capo-di-abbigliamento\/\" \/>\n<meta property=\"og:site_name\" content=\"Juliana Vistiendo Beb\u00e9s\" \/>\n<meta property=\"article:publisher\" content=\"https:\/\/www.facebook.com\/julianavistiendobebes\" \/>\n<meta property=\"article:modified_time\" content=\"2024-10-16T15:02:27+00:00\" \/>\n<meta name=\"twitter:card\" content=\"summary_large_image\" \/>\n<meta name=\"twitter:label1\" content=\"Tempo di lettura stimato\" \/>\n\t<meta name=\"twitter:data1\" content=\"8 minuti\" \/>\n<script type=\"application\/ld+json\" class=\"yoast-schema-graph\">{\"@context\":\"https:\\\/\\\/schema.org\",\"@graph\":[{\"@type\":\"WebPage\",\"@id\":\"https:\\\/\\\/vistiendobebes.com\\\/it\\\/vestiti-per-bambini-0-12-mesi-qualita-comfort-e-dolcezza-in-ogni-capo-di-abbigliamento\\\/\",\"url\":\"https:\\\/\\\/vistiendobebes.com\\\/it\\\/vestiti-per-bambini-0-12-mesi-qualita-comfort-e-dolcezza-in-ogni-capo-di-abbigliamento\\\/\",\"name\":\"Abbigliamento per bambini da 0 a 12 mesi : Qualit\u00e0 e comfort : Juliana\",\"isPartOf\":{\"@id\":\"https:\\\/\\\/vistiendobebes.com\\\/it\\\/#website\"},\"datePublished\":\"2024-10-16T15:02:26+00:00\",\"dateModified\":\"2024-10-16T15:02:27+00:00\",\"description\":\"Vestiti per bambini da 0 a 12 mesi: Vestiti per bambini 0 mesi, Vestiti per bambini 3 mesi, Vestiti per bambini 6 mesi e Vestiti per bambini 9 mesi. Juliana, vestiti disegnati con amore per il tuo bambino \u2764\ufe0f\",\"breadcrumb\":{\"@id\":\"https:\\\/\\\/vistiendobebes.com\\\/it\\\/vestiti-per-bambini-0-12-mesi-qualita-comfort-e-dolcezza-in-ogni-capo-di-abbigliamento\\\/#breadcrumb\"},\"inLanguage\":\"it-IT\",\"potentialAction\":[{\"@type\":\"ReadAction\",\"target\":[\"https:\\\/\\\/vistiendobebes.com\\\/it\\\/vestiti-per-bambini-0-12-mesi-qualita-comfort-e-dolcezza-in-ogni-capo-di-abbigliamento\\\/\"]}]},{\"@type\":\"BreadcrumbList\",\"@id\":\"https:\\\/\\\/vistiendobebes.com\\\/it\\\/vestiti-per-bambini-0-12-mesi-qualita-comfort-e-dolcezza-in-ogni-capo-di-abbigliamento\\\/#breadcrumb\",\"itemListElement\":[{\"@type\":\"ListItem\",\"position\":1,\"name\":\"Portada\",\"item\":\"https:\\\/\\\/vistiendobebes.com\\\/it\\\/\"},{\"@type\":\"ListItem\",\"position\":2,\"name\":\"Vestiti per bambini 0-12 mesi: qualit\u00e0, comfort e dolcezza in ogni capo di abbigliamento\"}]},{\"@type\":\"WebSite\",\"@id\":\"https:\\\/\\\/vistiendobebes.com\\\/it\\\/#website\",\"url\":\"https:\\\/\\\/vistiendobebes.com\\\/it\\\/\",\"name\":\"Juliana Vistiendo Beb\u00e9s\",\"description\":\"Marca de moda infantil\",\"publisher\":{\"@id\":\"https:\\\/\\\/vistiendobebes.com\\\/it\\\/#organization\"},\"potentialAction\":[{\"@type\":\"SearchAction\",\"target\":{\"@type\":\"EntryPoint\",\"urlTemplate\":\"https:\\\/\\\/vistiendobebes.com\\\/it\\\/?s={search_term_string}\"},\"query-input\":{\"@type\":\"PropertyValueSpecification\",\"valueRequired\":true,\"valueName\":\"search_term_string\"}}],\"inLanguage\":\"it-IT\"},{\"@type\":\"Organization\",\"@id\":\"https:\\\/\\\/vistiendobebes.com\\\/it\\\/#organization\",\"name\":\"Juliana, Vistiendo Beb\u00e9s\",\"url\":\"https:\\\/\\\/vistiendobebes.com\\\/it\\\/\",\"logo\":{\"@type\":\"ImageObject\",\"inLanguage\":\"it-IT\",\"@id\":\"https:\\\/\\\/vistiendobebes.com\\\/it\\\/#\\\/schema\\\/logo\\\/image\\\/\",\"url\":\"https:\\\/\\\/vistiendobebes.com\\\/wp-content\\\/uploads\\\/2021\\\/07\\\/marca-juliana.png\",\"contentUrl\":\"https:\\\/\\\/vistiendobebes.com\\\/wp-content\\\/uploads\\\/2021\\\/07\\\/marca-juliana.png\",\"width\":909,\"height\":907,\"caption\":\"Juliana, Vistiendo Beb\u00e9s\"},\"image\":{\"@id\":\"https:\\\/\\\/vistiendobebes.com\\\/it\\\/#\\\/schema\\\/logo\\\/image\\\/\"},\"sameAs\":[\"https:\\\/\\\/www.facebook.com\\\/julianavistiendobebes\",\"https:\\\/\\\/www.instagram.com\\\/julianavistiendobebes\\\/\",\"https:\\\/\\\/www.youtube.com\\\/channel\\\/UCHaSPwnyKbcQ1Ppzf2roteA\"]}]}<\/script>\n<!-- \/ Yoast SEO plugin. -->","yoast_head_json":{"title":"Abbigliamento per bambini da 0 a 12 mesi : Qualit\u00e0 e comfort : Juliana","description":"Vestiti per bambini da 0 a 12 mesi: Vestiti per bambini 0 mesi, Vestiti per bambini 3 mesi, Vestiti per bambini 6 mesi e Vestiti per bambini 9 mesi. Juliana, vestiti disegnati con amore per il tuo bambino \u2764\ufe0f","robots":{"index":"index","follow":"follow","max-snippet":"max-snippet:-1","max-image-preview":"max-image-preview:large","max-video-preview":"max-video-preview:-1"},"canonical":"https:\/\/vistiendobebes.com\/it\/vestiti-per-bambini-0-12-mesi-qualita-comfort-e-dolcezza-in-ogni-capo-di-abbigliamento\/","og_locale":"it_IT","og_type":"article","og_title":"Abbigliamento per bambini da 0 a 12 mesi : Qualit\u00e0 e comfort : Juliana","og_description":"Vestiti per bambini da 0 a 12 mesi: Vestiti per bambini 0 mesi, Vestiti per bambini 3 mesi, Vestiti per bambini 6 mesi e Vestiti per bambini 9 mesi. Juliana, vestiti disegnati con amore per il tuo bambino \u2764\ufe0f","og_url":"https:\/\/vistiendobebes.com\/it\/vestiti-per-bambini-0-12-mesi-qualita-comfort-e-dolcezza-in-ogni-capo-di-abbigliamento\/","og_site_name":"Juliana Vistiendo Beb\u00e9s","article_publisher":"https:\/\/www.facebook.com\/julianavistiendobebes","article_modified_time":"2024-10-16T15:02:27+00:00","twitter_card":"summary_large_image","twitter_misc":{"Tempo di lettura stimato":"8 minuti"},"schema":{"@context":"https:\/\/schema.org","@graph":[{"@type":"WebPage","@id":"https:\/\/vistiendobebes.com\/it\/vestiti-per-bambini-0-12-mesi-qualita-comfort-e-dolcezza-in-ogni-capo-di-abbigliamento\/","url":"https:\/\/vistiendobebes.com\/it\/vestiti-per-bambini-0-12-mesi-qualita-comfort-e-dolcezza-in-ogni-capo-di-abbigliamento\/","name":"Abbigliamento per bambini da 0 a 12 mesi : Qualit\u00e0 e comfort : Juliana","isPartOf":{"@id":"https:\/\/vistiendobebes.com\/it\/#website"},"datePublished":"2024-10-16T15:02:26+00:00","dateModified":"2024-10-16T15:02:27+00:00","description":"Vestiti per bambini da 0 a 12 mesi: Vestiti per bambini 0 mesi, Vestiti per bambini 3 mesi, Vestiti per bambini 6 mesi e Vestiti per bambini 9 mesi. Juliana, vestiti disegnati con amore per il tuo bambino \u2764\ufe0f","breadcrumb":{"@id":"https:\/\/vistiendobebes.com\/it\/vestiti-per-bambini-0-12-mesi-qualita-comfort-e-dolcezza-in-ogni-capo-di-abbigliamento\/#breadcrumb"},"inLanguage":"it-IT","potentialAction":[{"@type":"ReadAction","target":["https:\/\/vistiendobebes.com\/it\/vestiti-per-bambini-0-12-mesi-qualita-comfort-e-dolcezza-in-ogni-capo-di-abbigliamento\/"]}]},{"@type":"BreadcrumbList","@id":"https:\/\/vistiendobebes.com\/it\/vestiti-per-bambini-0-12-mesi-qualita-comfort-e-dolcezza-in-ogni-capo-di-abbigliamento\/#breadcrumb","itemListElement":[{"@type":"ListItem","position":1,"name":"Portada","item":"https:\/\/vistiendobebes.com\/it\/"},{"@type":"ListItem","position":2,"name":"Vestiti per bambini 0-12 mesi: qualit\u00e0, comfort e dolcezza in ogni capo di abbigliamento"}]},{"@type":"WebSite","@id":"https:\/\/vistiendobebes.com\/it\/#website","url":"https:\/\/vistiendobebes.com\/it\/","name":"Juliana Vistiendo Beb\u00e9s","description":"Marca de moda infantil","publisher":{"@id":"https:\/\/vistiendobebes.com\/it\/#organization"},"potentialAction":[{"@type":"SearchAction","target":{"@type":"EntryPoint","urlTemplate":"https:\/\/vistiendobebes.com\/it\/?s={search_term_string}"},"query-input":{"@type":"PropertyValueSpecification","valueRequired":true,"valueName":"search_term_string"}}],"inLanguage":"it-IT"},{"@type":"Organization","@id":"https:\/\/vistiendobebes.com\/it\/#organization","name":"Juliana, Vistiendo Beb\u00e9s","url":"https:\/\/vistiendobebes.com\/it\/","logo":{"@type":"ImageObject","inLanguage":"it-IT","@id":"https:\/\/vistiendobebes.com\/it\/#\/schema\/logo\/image\/","url":"https:\/\/vistiendobebes.com\/wp-content\/uploads\/2021\/07\/marca-juliana.png","contentUrl":"https:\/\/vistiendobebes.com\/wp-content\/uploads\/2021\/07\/marca-juliana.png","width":909,"height":907,"caption":"Juliana, Vistiendo Beb\u00e9s"},"image":{"@id":"https:\/\/vistiendobebes.com\/it\/#\/schema\/logo\/image\/"},"sameAs":["https:\/\/www.facebook.com\/julianavistiendobebes","https:\/\/www.instagram.com\/julianavistiendobebes\/","https:\/\/www.youtube.com\/channel\/UCHaSPwnyKbcQ1Ppzf2roteA"]}]}},"_links":{"self":[{"href":"https:\/\/vistiendobebes.com\/it\/wp-json\/wp\/v2\/pages\/67519","targetHints":{"allow":["GET"]}}],"collection":[{"href":"https:\/\/vistiendobebes.com\/it\/wp-json\/wp\/v2\/pages"}],"about":[{"href":"https:\/\/vistiendobebes.com\/it\/wp-json\/wp\/v2\/types\/page"}],"author":[{"embeddable":true,"href":"https:\/\/vistiendobebes.com\/it\/wp-json\/wp\/v2\/users\/2"}],"replies":[{"embeddable":true,"href":"https:\/\/vistiendobebes.com\/it\/wp-json\/wp\/v2\/comments?post=67519"}],"version-history":[{"count":0,"href":"https:\/\/vistiendobebes.com\/it\/wp-json\/wp\/v2\/pages\/67519\/revisions"}],"wp:attachment":[{"href":"https:\/\/vistiendobebes.com\/it\/wp-json\/wp\/v2\/media?parent=67519"}],"curies":[{"name":"wp","href":"https:\/\/api.w.org\/{rel}","templated":true}]}}