{"id":56071,"date":"2024-04-25T11:08:28","date_gmt":"2024-04-25T09:08:28","guid":{"rendered":"https:\/\/vistiendobebes.com\/vestire-i-sogni-la-magia-dei-vestiti-per-neonati\/"},"modified":"2024-06-03T13:38:26","modified_gmt":"2024-06-03T11:38:26","slug":"vestire-i-sogni-la-magia-dei-vestiti-per-neonati","status":"publish","type":"page","link":"https:\/\/vistiendobebes.com\/it\/vestire-i-sogni-la-magia-dei-vestiti-per-neonati\/","title":{"rendered":"Vestire i sogni: la magia dei vestiti per neonati"},"content":{"rendered":"<div class=\"wpb-content-wrapper\"><p>[vc_row][vc_column][vc_single_image image=&#8221;56012&#8243; img_size=&#8221;full&#8221; parallax_scroll=&#8221;no&#8221; woodmart_inline=&#8221;no&#8221;][\/vc_column][\/vc_row][vc_row][vc_column][vc_column_text woodmart_inline=&#8221;no&#8221; text_larger=&#8221;no&#8221;]<\/p>\n<h1>Neonato abbigliamento<\/h1>\n<p>Benvenuto nel dolce mondo dei primi giorni di vita, dove ogni dettaglio conta e ogni capo \u00e8 un abbraccio. Noi di Juliana ci dedichiamo alla creazione di capi di abbigliamento per neonati che non solo soddisfino i pi\u00f9 alti standard di qualit\u00e0 e comfort, ma che abbraccino ogni momento con tenerezza e stile.[\/vc_column_text][\/vc_column][\/vc_row][vc_row][vc_column offset=&#8221;vc_col-lg-4 vc_col-md-4 vc_col-xs-12&#8243; woodmart_css_id=&#8221;61827da0dd6b6&#8243; parallax_scroll=&#8221;no&#8221; woodmart_sticky_column=&#8221;false&#8221; wd_collapsible_content_switcher=&#8221;no&#8221; mobile_bg_img_hidden=&#8221;no&#8221; tablet_bg_img_hidden=&#8221;no&#8221; woodmart_parallax=&#8221;0&#8243; woodmart_box_shadow=&#8221;no&#8221; mobile_reset_margin=&#8221;no&#8221; tablet_reset_margin=&#8221;no&#8221; wd_z_index=&#8221;no&#8221; responsive_spacing=&#8221;eyJwYXJhbV90eXBlIjoid29vZG1hcnRfcmVzcG9uc2l2ZV9zcGFjaW5nIiwic2VsZWN0b3JfaWQiOiI2MTgyN2RhMGRkNmI2Iiwic2hvcnRjb2RlIjoidmNfY29sdW1uIiwiZGF0YSI6eyJ0YWJsZXQiOnt9LCJtb2JpbGUiOnt9fX0=&#8221;]\t\t<div id=\"wd-662a039dbdbe3\" class=\"wd-text-block wd-wpb reset-last-child wd-rs-662a039dbdbe3 text-left \">\n\t\t\t<h2>Il primo cappotto dell&#8217;amore: l&#8217;importanza di scegliere bene i vestiti per neonati<\/h2>\n<p>L&#8217;arrivo di un bambino \u00e8 un evento che cambia la vita e la scelta del suo primo outfit \u00e8 pi\u00f9 che una necessit\u00e0: \u00e8 una cerimonia. I vestiti da neonato di Juliana sono pensati per garantire che i primi giorni siano tanto comodi e belli quanto memorabili. I nostri capi sono morbidi al tatto, sicuri per le pelli pi\u00f9 sensibili e progettati per celebrare la nascita di una nuova vita.<\/p>\n\t\t<\/div>\n\t\t[\/vc_column][vc_column width=&#8221;1\/2&#8243; offset=&#8221;vc_col-lg-4 vc_col-md-4 vc_col-xs-12&#8243; woodmart_css_id=&#8221;61827dac89f4f&#8221; parallax_scroll=&#8221;no&#8221; woodmart_sticky_column=&#8221;false&#8221; wd_collapsible_content_switcher=&#8221;no&#8221; mobile_bg_img_hidden=&#8221;no&#8221; tablet_bg_img_hidden=&#8221;no&#8221; woodmart_parallax=&#8221;0&#8243; woodmart_box_shadow=&#8221;no&#8221; mobile_reset_margin=&#8221;no&#8221; tablet_reset_margin=&#8221;no&#8221; wd_z_index=&#8221;no&#8221; responsive_spacing=&#8221;eyJwYXJhbV90eXBlIjoid29vZG1hcnRfcmVzcG9uc2l2ZV9zcGFjaW5nIiwic2VsZWN0b3JfaWQiOiI2MTgyN2RhYzg5ZjRmIiwic2hvcnRjb2RlIjoidmNfY29sdW1uIiwiZGF0YSI6eyJ0YWJsZXQiOnt9LCJtb2JpbGUiOnt9fX0=&#8221;]\t\t<div id=\"wd-662a574a94922\" class=\"wd-text-block wd-wpb reset-last-child wd-rs-662a574a94922 text-left \">\n\t\t\t<h2>Neonato abbigliamento : Caratteristiche<\/h2>\n<h3><strong>Tessuti morbidi e sicuri <\/strong><\/h3>\n<p>Per realizzare i nostri <strong>vestiti per neonati<\/strong>, Juliana utilizza solo tessuti che soddisfano gli standard internazionali di sicurezza e comfort. I nostri <strong>cotoni biologici<\/strong>, la <strong>maglieria di alta qualit\u00e0<\/strong> e i <strong>tessuti ipoallergenici<\/strong> si prendono cura della pelle del tuo bambino quando entra nel mondo.<\/p>\n\t\t<\/div>\n\t\t[\/vc_column][vc_column width=&#8221;1\/2&#8243; offset=&#8221;vc_col-lg-4 vc_col-md-4 vc_col-xs-12&#8243; woodmart_css_id=&#8221;61827db7173e9&#8243; parallax_scroll=&#8221;no&#8221; woodmart_sticky_column=&#8221;false&#8221; wd_collapsible_content_switcher=&#8221;no&#8221; mobile_bg_img_hidden=&#8221;no&#8221; tablet_bg_img_hidden=&#8221;no&#8221; woodmart_parallax=&#8221;0&#8243; woodmart_box_shadow=&#8221;no&#8221; mobile_reset_margin=&#8221;no&#8221; tablet_reset_margin=&#8221;no&#8221; wd_z_index=&#8221;no&#8221; responsive_spacing=&#8221;eyJwYXJhbV90eXBlIjoid29vZG1hcnRfcmVzcG9uc2l2ZV9zcGFjaW5nIiwic2VsZWN0b3JfaWQiOiI2MTgyN2RiNzE3M2U5Iiwic2hvcnRjb2RlIjoidmNfY29sdW1uIiwiZGF0YSI6eyJ0YWJsZXQiOnt9LCJtb2JpbGUiOnt9fX0=&#8221;]\t\t<div id=\"wd-662a03d2f393f\" class=\"wd-text-block wd-wpb reset-last-child wd-rs-662a03d2f393f text-left \">\n\t\t\t<h3><strong>Design pratico ed elegante<\/strong><\/h3>\n<p>Dalle tute facili da indossare ai body con bottoni a pressione, i nostri <strong>vestiti per neonati<\/strong> sono pensati per semplificare la vita dei genitori senza compromettere lo stile. Ogni pezzo riflette l&#8217;estetica di Juliana: colori tenui, motivi delicati e dettagli affascinanti.<\/p>\n\t\t<\/div>\n\t\t[\/vc_column][\/vc_row][vc_row][vc_column][vc_single_image image=&#8221;56032&#8243; img_size=&#8221;full&#8221; parallax_scroll=&#8221;no&#8221; woodmart_inline=&#8221;no&#8221;][\/vc_column][\/vc_row][vc_row][vc_column][vc_column_text woodmart_inline=&#8221;no&#8221; text_larger=&#8221;no&#8221;]<\/p>\n<h2>Come scegliere i vestiti per neonati<\/h2>\n<p>Quando scegli i vestiti per il tuo neonato \u00e8 fondamentale considerare quanto segue:<\/p>\n<p><strong>Comfort e sicurezza:<\/strong> i vestiti devono essere facili da indossare e da togliere, con chiusure semplici e sicure, evitando elementi che possano causare disagio o rappresentare un rischio per il bambino, come bottoni grandi o spalline larghe.<\/p>\n<p><strong>Tessuti adatti:<\/strong> opta per tessuti morbidi, traspiranti e ipoallergenici come il cotone biologico o la maglieria per proteggere la pelle del bambino e non irritarla.<\/p>\n<p><strong>Vestibilit\u00e0 corretta:<\/strong> l&#8217;abbigliamento non deve essere n\u00e9 troppo stretto n\u00e9 troppo largo. Una vestibilit\u00e0 corretta permette al bambino di muoversi liberamente senza limitazioni.<\/p>\n<p><strong>Praticit\u00e0:<\/strong> scegli vestiti facili da lavare e da mantenere, considerando che i vestiti dei neonati richiedono lavaggi frequenti a causa delle fuoriuscite e dei continui cambiamenti.<\/p>\n<p><strong>Estetica e design:<\/strong> oltre a essere funzionali, gli indumenti possono essere esteticamente piacevoli, con colori tenui e motivi delicati che riflettono l&#8217;innocenza e la dolcezza del neonato.<\/p>\n<p>Esplora le <a href=\"https:\/\/vistiendobebes.com\/lookbook\/\">nostre collezioni<\/a>, dove ogni pezzo \u00e8 impregnato di amore e cura. Offriamo una variet\u00e0 di stili che vanno dai set completi agli accessori essenziali come berretti e coperte, tutti coordinati per garantire al tuo piccolo un aspetto e una sensazione meravigliosi.[\/vc_column_text][vc_column_text woodmart_inline=&#8221;no&#8221; text_larger=&#8221;no&#8221;]<\/p>\n<h2>Perch\u00e9 scegliere maglieria bimbo?<\/h2>\n<p>Noi di Juliana sappiamo che la <strong>maglieria bimbi<\/strong> offre un comfort impareggiabile. Ecco perch\u00e9 la maglieria bimbo \u00e8 la scelta migliore per il tuo piccolo:<\/p>\n<p><strong>1. Morbidezza e comfort<\/strong><br \/>\nLa maglieria per bimbi si distingue per la sua morbidezza, offrendo un comfort eccezionale. Questo tessuto flessibile si adatta perfettamente, permettendo al tuo bambino di muoversi liberamente e di sentirsi sempre a proprio agio.<\/p>\n<p><strong>2. Traspirabilit\u00e0<\/strong><br \/>\nLa nostra maglieria per bimbi \u00e8 altamente traspirante, ideale per la pelle sensibile del tuo bambino. Aiuta a regolare la temperatura corporea, assicurando che il tuo piccolo rimanga fresco o caldo a seconda delle necessit\u00e0.<\/p>\n<p><strong>3. Durata e facilit\u00e0 di manutenzione<\/strong><br \/>\nLa <strong>maglieria bimbo<\/strong>\u00a0\u00e8 resistente e facile da mantenere. Sopporta numerosi lavaggi senza perdere la qualit\u00e0 ed \u00e8 semplice da curare senza bisogno di stiratura, ideale per la vita quotidiana attiva del tuo bambino.<\/p>\n<p><strong>4. Variet\u00e0 di stili e colori<\/strong><br \/>\nOffriamo una vasta gamma di stili e colori nella nostra collezione di maglieria per bimbi. Dai maglioni alle coperte, ogni capo unisce praticit\u00e0 con le ultime tendenze della moda, garantendo che il tuo bambino appaia sempre adorabile.<\/p>\n<p><strong>5. Sicurezza<\/strong><br \/>\nDiamo priorit\u00e0 alla sicurezza nella nostra maglieria bimbo, evitando piccoli accessori e assicurandoci che ogni capo soddisfi i pi\u00f9 alti standard di sicurezza.<\/p>\n<p>.[\/vc_column_text][\/vc_column][\/vc_row][vc_row][vc_column width=&#8221;1\/2&#8243;][vc_column_text woodmart_inline=&#8221;no&#8221; text_larger=&#8221;no&#8221;]<\/p>\n<h2>I vestiti per bambini secondo i sociologi<\/h2>\n<p>I sociologi analizzano spesso i vestiti per bambini da diverse prospettive culturali e sociali, suggerendo che gli abiti che scegliamo per i bambini possono riflettere e perpetuare le norme di genere, lo status economico e le aspettative sociali.<\/p>\n<p>L&#8217;abbigliamento pu\u00f2 essere visto come una forma di socializzazione precoce, dove anche semplici scelte come il colore o lo stile possono influenzare la percezione dei bambini e le aspettative sul loro comportamento. Inoltre, l&#8217;abbigliamento per bambini pu\u00f2 essere anche un mezzo per esprimere l&#8217;individualit\u00e0 e le aspirazioni dei genitori.[\/vc_column_text][\/vc_column][vc_column width=&#8221;1\/2&#8243;][vc_images_carousel images=&#8221;55477,54675,55185,55189,55069,55065,55031,55027,54724,55010,54572,54976,54868,55314,55256,55210&#8243; img_size=&#8221;large&#8221; onclick=&#8221;link_no&#8221; speed=&#8221;2000&#8243; slides_per_view=&#8221;2&#8243; autoplay=&#8221;yes&#8221; wrap=&#8221;yes&#8221;][\/vc_column][\/vc_row][vc_row][vc_column][vc_column_text woodmart_inline=&#8221;no&#8221; text_larger=&#8221;no&#8221;]<\/p>\n<h2>I vestiti per neonati influenzano le emozioni del bambino<\/h2>\n<p>Da un punto di vista pediatrico, vestire un bambino pu\u00f2 influenzare in modo significativo il suo stato emotivo e il suo comportamento. I neonati sono molto sensibili al tatto e alle sensazioni, quindi la maglieria, il cotone biologico e i tessuti morbidi e confortevoli possono farli sentire al sicuro, riducendo il pianto e l&#8217;agitazione.<\/p>\n<p>Al contrario, gli abiti ruvidi, stretti o che limitano i movimenti possono causare disagio e ansia, compromettendo la loro tranquillit\u00e0.<\/p>\n<p>\u00c8 fondamentale scegliere abiti che non siano solo esteticamente gradevoli, ma anche funzionali e adatti alla pelle sensibile del bambino, favorendo cos\u00ec un migliore sviluppo emotivo e fisico.[\/vc_column_text][\/vc_column][\/vc_row][vc_row][vc_column width=&#8221;1\/2&#8243;][vc_column_text woodmart_inline=&#8221;no&#8221; text_larger=&#8221;no&#8221;]<\/p>\n<h3>I nostri vestiti neonato, un impegno per la sostenibilit\u00e0<\/h3>\n<p>Noi di Juliana ci impegniamo non solo per i piccoli che indossano i nostri<strong> capi in maglia<\/strong>, cotone o biologici, ma anche per il mondo che erediteranno. I nostri <strong>vestiti neonato<\/strong> sono prodotti in modo sostenibile, utilizzando pratiche che rispettano l&#8217;ambiente e garantiscono un futuro pi\u00f9 verde.<\/p>\n<p>La sostenibilit\u00e0 nella moda per bambini \u00e8 un aspetto sempre pi\u00f9 importante per l&#8217;industria tessile, in quanto non solo tiene conto della salute e della sicurezza dei pi\u00f9 piccoli, ma si preoccupa anche dell&#8217;ambiente che erediteranno. Questo approccio copre diversi aspetti chiave:<\/p>\n<ol>\n<li><strong>Materiali ecologici:<\/strong> la moda sostenibile per bambini utilizza materiali come il cotone organico, il bamb\u00f9, la lana merino e i coloranti naturali, che sono rinnovabili e biodegradabili. Questi materiali vengono coltivati senza pesticidi nocivi e fertilizzanti chimici, riducendo l&#8217;inquinamento e preservando la qualit\u00e0 del suolo e dell&#8217;acqua.<\/li>\n<li><strong>Processi di produzione responsabili:<\/strong> impieghiamo direttamente o indirettamente metodi di produzione che riducono al minimo gli sprechi di acqua ed energia. Questo include tecniche come l&#8217;uso dell&#8217;energia solare, il riciclo dell&#8217;acqua nel processo di tintura e la riduzione al minimo dei rifiuti tessili attraverso un design efficiente.<\/li>\n<li><strong>Lavoro etico:<\/strong> la sostenibilit\u00e0 implica anche pratiche di lavoro etiche, garantendo che i lavoratori coinvolti nella produzione di abbigliamento per bambini siano pagati in modo equo, lavorino in condizioni sicure e rispettose e godano di diritti lavorativi adeguati.<\/li>\n<li><strong>Durata e longevit\u00e0:<\/strong> gli indumenti progettati secondo criteri sostenibili tendono ad essere di qualit\u00e0 superiore, il che consente loro di durare pi\u00f9 a lungo e di essere ereditati tra fratelli o amici, riducendo la necessit\u00e0 di acquistare sempre nuovi vestiti.<\/li>\n<li><strong>Imballaggio e distribuzione ecologici:<\/strong> utilizziamo imballaggi riciclati o biodegradabili e ottimizziamo la logistica di distribuzione per ridurre l&#8217;impronta di carbonio associata al trasporto dei prodotti.<\/li>\n<\/ol>\n<p>[\/vc_column_text][\/vc_column][vc_column width=&#8221;1\/2&#8243;][vc_single_image image=&#8221;55925&#8243; img_size=&#8221;full&#8221; alignment=&#8221;center&#8221; parallax_scroll=&#8221;no&#8221; woodmart_inline=&#8221;no&#8221;][vc_column_text woodmart_inline=&#8221;no&#8221; text_larger=&#8221;no&#8221;]Promuovere la sostenibilit\u00e0 nella moda per bambini non solo protegge il pianeta, ma educa anche le nuove generazioni all&#8217;importanza di vivere in modo responsabile e rispettoso dell&#8217;ambiente fin dai primi anni di vita.[\/vc_column_text][\/vc_column][\/vc_row][vc_row][vc_column][vc_wp_text]<\/p>\n<p><strong>Potreste essere interessati anche a:<\/strong><\/p>\n<ul>\n<li><a href=\"https:\/\/vistiendobebes.com\/it\/labbigliamento-per-bambini\/\">Abbigliamento bambini spagnolo<\/a><\/li>\n<li><a href=\"https:\/\/vistiendobebes.com\/it\/catalogo\/\">Cataloghi di abbigliamento per bambini<\/a><\/li>\n<li><a href=\"https:\/\/vistiendobebes.com\/it\/negozi\/\">Negozi di abbigliamento bambini<\/a><\/li>\n<li><a href=\"https:\/\/vistiendobebes.com\/it\/lookbook\/\">Fornitori abbigliamento bambini<\/a><\/li>\n<\/ul>\n<p>[\/vc_wp_text][\/vc_column][\/vc_row]<\/p>\n<\/div>","protected":false},"excerpt":{"rendered":"<p>[vc_row][vc_column][vc_single_image image=&#8221;56012&#8243; img_size=&#8221;full&#8221; parallax_scroll=&#8221;no&#8221; woodmart_inline=&#8221;no&#8221;][\/vc_column][\/vc_row][vc_row][vc_column][vc_column_text woodmart_inline=&#8221;no&#8221; text_larger=&#8221;no&#8221;] Neonato abbigliamento Benvenuto nel dolce mondo dei primi giorni di vita, dove ogni<\/p>\n","protected":false},"author":2,"featured_media":56012,"parent":0,"menu_order":0,"comment_status":"closed","ping_status":"closed","template":"","meta":{"footnotes":""},"class_list":["post-56071","page","type-page","status-publish","has-post-thumbnail","hentry"],"yoast_head":"<!-- This site is optimized with the Yoast SEO plugin v27.3 - https:\/\/yoast.com\/product\/yoast-seo-wordpress\/ -->\n<title>Neonato Abbligiamento | Maglieria Bimbo | Juliana<\/title>\n<meta name=\"description\" content=\"Ampia selezione di neonato abbigliamento da Juliana. Modelli unici e confortevoli per i pi\u00f9 piccoli. Specializzati in maglieria bimbo, scopri di pi\u00f9!\" \/>\n<meta name=\"robots\" content=\"index, follow, max-snippet:-1, max-image-preview:large, max-video-preview:-1\" \/>\n<link rel=\"canonical\" href=\"https:\/\/vistiendobebes.com\/it\/vestire-i-sogni-la-magia-dei-vestiti-per-neonati\/\" \/>\n<meta property=\"og:locale\" content=\"it_IT\" \/>\n<meta property=\"og:type\" content=\"article\" \/>\n<meta property=\"og:title\" content=\"Neonato Abbligiamento | Maglieria Bimbo | Juliana\" \/>\n<meta property=\"og:description\" content=\"Ampia selezione di neonato abbigliamento da Juliana. Modelli unici e confortevoli per i pi\u00f9 piccoli. Specializzati in maglieria bimbo, scopri di pi\u00f9!\" \/>\n<meta property=\"og:url\" content=\"https:\/\/vistiendobebes.com\/it\/vestire-i-sogni-la-magia-dei-vestiti-per-neonati\/\" \/>\n<meta property=\"og:site_name\" content=\"Juliana Vistiendo Beb\u00e9s\" \/>\n<meta property=\"article:publisher\" content=\"https:\/\/www.facebook.com\/julianavistiendobebes\" \/>\n<meta property=\"article:modified_time\" content=\"2024-06-03T11:38:26+00:00\" \/>\n<meta property=\"og:image\" content=\"https:\/\/vistiendobebes.com\/wp-content\/uploads\/2024\/04\/cabeceraIT.jpg\" \/>\n\t<meta property=\"og:image:width\" content=\"1920\" \/>\n\t<meta property=\"og:image:height\" content=\"900\" \/>\n\t<meta property=\"og:image:type\" content=\"image\/jpeg\" \/>\n<meta name=\"twitter:card\" content=\"summary_large_image\" \/>\n<meta name=\"twitter:label1\" content=\"Tempo di lettura stimato\" \/>\n\t<meta name=\"twitter:data1\" content=\"9 minuti\" \/>\n<script type=\"application\/ld+json\" class=\"yoast-schema-graph\">{\"@context\":\"https:\\\/\\\/schema.org\",\"@graph\":[{\"@type\":\"WebPage\",\"@id\":\"https:\\\/\\\/vistiendobebes.com\\\/it\\\/vestire-i-sogni-la-magia-dei-vestiti-per-neonati\\\/\",\"url\":\"https:\\\/\\\/vistiendobebes.com\\\/it\\\/vestire-i-sogni-la-magia-dei-vestiti-per-neonati\\\/\",\"name\":\"Neonato Abbligiamento | Maglieria Bimbo | Juliana\",\"isPartOf\":{\"@id\":\"https:\\\/\\\/vistiendobebes.com\\\/it\\\/#website\"},\"primaryImageOfPage\":{\"@id\":\"https:\\\/\\\/vistiendobebes.com\\\/it\\\/vestire-i-sogni-la-magia-dei-vestiti-per-neonati\\\/#primaryimage\"},\"image\":{\"@id\":\"https:\\\/\\\/vistiendobebes.com\\\/it\\\/vestire-i-sogni-la-magia-dei-vestiti-per-neonati\\\/#primaryimage\"},\"thumbnailUrl\":\"https:\\\/\\\/vistiendobebes.com\\\/wp-content\\\/uploads\\\/2024\\\/04\\\/cabeceraIT.jpg\",\"datePublished\":\"2024-04-25T09:08:28+00:00\",\"dateModified\":\"2024-06-03T11:38:26+00:00\",\"description\":\"Ampia selezione di neonato abbigliamento da Juliana. Modelli unici e confortevoli per i pi\u00f9 piccoli. Specializzati in maglieria bimbo, scopri di pi\u00f9!\",\"breadcrumb\":{\"@id\":\"https:\\\/\\\/vistiendobebes.com\\\/it\\\/vestire-i-sogni-la-magia-dei-vestiti-per-neonati\\\/#breadcrumb\"},\"inLanguage\":\"it-IT\",\"potentialAction\":[{\"@type\":\"ReadAction\",\"target\":[\"https:\\\/\\\/vistiendobebes.com\\\/it\\\/vestire-i-sogni-la-magia-dei-vestiti-per-neonati\\\/\"]}]},{\"@type\":\"ImageObject\",\"inLanguage\":\"it-IT\",\"@id\":\"https:\\\/\\\/vistiendobebes.com\\\/it\\\/vestire-i-sogni-la-magia-dei-vestiti-per-neonati\\\/#primaryimage\",\"url\":\"https:\\\/\\\/vistiendobebes.com\\\/wp-content\\\/uploads\\\/2024\\\/04\\\/cabeceraIT.jpg\",\"contentUrl\":\"https:\\\/\\\/vistiendobebes.com\\\/wp-content\\\/uploads\\\/2024\\\/04\\\/cabeceraIT.jpg\",\"width\":1920,\"height\":900,\"caption\":\"vestiti neonato\"},{\"@type\":\"BreadcrumbList\",\"@id\":\"https:\\\/\\\/vistiendobebes.com\\\/it\\\/vestire-i-sogni-la-magia-dei-vestiti-per-neonati\\\/#breadcrumb\",\"itemListElement\":[{\"@type\":\"ListItem\",\"position\":1,\"name\":\"Portada\",\"item\":\"https:\\\/\\\/vistiendobebes.com\\\/it\\\/\"},{\"@type\":\"ListItem\",\"position\":2,\"name\":\"Vestire i sogni: la magia dei vestiti per neonati\"}]},{\"@type\":\"WebSite\",\"@id\":\"https:\\\/\\\/vistiendobebes.com\\\/it\\\/#website\",\"url\":\"https:\\\/\\\/vistiendobebes.com\\\/it\\\/\",\"name\":\"Juliana Vistiendo Beb\u00e9s\",\"description\":\"Marca de moda infantil\",\"publisher\":{\"@id\":\"https:\\\/\\\/vistiendobebes.com\\\/it\\\/#organization\"},\"potentialAction\":[{\"@type\":\"SearchAction\",\"target\":{\"@type\":\"EntryPoint\",\"urlTemplate\":\"https:\\\/\\\/vistiendobebes.com\\\/it\\\/?s={search_term_string}\"},\"query-input\":{\"@type\":\"PropertyValueSpecification\",\"valueRequired\":true,\"valueName\":\"search_term_string\"}}],\"inLanguage\":\"it-IT\"},{\"@type\":\"Organization\",\"@id\":\"https:\\\/\\\/vistiendobebes.com\\\/it\\\/#organization\",\"name\":\"Juliana, Vistiendo Beb\u00e9s\",\"url\":\"https:\\\/\\\/vistiendobebes.com\\\/it\\\/\",\"logo\":{\"@type\":\"ImageObject\",\"inLanguage\":\"it-IT\",\"@id\":\"https:\\\/\\\/vistiendobebes.com\\\/it\\\/#\\\/schema\\\/logo\\\/image\\\/\",\"url\":\"https:\\\/\\\/vistiendobebes.com\\\/wp-content\\\/uploads\\\/2021\\\/07\\\/marca-juliana.png\",\"contentUrl\":\"https:\\\/\\\/vistiendobebes.com\\\/wp-content\\\/uploads\\\/2021\\\/07\\\/marca-juliana.png\",\"width\":909,\"height\":907,\"caption\":\"Juliana, Vistiendo Beb\u00e9s\"},\"image\":{\"@id\":\"https:\\\/\\\/vistiendobebes.com\\\/it\\\/#\\\/schema\\\/logo\\\/image\\\/\"},\"sameAs\":[\"https:\\\/\\\/www.facebook.com\\\/julianavistiendobebes\",\"https:\\\/\\\/www.instagram.com\\\/julianavistiendobebes\\\/\",\"https:\\\/\\\/www.youtube.com\\\/channel\\\/UCHaSPwnyKbcQ1Ppzf2roteA\"]}]}<\/script>\n<!-- \/ Yoast SEO plugin. -->","yoast_head_json":{"title":"Neonato Abbligiamento | Maglieria Bimbo | Juliana","description":"Ampia selezione di neonato abbigliamento da Juliana. Modelli unici e confortevoli per i pi\u00f9 piccoli. Specializzati in maglieria bimbo, scopri di pi\u00f9!","robots":{"index":"index","follow":"follow","max-snippet":"max-snippet:-1","max-image-preview":"max-image-preview:large","max-video-preview":"max-video-preview:-1"},"canonical":"https:\/\/vistiendobebes.com\/it\/vestire-i-sogni-la-magia-dei-vestiti-per-neonati\/","og_locale":"it_IT","og_type":"article","og_title":"Neonato Abbligiamento | Maglieria Bimbo | Juliana","og_description":"Ampia selezione di neonato abbigliamento da Juliana. Modelli unici e confortevoli per i pi\u00f9 piccoli. Specializzati in maglieria bimbo, scopri di pi\u00f9!","og_url":"https:\/\/vistiendobebes.com\/it\/vestire-i-sogni-la-magia-dei-vestiti-per-neonati\/","og_site_name":"Juliana Vistiendo Beb\u00e9s","article_publisher":"https:\/\/www.facebook.com\/julianavistiendobebes","article_modified_time":"2024-06-03T11:38:26+00:00","og_image":[{"width":1920,"height":900,"url":"https:\/\/vistiendobebes.com\/wp-content\/uploads\/2024\/04\/cabeceraIT.jpg","type":"image\/jpeg"}],"twitter_card":"summary_large_image","twitter_misc":{"Tempo di lettura stimato":"9 minuti"},"schema":{"@context":"https:\/\/schema.org","@graph":[{"@type":"WebPage","@id":"https:\/\/vistiendobebes.com\/it\/vestire-i-sogni-la-magia-dei-vestiti-per-neonati\/","url":"https:\/\/vistiendobebes.com\/it\/vestire-i-sogni-la-magia-dei-vestiti-per-neonati\/","name":"Neonato Abbligiamento | Maglieria Bimbo | Juliana","isPartOf":{"@id":"https:\/\/vistiendobebes.com\/it\/#website"},"primaryImageOfPage":{"@id":"https:\/\/vistiendobebes.com\/it\/vestire-i-sogni-la-magia-dei-vestiti-per-neonati\/#primaryimage"},"image":{"@id":"https:\/\/vistiendobebes.com\/it\/vestire-i-sogni-la-magia-dei-vestiti-per-neonati\/#primaryimage"},"thumbnailUrl":"https:\/\/vistiendobebes.com\/wp-content\/uploads\/2024\/04\/cabeceraIT.jpg","datePublished":"2024-04-25T09:08:28+00:00","dateModified":"2024-06-03T11:38:26+00:00","description":"Ampia selezione di neonato abbigliamento da Juliana. Modelli unici e confortevoli per i pi\u00f9 piccoli. Specializzati in maglieria bimbo, scopri di pi\u00f9!","breadcrumb":{"@id":"https:\/\/vistiendobebes.com\/it\/vestire-i-sogni-la-magia-dei-vestiti-per-neonati\/#breadcrumb"},"inLanguage":"it-IT","potentialAction":[{"@type":"ReadAction","target":["https:\/\/vistiendobebes.com\/it\/vestire-i-sogni-la-magia-dei-vestiti-per-neonati\/"]}]},{"@type":"ImageObject","inLanguage":"it-IT","@id":"https:\/\/vistiendobebes.com\/it\/vestire-i-sogni-la-magia-dei-vestiti-per-neonati\/#primaryimage","url":"https:\/\/vistiendobebes.com\/wp-content\/uploads\/2024\/04\/cabeceraIT.jpg","contentUrl":"https:\/\/vistiendobebes.com\/wp-content\/uploads\/2024\/04\/cabeceraIT.jpg","width":1920,"height":900,"caption":"vestiti neonato"},{"@type":"BreadcrumbList","@id":"https:\/\/vistiendobebes.com\/it\/vestire-i-sogni-la-magia-dei-vestiti-per-neonati\/#breadcrumb","itemListElement":[{"@type":"ListItem","position":1,"name":"Portada","item":"https:\/\/vistiendobebes.com\/it\/"},{"@type":"ListItem","position":2,"name":"Vestire i sogni: la magia dei vestiti per neonati"}]},{"@type":"WebSite","@id":"https:\/\/vistiendobebes.com\/it\/#website","url":"https:\/\/vistiendobebes.com\/it\/","name":"Juliana Vistiendo Beb\u00e9s","description":"Marca de moda infantil","publisher":{"@id":"https:\/\/vistiendobebes.com\/it\/#organization"},"potentialAction":[{"@type":"SearchAction","target":{"@type":"EntryPoint","urlTemplate":"https:\/\/vistiendobebes.com\/it\/?s={search_term_string}"},"query-input":{"@type":"PropertyValueSpecification","valueRequired":true,"valueName":"search_term_string"}}],"inLanguage":"it-IT"},{"@type":"Organization","@id":"https:\/\/vistiendobebes.com\/it\/#organization","name":"Juliana, Vistiendo Beb\u00e9s","url":"https:\/\/vistiendobebes.com\/it\/","logo":{"@type":"ImageObject","inLanguage":"it-IT","@id":"https:\/\/vistiendobebes.com\/it\/#\/schema\/logo\/image\/","url":"https:\/\/vistiendobebes.com\/wp-content\/uploads\/2021\/07\/marca-juliana.png","contentUrl":"https:\/\/vistiendobebes.com\/wp-content\/uploads\/2021\/07\/marca-juliana.png","width":909,"height":907,"caption":"Juliana, Vistiendo Beb\u00e9s"},"image":{"@id":"https:\/\/vistiendobebes.com\/it\/#\/schema\/logo\/image\/"},"sameAs":["https:\/\/www.facebook.com\/julianavistiendobebes","https:\/\/www.instagram.com\/julianavistiendobebes\/","https:\/\/www.youtube.com\/channel\/UCHaSPwnyKbcQ1Ppzf2roteA"]}]}},"_links":{"self":[{"href":"https:\/\/vistiendobebes.com\/it\/wp-json\/wp\/v2\/pages\/56071","targetHints":{"allow":["GET"]}}],"collection":[{"href":"https:\/\/vistiendobebes.com\/it\/wp-json\/wp\/v2\/pages"}],"about":[{"href":"https:\/\/vistiendobebes.com\/it\/wp-json\/wp\/v2\/types\/page"}],"author":[{"embeddable":true,"href":"https:\/\/vistiendobebes.com\/it\/wp-json\/wp\/v2\/users\/2"}],"replies":[{"embeddable":true,"href":"https:\/\/vistiendobebes.com\/it\/wp-json\/wp\/v2\/comments?post=56071"}],"version-history":[{"count":0,"href":"https:\/\/vistiendobebes.com\/it\/wp-json\/wp\/v2\/pages\/56071\/revisions"}],"wp:featuredmedia":[{"embeddable":true,"href":"https:\/\/vistiendobebes.com\/it\/wp-json\/wp\/v2\/media\/56012"}],"wp:attachment":[{"href":"https:\/\/vistiendobebes.com\/it\/wp-json\/wp\/v2\/media?parent=56071"}],"curies":[{"name":"wp","href":"https:\/\/api.w.org\/{rel}","templated":true}]}}