{"id":55712,"date":"2024-03-04T20:09:34","date_gmt":"2024-03-04T19:09:34","guid":{"rendered":"https:\/\/vistiendobebes.com\/nota-legale-impronta\/"},"modified":"2024-03-05T09:58:18","modified_gmt":"2024-03-05T08:58:18","slug":"nota-legale-impronta","status":"publish","type":"page","link":"https:\/\/vistiendobebes.com\/it\/nota-legale-impronta\/","title":{"rendered":"Nota legale\/impronta"},"content":{"rendered":"\n<p>Le condizioni riportate nel presente Avviso Legale sono integrative nel caso in cui l&#8217;azienda stabilisca condizioni specifiche per l&#8217;utilizzo e\/o la contrattazione di determinati servizi.<br>1.- UTENTE<br>L&#8217;accesso e\/o l&#8217;utilizzo del Sito Web conferisce la condizione di Utente e accetta, a partire da tale accesso e\/o utilizzo, il presente Avviso Legale.<\/p>\n\n\n\n<p>2.- USO DEL SITO WEB<\/p>\n\n\n\n<p>Il Sito Web pu\u00f2 fornire l&#8217;accesso a una moltitudine di testi, grafici, disegni, progetti, codici, software, fotografie, musica, video, suoni, database, immagini, espressioni e informazioni (di seguito, &#8220;Contenuti&#8221;) appartenenti alla societ\u00e0 o a terzi a cui l&#8217;Utente pu\u00f2 avere accesso.<br>L&#8217;Utente si assume la responsabilit\u00e0 dell&#8217;uso del Sito.<br>L&#8217;Utente si impegna a fare un uso appropriato dei Contenuti e dei servizi offerti attraverso il Sito web e, a titolo esemplificativo ma non esaustivo, a non utilizzarli per:<br>(i) svolgere attivit\u00e0 illecite, illegali o contrarie alla buona fede e all&#8217;ordine pubblico;<br>(ii) causare danni ai sistemi fisici e logici del proprietario del Sito web, dei suoi fornitori o di terzi,<br>(iii) introdurre o diffondere virus informatici o qualsiasi altro sistema fisico o logico che possa causare i suddetti danni.<\/p>\n\n\n\n<p><strong>4.- PROPRIET\u00c0 INTELLETTUALE<\/strong><br>Tutti i diritti di propriet\u00e0 intellettuale del contenuto di questo sito web e del suo design grafico sono di esclusiva propriet\u00e0 di VISTIENDO BEBES SL, di seguito denominata JULIANA\u00ae CIF B46370334, con indirizzo in Calle de Cervantes 115, 46620 Ayora (Valencia). Telefono 962 19 17 86 e indirizzo e-mail info@vistiendobebes.com o dei suoi marchi associati, ed \u00e8 a chi corrisponde l&#8217;esercizio esclusivo dei diritti di sfruttamento degli stessi.<br>Pertanto, e in virt\u00f9 delle disposizioni del Regio Decreto Legislativo 1\/1996, del 12 aprile, che approva il Testo Rivisto della Legge sulla Propriet\u00e0 Intellettuale, nonch\u00e9 della Legge 17\/2001, del 7 dicembre, e del relativo regolamento, del Regio Decreto 306\/2019, del 26 aprile, sui Marchi e della legislazione complementare sulla propriet\u00e0 intellettuale e industriale, \u00e8 vietata la riproduzione, la trasmissione, l&#8217;adattamento, la traduzione, la distribuzione, la comunicazione pubblica, compresa la modalit\u00e0 di messa a disposizione, o qualsiasi altro sfruttamento e\/o modifica, totale o parziale, senza previa autorizzazione esplicita di JULIANA\u00ae, di qualsiasi contenuto incluso nel sito web.<\/p>\n\n\n\n<p>JULIANA\u00ae non concede alcuna licenza o autorizzazione d&#8217;uso di alcun tipo sui propri diritti di propriet\u00e0 intellettuale e industriale o su qualsiasi altra propriet\u00e0 o diritto relativo al sito web, ai servizi o ai contenuti dello stesso.<br>La legittimit\u00e0 dei diritti di propriet\u00e0 intellettuale o industriale corrispondenti ai contenuti forniti dagli utenti \u00e8 di esclusiva responsabilit\u00e0 di questi ultimi, che pertanto manterranno JULIANA\u00ae indenne da qualsiasi rivendicazione di terzi derivante dall&#8217;uso illecito dei contenuti presenti sul sito.<\/p>\n\n\n\n<p><strong>5.- RESPONSABILIT\u00c0 E GARANZIE<\/strong><br>JULIANA\u00ae dichiara di aver adottato le misure necessarie che, nell&#8217;ambito delle proprie possibilit\u00e0 e dello stato della tecnologia, consentono il corretto funzionamento del proprio sito web, nonch\u00e9 l&#8217;assenza di virus e componenti dannosi. Tuttavia, non pu\u00f2 essere ritenuta responsabile per: (a) la continuit\u00e0 e la disponibilit\u00e0 dei contenuti e dei servizi; (b) l&#8217;assenza di virus e\/o altri componenti dannosi; (c) i danni causati da qualsiasi persona che violi i sistemi di sicurezza di questo sito web.<br>JULIANA\u00ae pu\u00f2 sospendere temporaneamente, senza preavviso, l&#8217;accesso al sito web per operazioni di manutenzione, riparazione, aggiornamento o miglioramento. Tuttavia, ogni qualvolta le circostanze lo consentano, JULIANA\u00ae informer\u00e0 l&#8217;utente, con sufficiente preavviso, della data prevista per la sospensione dei servizi.<br>JULIANA\u00ae non si assume alcuna responsabilit\u00e0 per i collegamenti ad altri siti web presenti sul sito, che possono condurre l&#8217;Utente ad altri siti web sui quali non ha alcun controllo, cosicch\u00e9 l&#8217;Utente accede sotto la sua esclusiva responsabilit\u00e0 al contenuto e alle condizioni di utilizzo che li regolano.<br>JULIANA\u00ae non \u00e8 responsabile dell&#8217;uso che gli Utenti possono fare dei Contenuti e dei servizi inclusi nel Sito. Di conseguenza, non garantisce che l&#8217;uso che gli utenti possono fare dei contenuti e dei servizi eventualmente inclusi nel sito web, sia conforme al presente Avviso Legale, n\u00e9 che lo faccia in modo diligente.<\/p>\n\n\n\n<p><strong>6.- DURATA E MODIFICA<\/strong><br>Le condizioni del presente Avviso legale resteranno in vigore fino a quando non saranno modificate; tali modifiche potranno essere apportate e saranno comunicate all&#8217;Utente.<\/p>\n\n\n\n<p>L&#8217;accesso e\/o l&#8217;utilizzo del sito web sar\u00e0 inteso come accettazione da parte dell&#8217;utente delle condizioni del presente Avviso Legale e, se del caso, delle modifiche ad esse apportate.<\/p>\n\n\n\n<p><\/p>\n\n\n","protected":false},"excerpt":{"rendered":"<p>Le condizioni riportate nel presente Avviso Legale sono integrative nel caso in cui l&#8217;azienda stabilisca condizioni specifiche per l&#8217;utilizzo e\/o<\/p>\n","protected":false},"author":2,"featured_media":0,"parent":0,"menu_order":0,"comment_status":"closed","ping_status":"closed","template":"","meta":{"footnotes":""},"class_list":["post-55712","page","type-page","status-publish","hentry"],"yoast_head":"<!-- This site is optimized with the Yoast SEO plugin v27.4 - https:\/\/yoast.com\/product\/yoast-seo-wordpress\/ -->\n<title>Nota legale\/impronta - Juliana Vistiendo Beb\u00e9s<\/title>\n<meta name=\"robots\" content=\"index, follow, max-snippet:-1, max-image-preview:large, max-video-preview:-1\" \/>\n<link rel=\"canonical\" href=\"https:\/\/vistiendobebes.com\/it\/nota-legale-impronta\/\" \/>\n<meta property=\"og:locale\" content=\"it_IT\" \/>\n<meta property=\"og:type\" content=\"article\" \/>\n<meta property=\"og:title\" content=\"Nota legale\/impronta - Juliana Vistiendo Beb\u00e9s\" \/>\n<meta property=\"og:description\" content=\"Le condizioni riportate nel presente Avviso Legale sono integrative nel caso in cui l&#8217;azienda stabilisca condizioni specifiche per l&#8217;utilizzo e\/o\" \/>\n<meta property=\"og:url\" content=\"https:\/\/vistiendobebes.com\/it\/nota-legale-impronta\/\" \/>\n<meta property=\"og:site_name\" content=\"Juliana Vistiendo Beb\u00e9s\" \/>\n<meta property=\"article:publisher\" content=\"https:\/\/www.facebook.com\/julianavistiendobebes\" \/>\n<meta property=\"article:modified_time\" content=\"2024-03-05T08:58:18+00:00\" \/>\n<meta name=\"twitter:card\" content=\"summary_large_image\" \/>\n<meta name=\"twitter:label1\" content=\"Tempo di lettura stimato\" \/>\n\t<meta name=\"twitter:data1\" content=\"3 minuti\" \/>\n<script type=\"application\/ld+json\" class=\"yoast-schema-graph\">{\"@context\":\"https:\\\/\\\/schema.org\",\"@graph\":[{\"@type\":\"WebPage\",\"@id\":\"https:\\\/\\\/vistiendobebes.com\\\/it\\\/nota-legale-impronta\\\/\",\"url\":\"https:\\\/\\\/vistiendobebes.com\\\/it\\\/nota-legale-impronta\\\/\",\"name\":\"Nota legale\\\/impronta - Juliana Vistiendo Beb\u00e9s\",\"isPartOf\":{\"@id\":\"https:\\\/\\\/vistiendobebes.com\\\/it\\\/#website\"},\"datePublished\":\"2024-03-04T19:09:34+00:00\",\"dateModified\":\"2024-03-05T08:58:18+00:00\",\"breadcrumb\":{\"@id\":\"https:\\\/\\\/vistiendobebes.com\\\/it\\\/nota-legale-impronta\\\/#breadcrumb\"},\"inLanguage\":\"it-IT\",\"potentialAction\":[{\"@type\":\"ReadAction\",\"target\":[\"https:\\\/\\\/vistiendobebes.com\\\/it\\\/nota-legale-impronta\\\/\"]}]},{\"@type\":\"BreadcrumbList\",\"@id\":\"https:\\\/\\\/vistiendobebes.com\\\/it\\\/nota-legale-impronta\\\/#breadcrumb\",\"itemListElement\":[{\"@type\":\"ListItem\",\"position\":1,\"name\":\"Portada\",\"item\":\"https:\\\/\\\/vistiendobebes.com\\\/it\\\/\"},{\"@type\":\"ListItem\",\"position\":2,\"name\":\"Nota legale\\\/impronta\"}]},{\"@type\":\"WebSite\",\"@id\":\"https:\\\/\\\/vistiendobebes.com\\\/it\\\/#website\",\"url\":\"https:\\\/\\\/vistiendobebes.com\\\/it\\\/\",\"name\":\"Juliana Vistiendo Beb\u00e9s\",\"description\":\"Marca de moda infantil\",\"publisher\":{\"@id\":\"https:\\\/\\\/vistiendobebes.com\\\/it\\\/#organization\"},\"potentialAction\":[{\"@type\":\"SearchAction\",\"target\":{\"@type\":\"EntryPoint\",\"urlTemplate\":\"https:\\\/\\\/vistiendobebes.com\\\/it\\\/?s={search_term_string}\"},\"query-input\":{\"@type\":\"PropertyValueSpecification\",\"valueRequired\":true,\"valueName\":\"search_term_string\"}}],\"inLanguage\":\"it-IT\"},{\"@type\":\"Organization\",\"@id\":\"https:\\\/\\\/vistiendobebes.com\\\/it\\\/#organization\",\"name\":\"Juliana, Vistiendo Beb\u00e9s\",\"url\":\"https:\\\/\\\/vistiendobebes.com\\\/it\\\/\",\"logo\":{\"@type\":\"ImageObject\",\"inLanguage\":\"it-IT\",\"@id\":\"https:\\\/\\\/vistiendobebes.com\\\/it\\\/#\\\/schema\\\/logo\\\/image\\\/\",\"url\":\"https:\\\/\\\/vistiendobebes.com\\\/wp-content\\\/uploads\\\/2021\\\/07\\\/marca-juliana.png\",\"contentUrl\":\"https:\\\/\\\/vistiendobebes.com\\\/wp-content\\\/uploads\\\/2021\\\/07\\\/marca-juliana.png\",\"width\":909,\"height\":907,\"caption\":\"Juliana, Vistiendo Beb\u00e9s\"},\"image\":{\"@id\":\"https:\\\/\\\/vistiendobebes.com\\\/it\\\/#\\\/schema\\\/logo\\\/image\\\/\"},\"sameAs\":[\"https:\\\/\\\/www.facebook.com\\\/julianavistiendobebes\",\"https:\\\/\\\/www.instagram.com\\\/julianavistiendobebes\\\/\",\"https:\\\/\\\/www.youtube.com\\\/channel\\\/UCHaSPwnyKbcQ1Ppzf2roteA\"]}]}<\/script>\n<!-- \/ Yoast SEO plugin. -->","yoast_head_json":{"title":"Nota legale\/impronta - Juliana Vistiendo Beb\u00e9s","robots":{"index":"index","follow":"follow","max-snippet":"max-snippet:-1","max-image-preview":"max-image-preview:large","max-video-preview":"max-video-preview:-1"},"canonical":"https:\/\/vistiendobebes.com\/it\/nota-legale-impronta\/","og_locale":"it_IT","og_type":"article","og_title":"Nota legale\/impronta - Juliana Vistiendo Beb\u00e9s","og_description":"Le condizioni riportate nel presente Avviso Legale sono integrative nel caso in cui l&#8217;azienda stabilisca condizioni specifiche per l&#8217;utilizzo e\/o","og_url":"https:\/\/vistiendobebes.com\/it\/nota-legale-impronta\/","og_site_name":"Juliana Vistiendo Beb\u00e9s","article_publisher":"https:\/\/www.facebook.com\/julianavistiendobebes","article_modified_time":"2024-03-05T08:58:18+00:00","twitter_card":"summary_large_image","twitter_misc":{"Tempo di lettura stimato":"3 minuti"},"schema":{"@context":"https:\/\/schema.org","@graph":[{"@type":"WebPage","@id":"https:\/\/vistiendobebes.com\/it\/nota-legale-impronta\/","url":"https:\/\/vistiendobebes.com\/it\/nota-legale-impronta\/","name":"Nota legale\/impronta - Juliana Vistiendo Beb\u00e9s","isPartOf":{"@id":"https:\/\/vistiendobebes.com\/it\/#website"},"datePublished":"2024-03-04T19:09:34+00:00","dateModified":"2024-03-05T08:58:18+00:00","breadcrumb":{"@id":"https:\/\/vistiendobebes.com\/it\/nota-legale-impronta\/#breadcrumb"},"inLanguage":"it-IT","potentialAction":[{"@type":"ReadAction","target":["https:\/\/vistiendobebes.com\/it\/nota-legale-impronta\/"]}]},{"@type":"BreadcrumbList","@id":"https:\/\/vistiendobebes.com\/it\/nota-legale-impronta\/#breadcrumb","itemListElement":[{"@type":"ListItem","position":1,"name":"Portada","item":"https:\/\/vistiendobebes.com\/it\/"},{"@type":"ListItem","position":2,"name":"Nota legale\/impronta"}]},{"@type":"WebSite","@id":"https:\/\/vistiendobebes.com\/it\/#website","url":"https:\/\/vistiendobebes.com\/it\/","name":"Juliana Vistiendo Beb\u00e9s","description":"Marca de moda infantil","publisher":{"@id":"https:\/\/vistiendobebes.com\/it\/#organization"},"potentialAction":[{"@type":"SearchAction","target":{"@type":"EntryPoint","urlTemplate":"https:\/\/vistiendobebes.com\/it\/?s={search_term_string}"},"query-input":{"@type":"PropertyValueSpecification","valueRequired":true,"valueName":"search_term_string"}}],"inLanguage":"it-IT"},{"@type":"Organization","@id":"https:\/\/vistiendobebes.com\/it\/#organization","name":"Juliana, Vistiendo Beb\u00e9s","url":"https:\/\/vistiendobebes.com\/it\/","logo":{"@type":"ImageObject","inLanguage":"it-IT","@id":"https:\/\/vistiendobebes.com\/it\/#\/schema\/logo\/image\/","url":"https:\/\/vistiendobebes.com\/wp-content\/uploads\/2021\/07\/marca-juliana.png","contentUrl":"https:\/\/vistiendobebes.com\/wp-content\/uploads\/2021\/07\/marca-juliana.png","width":909,"height":907,"caption":"Juliana, Vistiendo Beb\u00e9s"},"image":{"@id":"https:\/\/vistiendobebes.com\/it\/#\/schema\/logo\/image\/"},"sameAs":["https:\/\/www.facebook.com\/julianavistiendobebes","https:\/\/www.instagram.com\/julianavistiendobebes\/","https:\/\/www.youtube.com\/channel\/UCHaSPwnyKbcQ1Ppzf2roteA"]}]}},"_links":{"self":[{"href":"https:\/\/vistiendobebes.com\/it\/wp-json\/wp\/v2\/pages\/55712","targetHints":{"allow":["GET"]}}],"collection":[{"href":"https:\/\/vistiendobebes.com\/it\/wp-json\/wp\/v2\/pages"}],"about":[{"href":"https:\/\/vistiendobebes.com\/it\/wp-json\/wp\/v2\/types\/page"}],"author":[{"embeddable":true,"href":"https:\/\/vistiendobebes.com\/it\/wp-json\/wp\/v2\/users\/2"}],"replies":[{"embeddable":true,"href":"https:\/\/vistiendobebes.com\/it\/wp-json\/wp\/v2\/comments?post=55712"}],"version-history":[{"count":0,"href":"https:\/\/vistiendobebes.com\/it\/wp-json\/wp\/v2\/pages\/55712\/revisions"}],"wp:attachment":[{"href":"https:\/\/vistiendobebes.com\/it\/wp-json\/wp\/v2\/media?parent=55712"}],"curies":[{"name":"wp","href":"https:\/\/api.w.org\/{rel}","templated":true}]}}