{"id":13652,"date":"2021-08-03T12:50:00","date_gmt":"2021-08-03T10:50:00","guid":{"rendered":"http:\/\/vistiendobebes.fusionartecomunicacion.es\/termini-e-condizioni\/"},"modified":"2022-04-27T12:05:35","modified_gmt":"2022-04-27T10:05:35","slug":"termini-e-condizioni","status":"publish","type":"page","link":"https:\/\/vistiendobebes.com\/it\/termini-e-condizioni\/","title":{"rendered":"Termini e Condizioni"},"content":{"rendered":"\n<!-- This legal document was generated by Complianz Terms &amp; Conditions https:\/\/wordpress.org\/plugins\/complianz-terms-conditions -->\n<div id=\"cmplz-document\" class=\"cmplz-document cmplz-terms-conditions \"><p><i>I termini e le condizioni sono stati aggiornati l'ultima volta il 21 Gennaio 2025<\/i><\/p><h2>1. Introduzione<\/h2><p>Questi Termini e Condizioni si applicano a questo sito web e alle transazioni relative ai nostri prodotti e servizi.&nbsp;Pu\u00f2 essere vincolato da ulteriori contratti relativi alla tua relazione con noi o a qualsiasi prodotto o servizio che ricevi da noi.&nbsp;Se qualsiasi disposizione dei contratti aggiuntivi \u00e8 in conflitto con qualsiasi disposizione di questi Termini, le disposizioni di questi contratti aggiuntivi controlleranno e prevarranno.<\/p><h2>2. Vincolo<\/h2><p>Registrandosi, accedendo o utilizzando in altro modo questo sito web, l'utente accetta di essere vincolato da questi Termini e condizioni di seguito riportati.&nbsp;Il semplice uso di questo sito web implica la conoscenza e l'accettazione di questi termini e condizioni.&nbsp;In alcuni casi particolari, possiamo anche chiederle di acconsentire esplicitamente.<\/p><h2>3. Comunicazione elettronica<\/h2><p>Utilizzando questo sito web o comunicando con noi per via elettronica, lei accetta e riconosce che possiamo comunicare con lei elettronicamente sul nostro sito web o inviandole un'e-mail, e accetta che tutti gli accordi, gli avvisi, le divulgazioni e le altre comunicazioni che le forniamo elettronicamente soddisfino qualsiasi requisito legale, incluso ma non limitato al requisito che tali comunicazioni debbano essere in forma scritta.<\/p><h2>4. Propriet\u00e0 intellettuale<\/h2><p>Noi o i nostri licenziatari possediamo e controlliamo tutti i diritti d'autore e gli altri diritti di propriet\u00e0 intellettuale del sito web e i dati, le informazioni e le altre risorse visualizzate o accessibili all'interno del sito web.<\/p><p class=\"cmplz-subtitle\">4.1 Tutti i diritti sono riservati<\/p><p>A meno che il contenuto specifico non imponga diversamente, all'utente non viene concessa una licenza o qualsiasi altro diritto in base a diritti d'autore, marchi, brevetti o altri diritti di propriet\u00e0 intellettuale.&nbsp;Ci\u00f2 significa che non potrete utilizzare, copiare, riprodurre, eseguire, mostrare, distribuire, incorporare in qualsiasi mezzo elettronico, alterare, decompilare, trasferire, scaricare, trasmettere, monetizzare, vendere o commercializzare qualsiasi risorsa di questo sito web in qualsiasi forma, senza il nostro previo permesso scritto, tranne e solo nella misura in cui sia diversamente stabilito in regolamenti di legge obbligatori (come il diritto di citazione).<\/p><h2>5. Newsletter<\/h2><p>Nonostante quanto sopra, \u00e8 possibile inoltrare la nostra newsletter in forma elettronica ad altre persone che potrebbero essere interessate a visitare il nostro sito web.<\/p><h2>6. Propriet\u00e0 di terzi<\/h2><p>Il nostro sito web pu\u00f2 includere collegamenti ipertestuali o altri riferimenti a siti web di altre parti.&nbsp;Non controlliamo o rivediamo il contenuto dei siti web di altre parti che sono collegati a questo sito web.&nbsp;I prodotti o i servizi offerti da altri siti web sono soggetti ai Termini e Condizioni applicabili di queste terze parti.&nbsp;Le opinioni espresse o il materiale che appare su questi siti web non sono necessariamente condivise o approvate da noi.<\/p><p>Non saremo responsabili delle pratiche di privacy o del contenuto di questi siti.&nbsp;Lei sopporta tutti i rischi associati all'uso di questi siti web e di qualsiasi servizio di terzi collegato.&nbsp;Non accetteremo alcuna responsabilit\u00e0 per eventuali perdite o danni in qualsiasi modo, comunque causati, derivanti dalla vostra divulgazione a terzi di informazioni personali.<\/p><h2>7. Utilizzo responsabile<\/h2><p>Visitando il nostro sito web, l'utente accetta di utilizzarlo solo per gli scopi previsti e come consentito da queste Condizioni, da qualsiasi contratto aggiuntivo con noi, e dalle leggi e dai regolamenti applicabili, nonch\u00e9 dalle pratiche online generalmente accettate e dalle linee guida del settore.&nbsp;Non pu\u00f2 utilizzare il nostro sito web o i nostri servizi per utilizzare, pubblicare o distribuire qualsiasi materiale che consiste in (o \u00e8 collegato a) software per computer dannosi; utilizzare i dati raccolti dal nostro sito web per qualsiasi attivit\u00e0 di marketing diretto, o condurre qualsiasi attivit\u00e0 di raccolta dati sistematica o automatizzata su o in relazione al nostro sito web.<\/p><p>\u00c8 severamente vietato intraprendere qualsiasi attivit\u00e0 che causi, o possa causare, danni al sito web o che interferisca con le prestazioni, la disponibilit\u00e0 o l'accessibilit\u00e0 del sito web.<\/p><h2>8. Registrazione<\/h2><p>Pu\u00f2 registrarsi per un account sul nostro sito web.&nbsp;Durante questo processo, ti potrebbe essere richiesto di scegliere una password.&nbsp;L'utente \u00e8 responsabile del mantenimento della riservatezza delle password e delle informazioni dell'account e accetta di non condividere le sue password, le informazioni dell'account o l'accesso protetto al nostro sito web o ai servizi con altre persone.&nbsp;Lei non deve permettere a nessun'altra persona di usare il suo account per accedere al sito web perch\u00e9 lei \u00e8 responsabile di tutte le attivit\u00e0 che avvengono attraverso l'uso delle sue password o account.&nbsp;Deve informarci immediatamente se viene a conoscenza di qualsiasi divulgazione della sua password.<\/p><p>Dopo la chiusura dell'account, non tenterete di registrare un nuovo account senza il nostro permesso.<\/p><h2>9. Presentazione di idee<\/h2><p>Non presentare idee, invenzioni, opere d'autore o altre informazioni che possono essere considerate propriet\u00e0 intellettuale propria che vorresti presentarci, a meno che non abbiamo prima firmato un accordo sulla propriet\u00e0 intellettuale o un accordo di non divulgazione.&nbsp;Se ce lo riveli in assenza di tale accordo scritto, ci concedi una licenza mondiale, irrevocabile, non esclusiva, priva di royalty per utilizzare, riprodurre, memorizzare, adattare, pubblicare, tradurre e distribuire il tuo contenuto in qualsiasi media esistente o futuro.<\/p><h2>10. Cessazione dell&#039;uso<\/h2><p>Possiamo, a nostra sola discrezione, in qualsiasi momento modificare o interrompere l'accesso, temporaneamente o permanentemente, al sito web o a qualsiasi servizio su di esso.&nbsp;Lei accetta che non saremo responsabili nei Suoi confronti o nei confronti di terzi per qualsiasi modifica, sospensione o interruzione del Suo accesso o uso del sito web o di qualsiasi contenuto che Lei possa aver condiviso sul sito web.&nbsp;Non avr\u00e0 diritto ad alcun indennizzo o altro pagamento, anche se alcune caratteristiche, impostazioni, e\/o qualsiasi Contenuto che lei ha contribuito o su cui ha fatto affidamento, sono permanentemente persi.&nbsp;Non pu\u00f2 eludere o bypassare, o tentare di eludere o bypassare, qualsiasi misura di restrizione di accesso sul nostro sito web.<\/p><h2>11. Garanzie e responsabilit\u00e0<\/h2><p>Niente in questa sezione limiter\u00e0 o escluder\u00e0 qualsiasi garanzia implicita per legge che sarebbe illegale limitare o escludere.&nbsp;Questo sito web e tutti i contenuti del sito web sono forniti su una base \" cos\u00ec com'\u00e8 \" e \" come disponibile \" e possono includere imprecisioni o errori tipografici.&nbsp;Decliniamo espressamente tutte le garanzie di qualsiasi tipo, sia espresse che implicite, per quanto riguarda la disponibilit\u00e0, l'accuratezza o la completezza del Contenuto.&nbsp;Non garantiamo che:<\/p><p><ul>\n                    <li>questo sito web o i nostri contenuti soddisfino le vostre esigenze;<\/li>\n                    <li>questo sito web sar\u00e0 disponibile in modo ininterrotto, tempestivo, sicuro o senza errori<\/li>\n        <\/ul><\/p><p>Nulla di questo sito web costituisce o \u00e8 destinato a costituire una consulenza legale, finanziaria o medica di qualsiasi tipo.&nbsp;Se avete bisogno di consigli dovreste consultare un professionista appropriato.<\/p><p>Le seguenti disposizioni di questa sezione si applicheranno nella misura massima consentita dalla legge applicabile e non limiteranno o escluderanno la nostra responsabilit\u00e0 in relazione a qualsiasi questione che sarebbe illegale o illegale per noi limitare o escludere la nostra responsabilit\u00e0.&nbsp;In nessun caso saremo responsabili per qualsiasi danno diretto o indiretto (compresi i danni per la perdita di profitti o entrate, perdita o corruzione di dati, software o database, o perdita o danno alla propriet\u00e0 o ai dati) sostenuti da voi o da qualsiasi terza parte, derivanti dal vostro accesso o uso del nostro sito web.<\/p><p>Tranne nella misura in cui qualsiasi contratto aggiuntivo dichiara espressamente il contrario, la nostra massima responsabilit\u00e0 nei vostri confronti per tutti i danni derivanti da o relativi al sito web o a qualsiasi prodotto e servizio commercializzato o venduto attraverso il sito web, indipendentemente dalla forma di azione legale che impone la responsabilit\u00e0 (sia nel contratto, equit\u00e0, negligenza, condotta intenzionale, torto o altro) sar\u00e0 limitata al prezzo totale che avete pagato a noi per acquistare tali prodotti o servizi o utilizzare il sito web.&nbsp;Tale limite si applicher\u00e0 nel complesso a tutti i vostri reclami, azioni e cause di azione di ogni tipo e natura.<\/p><h2>12. Privacy<\/h2><p>Per accedere al nostro sito web e\/o ai nostri servizi, ti pu\u00f2 essere richiesto di fornire alcune informazioni su di te come parte del processo di registrazione.&nbsp;L'utente accetta che qualsiasi informazione fornita sia sempre accurata, corretta e aggiornata.<\/p><p>Abbiamo sviluppato una politica per affrontare qualsiasi preoccupazione sulla privacy che potresti avere.&nbsp;For more information, please see our <a href=\"https:\/\/vistiendobebes.com\/declaracion-de-privacidad-ue\/\">Privacy Statement<\/a> and our <a href=\"https:\/\/vistiendobebes.com\/politica-de-cookies-ue\/\">Cookie Policy<\/a>.<\/p><h2>13. Restrizioni all&#039;esportazione \/ Conformit\u00e0 legale<\/h2><p>L'accesso al sito web da territori o paesi in cui il Contenuto o l'acquisto di prodotti o Servizi venduti sul sito web \u00e8 illegale \u00e8 proibito.&nbsp;Non pu\u00f2 utilizzare questo sito web in violazione delle leggi e dei regolamenti sull'esportazione di Spagna.<\/p><h2>14. Assegnazione<\/h2><p>Non pu\u00f2 assegnare, trasferire o subappaltare nessuno dei Suoi diritti e\/o obblighi ai sensi di questi Termini e condizioni, in tutto o in parte, a terzi senza il nostro previo consenso scritto.&nbsp;Qualsiasi presunta assegnazione in violazione di questa Sezione sar\u00e0 nulla.<\/p><h2>15. Violazioni di questi termini e condizioni<\/h2><p>Senza pregiudicare gli altri nostri diritti ai sensi di questi Termini e Condizioni, se l'utente viola questi Termini e Condizioni in qualsiasi modo, possiamo intraprendere le azioni che riteniamo appropriate per affrontare la violazione, compresa la sospensione temporanea o permanente del suo accesso al sito web, contattando il suo provider di servizi Internet per richiedere che blocchi il suo accesso al sito web, e\/o avviare un'azione legale contro l'utente.<\/p><h2>16. Forza maggiore<\/h2><p>Fatta eccezione per gli obblighi di pagare denaro, nessun ritardo, fallimento o omissione da parte di una delle parti di eseguire o osservare uno qualsiasi dei suoi obblighi ai sensi del presente documento sar\u00e0 considerato una violazione di questi Termini e condizioni se e per tutto il tempo in cui tale ritardo, fallimento o omissione deriva da qualsiasi causa al di fuori del ragionevole controllo di quella parte.<\/p><h2>17. Indennizzo<\/h2><p>Lei accetta di indennizzare, difendere e manlevare noi, da e contro qualsiasi reclamo, responsabilit\u00e0, danni, perdite e spese, relative alla sua violazione di questi termini e condizioni, e le leggi applicabili, compresi i diritti di propriet\u00e0 intellettuale e diritti di privacy.&nbsp;Ci rimborser\u00e0 prontamente per i nostri danni, perdite, costi e spese relativi a o derivanti da tali reclami.<\/p><h2>18. Rinuncia<\/h2><p>La mancata applicazione di una qualsiasi delle disposizioni stabilite in questi Termini e Condizioni e in qualsiasi Accordo, o il mancato esercizio di qualsiasi opzione di rescissione, non deve essere interpretata come una rinuncia a tali disposizioni e non pregiudica la validit\u00e0 di questi Termini e Condizioni o di qualsiasi Accordo o parte di esso, o il diritto successivo di applicare ogni singola disposizione.<\/p><h2>19. Lingua<\/h2><p>Questi Termini e Condizioni saranno interpretati e intesi esclusivamente in Inglese, Italiano, Portoghese e  Spagnolo; castigliano.&nbsp;Tutti gli avvisi e la corrispondenza saranno scritti esclusivamente in quella lingua.<\/p><h2>20. Accordo integrale<\/h2><p>These Terms and Conditions, together with our <a href=\"https:\/\/vistiendobebes.com\/declaracion-de-privacidad-ue\/\">privacy statement<\/a> and <a href=\"https:\/\/vistiendobebes.com\/politica-de-cookies-ue\/\">cookie policy<\/a>, constitute the entire agreement between you and Vistiendo beb\u00e9 s.l. in relation to your use of this website.<\/p><h2>21. Aggiornamento di questi termini e condizioni<\/h2><p>Possiamo aggiornare questi Termini e Condizioni di volta in volta.&nbsp;\u00c8 vostro obbligo controllare periodicamente questi Termini e Condizioni per eventuali modifiche o aggiornamenti.&nbsp;La data indicata all'inizio di questi Termini e Condizioni \u00e8 l'ultima data di revisione.&nbsp;Le modifiche a questi Termini e Condizioni diventeranno effettive dal momento in cui tali modifiche saranno pubblicate su questo sito web.&nbsp;L'uso continuato di questo sito web in seguito alla pubblicazione di modifiche o aggiornamenti sar\u00e0 considerato come una notifica della vostra accettazione di rispettare e di essere vincolati da questi Termini e Condizioni.<\/p><h2>22. Scelta della legge e della giurisdizione<\/h2><p>Questi Termini e Condizioni sono regolati dalle leggi di Spagna.&nbsp;Qualsiasi controversia relativa ai presenti Termini e Condizioni sar\u00e0 soggetta alla giurisdizione dei tribunali di Spagna.&nbsp;Se una qualsiasi parte o disposizione di questi Termini e Condizioni \u00e8 ritenuta da un tribunale o da un'altra autorit\u00e0 non valida e\/o inapplicabile ai sensi della legge applicabile, tale parte o disposizione sar\u00e0 modificata, eliminata e\/o applicata nella misura massima consentita in modo da dare effetto all'intento di questi Termini e Condizioni.&nbsp;Le altre disposizioni non saranno interessate.<\/p><h2>23. Informazioni di contatto<\/h2><p>Questo sito web \u00e8 di propriet\u00e0 e gestito da Vistiendo beb\u00e9 s.l..<\/p><p>Puoi contattarci in merito a questi Termini e Condizioni scrivendoci o inviandoci un'e-mail al seguente indirizzo: i&#110;f&#111;&#064;visti&#101;n&#100;obeb&#101;&#115;&#046;&#099;om<br>C\/ Cervantes, 115 \u2013 Ayora 46620, Valencia <\/p><h2>24. Scarica<\/h2><p>You can also <a href=\"https:\/\/vistiendobebes.com\/wp-content\/plugins\/complianz-terms-conditions\/download.php\">download<\/a> our Terms and Conditions as a PDF.<\/p><\/div>\n","protected":false},"excerpt":{"rendered":"I termini e le condizioni sono stati aggiornati l'ultima volta il 21 Gennaio 20251. IntroduzioneQuesti Termini e Condizioni si applicano","protected":false},"author":2,"featured_media":0,"parent":0,"menu_order":0,"comment_status":"closed","ping_status":"closed","template":"","meta":{"footnotes":""},"class_list":["post-13652","page","type-page","status-publish","hentry"],"yoast_head":"<!-- This site is optimized with the Yoast SEO plugin v27.4 - https:\/\/yoast.com\/product\/yoast-seo-wordpress\/ -->\n<title>Termini e Condizioni - Juliana Vistiendo Beb\u00e9s<\/title>\n<meta name=\"robots\" content=\"noindex, follow\" \/>\n<meta property=\"og:locale\" content=\"it_IT\" \/>\n<meta property=\"og:type\" content=\"article\" \/>\n<meta property=\"og:title\" content=\"Termini e Condizioni - Juliana Vistiendo Beb\u00e9s\" \/>\n<meta property=\"og:url\" content=\"https:\/\/vistiendobebes.com\/it\/termini-e-condizioni\/\" \/>\n<meta property=\"og:site_name\" content=\"Juliana Vistiendo Beb\u00e9s\" \/>\n<meta property=\"article:publisher\" content=\"https:\/\/www.facebook.com\/julianavistiendobebes\" \/>\n<meta property=\"article:modified_time\" content=\"2022-04-27T10:05:35+00:00\" \/>\n<meta name=\"twitter:card\" content=\"summary_large_image\" \/>\n<script type=\"application\/ld+json\" class=\"yoast-schema-graph\">{\"@context\":\"https:\\\/\\\/schema.org\",\"@graph\":[{\"@type\":\"WebPage\",\"@id\":\"https:\\\/\\\/vistiendobebes.com\\\/it\\\/termini-e-condizioni\\\/\",\"url\":\"https:\\\/\\\/vistiendobebes.com\\\/it\\\/termini-e-condizioni\\\/\",\"name\":\"Termini e Condizioni - Juliana Vistiendo Beb\u00e9s\",\"isPartOf\":{\"@id\":\"https:\\\/\\\/vistiendobebes.com\\\/it\\\/#website\"},\"datePublished\":\"2021-08-03T10:50:00+00:00\",\"dateModified\":\"2022-04-27T10:05:35+00:00\",\"breadcrumb\":{\"@id\":\"https:\\\/\\\/vistiendobebes.com\\\/it\\\/termini-e-condizioni\\\/#breadcrumb\"},\"inLanguage\":\"it-IT\",\"potentialAction\":[{\"@type\":\"ReadAction\",\"target\":[\"https:\\\/\\\/vistiendobebes.com\\\/it\\\/termini-e-condizioni\\\/\"]}]},{\"@type\":\"BreadcrumbList\",\"@id\":\"https:\\\/\\\/vistiendobebes.com\\\/it\\\/termini-e-condizioni\\\/#breadcrumb\",\"itemListElement\":[{\"@type\":\"ListItem\",\"position\":1,\"name\":\"Portada\",\"item\":\"https:\\\/\\\/vistiendobebes.com\\\/it\\\/\"},{\"@type\":\"ListItem\",\"position\":2,\"name\":\"Termini e Condizioni\"}]},{\"@type\":\"WebSite\",\"@id\":\"https:\\\/\\\/vistiendobebes.com\\\/it\\\/#website\",\"url\":\"https:\\\/\\\/vistiendobebes.com\\\/it\\\/\",\"name\":\"Juliana Vistiendo Beb\u00e9s\",\"description\":\"Marca de moda infantil\",\"publisher\":{\"@id\":\"https:\\\/\\\/vistiendobebes.com\\\/it\\\/#organization\"},\"potentialAction\":[{\"@type\":\"SearchAction\",\"target\":{\"@type\":\"EntryPoint\",\"urlTemplate\":\"https:\\\/\\\/vistiendobebes.com\\\/it\\\/?s={search_term_string}\"},\"query-input\":{\"@type\":\"PropertyValueSpecification\",\"valueRequired\":true,\"valueName\":\"search_term_string\"}}],\"inLanguage\":\"it-IT\"},{\"@type\":\"Organization\",\"@id\":\"https:\\\/\\\/vistiendobebes.com\\\/it\\\/#organization\",\"name\":\"Juliana, Vistiendo Beb\u00e9s\",\"url\":\"https:\\\/\\\/vistiendobebes.com\\\/it\\\/\",\"logo\":{\"@type\":\"ImageObject\",\"inLanguage\":\"it-IT\",\"@id\":\"https:\\\/\\\/vistiendobebes.com\\\/it\\\/#\\\/schema\\\/logo\\\/image\\\/\",\"url\":\"https:\\\/\\\/vistiendobebes.com\\\/wp-content\\\/uploads\\\/2021\\\/07\\\/marca-juliana.png\",\"contentUrl\":\"https:\\\/\\\/vistiendobebes.com\\\/wp-content\\\/uploads\\\/2021\\\/07\\\/marca-juliana.png\",\"width\":909,\"height\":907,\"caption\":\"Juliana, Vistiendo Beb\u00e9s\"},\"image\":{\"@id\":\"https:\\\/\\\/vistiendobebes.com\\\/it\\\/#\\\/schema\\\/logo\\\/image\\\/\"},\"sameAs\":[\"https:\\\/\\\/www.facebook.com\\\/julianavistiendobebes\",\"https:\\\/\\\/www.instagram.com\\\/julianavistiendobebes\\\/\",\"https:\\\/\\\/www.youtube.com\\\/channel\\\/UCHaSPwnyKbcQ1Ppzf2roteA\"]}]}<\/script>\n<!-- \/ Yoast SEO plugin. -->","yoast_head_json":{"title":"Termini e Condizioni - Juliana Vistiendo Beb\u00e9s","robots":{"index":"noindex","follow":"follow"},"og_locale":"it_IT","og_type":"article","og_title":"Termini e Condizioni - Juliana Vistiendo Beb\u00e9s","og_url":"https:\/\/vistiendobebes.com\/it\/termini-e-condizioni\/","og_site_name":"Juliana Vistiendo Beb\u00e9s","article_publisher":"https:\/\/www.facebook.com\/julianavistiendobebes","article_modified_time":"2022-04-27T10:05:35+00:00","twitter_card":"summary_large_image","schema":{"@context":"https:\/\/schema.org","@graph":[{"@type":"WebPage","@id":"https:\/\/vistiendobebes.com\/it\/termini-e-condizioni\/","url":"https:\/\/vistiendobebes.com\/it\/termini-e-condizioni\/","name":"Termini e Condizioni - Juliana Vistiendo Beb\u00e9s","isPartOf":{"@id":"https:\/\/vistiendobebes.com\/it\/#website"},"datePublished":"2021-08-03T10:50:00+00:00","dateModified":"2022-04-27T10:05:35+00:00","breadcrumb":{"@id":"https:\/\/vistiendobebes.com\/it\/termini-e-condizioni\/#breadcrumb"},"inLanguage":"it-IT","potentialAction":[{"@type":"ReadAction","target":["https:\/\/vistiendobebes.com\/it\/termini-e-condizioni\/"]}]},{"@type":"BreadcrumbList","@id":"https:\/\/vistiendobebes.com\/it\/termini-e-condizioni\/#breadcrumb","itemListElement":[{"@type":"ListItem","position":1,"name":"Portada","item":"https:\/\/vistiendobebes.com\/it\/"},{"@type":"ListItem","position":2,"name":"Termini e Condizioni"}]},{"@type":"WebSite","@id":"https:\/\/vistiendobebes.com\/it\/#website","url":"https:\/\/vistiendobebes.com\/it\/","name":"Juliana Vistiendo Beb\u00e9s","description":"Marca de moda infantil","publisher":{"@id":"https:\/\/vistiendobebes.com\/it\/#organization"},"potentialAction":[{"@type":"SearchAction","target":{"@type":"EntryPoint","urlTemplate":"https:\/\/vistiendobebes.com\/it\/?s={search_term_string}"},"query-input":{"@type":"PropertyValueSpecification","valueRequired":true,"valueName":"search_term_string"}}],"inLanguage":"it-IT"},{"@type":"Organization","@id":"https:\/\/vistiendobebes.com\/it\/#organization","name":"Juliana, Vistiendo Beb\u00e9s","url":"https:\/\/vistiendobebes.com\/it\/","logo":{"@type":"ImageObject","inLanguage":"it-IT","@id":"https:\/\/vistiendobebes.com\/it\/#\/schema\/logo\/image\/","url":"https:\/\/vistiendobebes.com\/wp-content\/uploads\/2021\/07\/marca-juliana.png","contentUrl":"https:\/\/vistiendobebes.com\/wp-content\/uploads\/2021\/07\/marca-juliana.png","width":909,"height":907,"caption":"Juliana, Vistiendo Beb\u00e9s"},"image":{"@id":"https:\/\/vistiendobebes.com\/it\/#\/schema\/logo\/image\/"},"sameAs":["https:\/\/www.facebook.com\/julianavistiendobebes","https:\/\/www.instagram.com\/julianavistiendobebes\/","https:\/\/www.youtube.com\/channel\/UCHaSPwnyKbcQ1Ppzf2roteA"]}]}},"_links":{"self":[{"href":"https:\/\/vistiendobebes.com\/it\/wp-json\/wp\/v2\/pages\/13652","targetHints":{"allow":["GET"]}}],"collection":[{"href":"https:\/\/vistiendobebes.com\/it\/wp-json\/wp\/v2\/pages"}],"about":[{"href":"https:\/\/vistiendobebes.com\/it\/wp-json\/wp\/v2\/types\/page"}],"author":[{"embeddable":true,"href":"https:\/\/vistiendobebes.com\/it\/wp-json\/wp\/v2\/users\/2"}],"replies":[{"embeddable":true,"href":"https:\/\/vistiendobebes.com\/it\/wp-json\/wp\/v2\/comments?post=13652"}],"version-history":[{"count":0,"href":"https:\/\/vistiendobebes.com\/it\/wp-json\/wp\/v2\/pages\/13652\/revisions"}],"wp:attachment":[{"href":"https:\/\/vistiendobebes.com\/it\/wp-json\/wp\/v2\/media?parent=13652"}],"curies":[{"name":"wp","href":"https:\/\/api.w.org\/{rel}","templated":true}]}}